{"id":998,"date":"2019-07-24T00:08:11","date_gmt":"2019-07-23T22:08:11","guid":{"rendered":"http:\/\/martytatoo.paris\/?page_id=998"},"modified":"2024-12-16T12:41:06","modified_gmt":"2024-12-16T11:41:06","slug":"martytatoo-fait-son-cinema","status":"publish","type":"page","link":"https:\/\/pierre-delaunay.fr\/marty-tatoo\/martytatoo-fait-son-cinema\/","title":{"rendered":"Cin\u00e9ma &#038; Pub"},"content":{"rendered":"<div class=\"wpb-content-wrapper\"><p>[vc_row equal_height=\u00a0\u00bb\u00a0\u00bb font_color=\u00a0\u00bbdark\u00a0\u00bb shift_y=\u00a0\u00bb0&Prime; z_index=\u00a0\u00bb0&Prime;][vc_column width=\u00a0\u00bb2\/3&Prime;][vc_column_text inline_style=\u00a0\u00bbtext-align: justify; line-height: 2;margin-top: -2em;\u00a0\u00bb]<\/p>\n<h5>Martytatoo fait son cin\u00e9ma !&#8230;<\/h5>\n<p>Depuis des ann\u00e9es, de nombreuses productions font appel \u00e0 nous pour r\u00e9aliser des faux tatouages, que ce soit pour des longs m\u00e9trages, courts m\u00e9trages, le th\u00e9\u00e2tre ou des clips vid\u00e9o.Toute exp\u00e9rience et nouvelle aventure est toujours la bienvenue ! Nos artistes en tatouage \u00e9ph\u00e9m\u00e8re sont \u00e0 votre service pour r\u00e9aliser tout type d&rsquo;effets et dans le style que vous souhaitez. Nous avons une forte demande en tatouage \u00e9ph\u00e9m\u00e8re jagua qui par son aspect noir bleut\u00e9 ressemble \u00e0 s&rsquo;y m\u00e9prendre \u00e0 de vrais tatouages&#8230; Tous nos tatouages \u00e9ph\u00e9m\u00e8res sont r\u00e9alis\u00e9s avec des mati\u00e8res professionnelles en conformit\u00e9 avec la l\u00e9gislation fran\u00e7aise.<strong><span style=\"color: #999999;\">\u00a0<span style=\"color: #666699;\"><span style=\"color: #808080;\">Effet bluffant garanti en plan serr\u00e9!&#8230;<\/span> <\/span><\/span>\u00a0<\/strong><\/p>\n<h6 style=\"text-align: center;\"><strong><span style=\"color: #808080;\">Silence! On tourne&#8230;\u00a0<\/span>\u00a0<\/strong><\/h6>\n<p>[\/vc_column_text][\/vc_column][vc_column width=\u00a0\u00bb1\/3&Prime;][vc_single_image image=\u00a0\u00bb5538&Prime;][\/vc_column][\/vc_row][vc_row][vc_column][vc_gallery type=\u00a0\u00bbcarousel\u00a0\u00bb img_size=\u00a0\u00bb300&#215;537&Prime; slides_per_view=\u00a0\u00bb4&Prime; images=\u00a0\u00bb5961,6084,5539,6091,5540,6086,6064,6067,6065,6061,5964,6094,5965,6071,6072,6079,6154,6146,6147,6062,6087,5968,6153,6074,6151,6150,6177,6156,6099,6100,6161,6097&Prime;][\/vc_column][\/vc_row]<\/p>\n<\/div>","protected":false},"excerpt":{"rendered":"<p>[vc_row equal_height=\u00a0\u00bb\u00a0\u00bb font_color=\u00a0\u00bbdark\u00a0\u00bb shift_y=\u00a0\u00bb0&Prime; z_index=\u00a0\u00bb0&Prime;][vc_column width=\u00a0\u00bb2\/3&Prime;][vc_column_text inline_style=\u00a0\u00bbtext-align: justify; line-height: 2;margin-top: -2em;\u00a0\u00bb] Martytatoo fait son cin\u00e9ma !&#8230; Depuis des ann\u00e9es, de nombreuses productions font appel \u00e0 nous pour r\u00e9aliser des faux tatouages, que ce soit pour des longs m\u00e9trages, courts m\u00e9trages, le th\u00e9\u00e2tre ou des clips vid\u00e9o.Toute exp\u00e9rience et nouvelle aventure est toujours la bienvenue !&#8230;<\/p>\n<p><a rel=\"bookmark\" class=\"tattoopress-button-text wvc-button wvc-button-size-sm\" href=\"https:\/\/pierre-delaunay.fr\/marty-tatoo\/martytatoo-fait-son-cinema\/\"><small class=\"wvc-button-background-fill\"><\/small><span>continue reading<\/span><\/a><\/p>\n","protected":false},"author":1,"featured_media":0,"parent":0,"menu_order":0,"comment_status":"closed","ping_status":"closed","template":"","meta":{"footnotes":""},"class_list":{"0":"post-998","1":"page","2":"type-page","3":"status-publish","4":"hentry","5":"entry","6":"clearfix","7":"entry-grid","8":"entry-columns-default","9":"entry-page-module-layout-standard","10":"no-post-thumbnail","11":"entry-page","13":"entry-page-grid"},"yoast_head":"<!-- This site is optimized with the Yoast SEO plugin v24.1 - https:\/\/yoast.com\/wordpress\/plugins\/seo\/ -->\n<title>Cin\u00e9ma &amp; Pub - Marty Tatoo<\/title>\n<meta name=\"robots\" content=\"noindex, follow, max-snippet:-1, max-image-preview:large, max-video-preview:-1\" \/>\n<meta property=\"og:locale\" content=\"fr_FR\" \/>\n<meta property=\"og:type\" content=\"article\" \/>\n<meta property=\"og:title\" content=\"Cin\u00e9ma &amp; Pub - Marty Tatoo\" \/>\n<meta property=\"og:description\" content=\"[vc_row equal_height=\u00a0\u00bb\u00a0\u00bb font_color=\u00a0\u00bbdark\u00a0\u00bb shift_y=\u00a0\u00bb0&Prime; z_index=\u00a0\u00bb0&Prime;][vc_column width=\u00a0\u00bb2\/3&Prime;][vc_column_text inline_style=\u00a0\u00bbtext-align: justify; line-height: 2;margin-top: -2em;\u00a0\u00bb] Martytatoo fait son cin\u00e9ma !&#8230; Depuis des ann\u00e9es, de nombreuses productions font appel \u00e0 nous pour r\u00e9aliser des faux tatouages, que ce soit pour des longs m\u00e9trages, courts m\u00e9trages, le th\u00e9\u00e2tre ou des clips vid\u00e9o.Toute exp\u00e9rience et nouvelle aventure est toujours la bienvenue !...continue reading\" \/>\n<meta property=\"og:url\" content=\"https:\/\/pierre-delaunay.fr\/marty-tatoo\/martytatoo-fait-son-cinema\/\" \/>\n<meta property=\"og:site_name\" content=\"Marty Tatoo\" \/>\n<meta property=\"article:publisher\" content=\"https:\/\/fr-fr.facebook.com\/AtelierMartyTatoo\/\" \/>\n<meta property=\"article:modified_time\" content=\"2024-12-16T11:41:06+00:00\" \/>\n<meta name=\"twitter:card\" content=\"summary_large_image\" \/>\n<meta name=\"twitter:label1\" content=\"Dur\u00e9e de lecture estim\u00e9e\" \/>\n\t<meta name=\"twitter:data1\" content=\"1 minute\" \/>\n<script type=\"application\/ld+json\" class=\"yoast-schema-graph\">{\"@context\":\"https:\/\/schema.org\",\"@graph\":[{\"@type\":\"WebPage\",\"@id\":\"https:\/\/pierre-delaunay.fr\/marty-tatoo\/martytatoo-fait-son-cinema\/\",\"url\":\"https:\/\/pierre-delaunay.fr\/marty-tatoo\/martytatoo-fait-son-cinema\/\",\"name\":\"Cin\u00e9ma & Pub - Marty Tatoo\",\"isPartOf\":{\"@id\":\"https:\/\/pierre-delaunay.fr\/marty-tatoo\/#website\"},\"datePublished\":\"2019-07-23T22:08:11+00:00\",\"dateModified\":\"2024-12-16T11:41:06+00:00\",\"breadcrumb\":{\"@id\":\"https:\/\/pierre-delaunay.fr\/marty-tatoo\/martytatoo-fait-son-cinema\/#breadcrumb\"},\"inLanguage\":\"fr-FR\",\"potentialAction\":[{\"@type\":\"ReadAction\",\"target\":[\"https:\/\/pierre-delaunay.fr\/marty-tatoo\/martytatoo-fait-son-cinema\/\"]}]},{\"@type\":\"BreadcrumbList\",\"@id\":\"https:\/\/pierre-delaunay.fr\/marty-tatoo\/martytatoo-fait-son-cinema\/#breadcrumb\",\"itemListElement\":[{\"@type\":\"ListItem\",\"position\":1,\"name\":\"Accueil\",\"item\":\"https:\/\/pierre-delaunay.fr\/marty-tatoo\/\"},{\"@type\":\"ListItem\",\"position\":2,\"name\":\"Cin\u00e9ma &#038; Pub\"}]},{\"@type\":\"WebSite\",\"@id\":\"https:\/\/pierre-delaunay.fr\/marty-tatoo\/#website\",\"url\":\"https:\/\/pierre-delaunay.fr\/marty-tatoo\/\",\"name\":\"Marty Tatoo\",\"description\":\"PARIS\",\"publisher\":{\"@id\":\"https:\/\/pierre-delaunay.fr\/marty-tatoo\/#organization\"},\"potentialAction\":[{\"@type\":\"SearchAction\",\"target\":{\"@type\":\"EntryPoint\",\"urlTemplate\":\"https:\/\/pierre-delaunay.fr\/marty-tatoo\/?s={search_term_string}\"},\"query-input\":{\"@type\":\"PropertyValueSpecification\",\"valueRequired\":true,\"valueName\":\"search_term_string\"}}],\"inLanguage\":\"fr-FR\"},{\"@type\":\"Organization\",\"@id\":\"https:\/\/pierre-delaunay.fr\/marty-tatoo\/#organization\",\"name\":\"Marty Tatoo\",\"url\":\"https:\/\/pierre-delaunay.fr\/marty-tatoo\/\",\"logo\":{\"@type\":\"ImageObject\",\"inLanguage\":\"fr-FR\",\"@id\":\"https:\/\/pierre-delaunay.fr\/marty-tatoo\/#\/schema\/logo\/image\/\",\"url\":\"https:\/\/pierre-delaunay.fr\/marty-tatoo\/wp-content\/uploads\/logo-plien-png.png\",\"contentUrl\":\"https:\/\/pierre-delaunay.fr\/marty-tatoo\/wp-content\/uploads\/logo-plien-png.png\",\"width\":154,\"height\":150,\"caption\":\"Marty Tatoo\"},\"image\":{\"@id\":\"https:\/\/pierre-delaunay.fr\/marty-tatoo\/#\/schema\/logo\/image\/\"},\"sameAs\":[\"https:\/\/fr-fr.facebook.com\/AtelierMartyTatoo\/\",\"https:\/\/www.instagram.com\/martytatoo_officiel\/\"]}]}<\/script>\n<!-- \/ Yoast SEO plugin. -->","yoast_head_json":{"title":"Cin\u00e9ma & Pub - Marty Tatoo","robots":{"index":"noindex","follow":"follow","max-snippet":"max-snippet:-1","max-image-preview":"max-image-preview:large","max-video-preview":"max-video-preview:-1"},"og_locale":"fr_FR","og_type":"article","og_title":"Cin\u00e9ma & Pub - Marty Tatoo","og_description":"[vc_row equal_height=\u00a0\u00bb\u00a0\u00bb font_color=\u00a0\u00bbdark\u00a0\u00bb shift_y=\u00a0\u00bb0&Prime; z_index=\u00a0\u00bb0&Prime;][vc_column width=\u00a0\u00bb2\/3&Prime;][vc_column_text inline_style=\u00a0\u00bbtext-align: justify; line-height: 2;margin-top: -2em;\u00a0\u00bb] Martytatoo fait son cin\u00e9ma !&#8230; Depuis des ann\u00e9es, de nombreuses productions font appel \u00e0 nous pour r\u00e9aliser des faux tatouages, que ce soit pour des longs m\u00e9trages, courts m\u00e9trages, le th\u00e9\u00e2tre ou des clips vid\u00e9o.Toute exp\u00e9rience et nouvelle aventure est toujours la bienvenue !...continue reading","og_url":"https:\/\/pierre-delaunay.fr\/marty-tatoo\/martytatoo-fait-son-cinema\/","og_site_name":"Marty Tatoo","article_publisher":"https:\/\/fr-fr.facebook.com\/AtelierMartyTatoo\/","article_modified_time":"2024-12-16T11:41:06+00:00","twitter_card":"summary_large_image","twitter_misc":{"Dur\u00e9e de lecture estim\u00e9e":"1 minute"},"schema":{"@context":"https:\/\/schema.org","@graph":[{"@type":"WebPage","@id":"https:\/\/pierre-delaunay.fr\/marty-tatoo\/martytatoo-fait-son-cinema\/","url":"https:\/\/pierre-delaunay.fr\/marty-tatoo\/martytatoo-fait-son-cinema\/","name":"Cin\u00e9ma & Pub - Marty Tatoo","isPartOf":{"@id":"https:\/\/pierre-delaunay.fr\/marty-tatoo\/#website"},"datePublished":"2019-07-23T22:08:11+00:00","dateModified":"2024-12-16T11:41:06+00:00","breadcrumb":{"@id":"https:\/\/pierre-delaunay.fr\/marty-tatoo\/martytatoo-fait-son-cinema\/#breadcrumb"},"inLanguage":"fr-FR","potentialAction":[{"@type":"ReadAction","target":["https:\/\/pierre-delaunay.fr\/marty-tatoo\/martytatoo-fait-son-cinema\/"]}]},{"@type":"BreadcrumbList","@id":"https:\/\/pierre-delaunay.fr\/marty-tatoo\/martytatoo-fait-son-cinema\/#breadcrumb","itemListElement":[{"@type":"ListItem","position":1,"name":"Accueil","item":"https:\/\/pierre-delaunay.fr\/marty-tatoo\/"},{"@type":"ListItem","position":2,"name":"Cin\u00e9ma &#038; Pub"}]},{"@type":"WebSite","@id":"https:\/\/pierre-delaunay.fr\/marty-tatoo\/#website","url":"https:\/\/pierre-delaunay.fr\/marty-tatoo\/","name":"Marty Tatoo","description":"PARIS","publisher":{"@id":"https:\/\/pierre-delaunay.fr\/marty-tatoo\/#organization"},"potentialAction":[{"@type":"SearchAction","target":{"@type":"EntryPoint","urlTemplate":"https:\/\/pierre-delaunay.fr\/marty-tatoo\/?s={search_term_string}"},"query-input":{"@type":"PropertyValueSpecification","valueRequired":true,"valueName":"search_term_string"}}],"inLanguage":"fr-FR"},{"@type":"Organization","@id":"https:\/\/pierre-delaunay.fr\/marty-tatoo\/#organization","name":"Marty Tatoo","url":"https:\/\/pierre-delaunay.fr\/marty-tatoo\/","logo":{"@type":"ImageObject","inLanguage":"fr-FR","@id":"https:\/\/pierre-delaunay.fr\/marty-tatoo\/#\/schema\/logo\/image\/","url":"https:\/\/pierre-delaunay.fr\/marty-tatoo\/wp-content\/uploads\/logo-plien-png.png","contentUrl":"https:\/\/pierre-delaunay.fr\/marty-tatoo\/wp-content\/uploads\/logo-plien-png.png","width":154,"height":150,"caption":"Marty Tatoo"},"image":{"@id":"https:\/\/pierre-delaunay.fr\/marty-tatoo\/#\/schema\/logo\/image\/"},"sameAs":["https:\/\/fr-fr.facebook.com\/AtelierMartyTatoo\/","https:\/\/www.instagram.com\/martytatoo_officiel\/"]}]}},"_links":{"self":[{"href":"https:\/\/pierre-delaunay.fr\/marty-tatoo\/wp-json\/wp\/v2\/pages\/998","targetHints":{"allow":["GET"]}}],"collection":[{"href":"https:\/\/pierre-delaunay.fr\/marty-tatoo\/wp-json\/wp\/v2\/pages"}],"about":[{"href":"https:\/\/pierre-delaunay.fr\/marty-tatoo\/wp-json\/wp\/v2\/types\/page"}],"author":[{"embeddable":true,"href":"https:\/\/pierre-delaunay.fr\/marty-tatoo\/wp-json\/wp\/v2\/users\/1"}],"replies":[{"embeddable":true,"href":"https:\/\/pierre-delaunay.fr\/marty-tatoo\/wp-json\/wp\/v2\/comments?post=998"}],"version-history":[{"count":56,"href":"https:\/\/pierre-delaunay.fr\/marty-tatoo\/wp-json\/wp\/v2\/pages\/998\/revisions"}],"predecessor-version":[{"id":24051,"href":"https:\/\/pierre-delaunay.fr\/marty-tatoo\/wp-json\/wp\/v2\/pages\/998\/revisions\/24051"}],"wp:attachment":[{"href":"https:\/\/pierre-delaunay.fr\/marty-tatoo\/wp-json\/wp\/v2\/media?parent=998"}],"curies":[{"name":"wp","href":"https:\/\/api.w.org\/{rel}","templated":true}]}}