{"id":610,"date":"2018-02-25T09:03:22","date_gmt":"2018-02-25T08:03:22","guid":{"rendered":"http:\/\/martytatoo.paris\/?page_id=610"},"modified":"2024-12-16T10:13:36","modified_gmt":"2024-12-16T09:13:36","slug":"les-trois-types-de-tatouages","status":"publish","type":"page","link":"https:\/\/pierre-delaunay.fr\/marty-tatoo\/les-trois-types-de-tatouages\/","title":{"rendered":"Les 3 types de tatouages"},"content":{"rendered":"<div class=\"wpb-content-wrapper\"><p>[vc_row equal_height=\u00a0\u00bb\u00a0\u00bb font_color=\u00a0\u00bbdark\u00a0\u00bb shift_y=\u00a0\u00bb0&Prime; z_index=\u00a0\u00bb0&Prime;][vc_column][vc_custom_heading text=\u00a0\u00bbLE TATOUAGE VIT EN TOUTE LIBERTE&#8230;\u00a0\u00bb font_size=\u00a0\u00bb72&Prime; font_weight=\u00a0\u00bb400&Prime; letter_spacing=\u00a0\u00bb0&Prime;][\/vc_column][\/vc_row][vc_row equal_height=\u00a0\u00bb\u00a0\u00bb font_color=\u00a0\u00bbdark\u00a0\u00bb shift_y=\u00a0\u00bb0&Prime; z_index=\u00a0\u00bb0&Prime;][vc_column][vc_single_image image=\u00a0\u00bb611&Prime; img_size=\u00a0\u00bbfull\u00a0\u00bb full_width=\u00a0\u00bb\u00a0\u00bb onclick=\u00a0\u00bblightbox\u00a0\u00bb opacity=\u00a0\u00bb100&Prime; full_size=\u00a0\u00bb1&Prime;][vc_column_text inline_style=\u00a0\u00bbtext-align: justify; line-height: 2;margin-top: 25px;\u00a0\u00bb]Nous vous proposons une <strong>grande vari\u00e9t\u00e9 de tatouages \u00e9ph\u00e9m\u00e8res<\/strong>. Ceux que vous connaissez peut-\u00eatre d\u00e9j\u00e0, et ceux que nous avons innov\u00e9\u2026 mat, brillant, <a href=\"http:\/\/martytatoo.paris\/tatouage-black-light\/\">phosphorescent<\/a>, etc\u2026 D\u2019un tr\u00e8s bel effet.<\/p>\n<p>Vous m\u00fbrissez l\u2019id\u00e9e de votre futur tatouage, mais la taille et l\u2019endroit n\u2019est pas encore d\u00e9cid\u00e9. Le <a href=\"http:\/\/martytatoo.paris\/tatouage-encre-australienne\/\">tatouage \u00e0 l\u2019encre australienne<\/a> noir mat pour 4 \u00e0 5 jours confortera votre d\u00e9cision ou vous donnera pour quelques jours l\u2019illusion d\u2019\u00eatre vraiment tatou\u00e9, ou le <a href=\"http:\/\/martytatoo.paris\/tatouage-jagua\/\">tatouage au Jagua<\/a> d\u2019un noir bleut\u00e9 pour 8 \u00e0 15 jours d\u2019un tr\u00e8s bel effet vrai tatouage.<\/p>\n<p>D\u00e9couvrez nos tatouages <strong>\u00e9ph\u00e9m\u00e8res<\/strong> :<\/p>\n<ul>\n<li><a href=\"http:\/\/martytatoo.paris\/tatouage-jagua\/\">Jagua<\/a>,<\/li>\n<li><a href=\"http:\/\/martytatoo.paris\/tatouage-hengua\/\">Hengua<\/a>,<\/li>\n<li><a href=\"http:\/\/martytatoo.paris\/tatouage-encre-australienne\/\">Encre Australienne<\/a>,<\/li>\n<li><a href=\"http:\/\/martytatoo.paris\/tatouage-acrylica\/\">Acrylica<\/a>,<\/li>\n<li><a href=\"http:\/\/martytatoo.paris\/tatouage-bijou\/\">Bijou<\/a>,<\/li>\n<li><a href=\"http:\/\/martytatoo.paris\/tatouage-poudre-de-diamant\/\">Poudre de diamant<\/a>,<\/li>\n<li><a href=\"http:\/\/martytatoo.paris\/tatouage-black-light\/\">Black Light.<\/a><\/li>\n<\/ul>\n<p>[\/vc_column_text][vc_cta h2=\u00a0\u00bbN&rsquo;h\u00e9sitez pas \u00e0 demander un conseil\u00a0\u00bb font_size=\u00a0\u00bb22&Prime; btn_button_type=\u00a0\u00bbtattoopress-button-solid-accent\u00a0\u00bb btn_title=\u00a0\u00bbContact\u00a0\u00bb btn_font_weight=\u00a0\u00bb700&Prime; url=\u00a0\u00bbhttp:\/\/martytatoo.paris\/contact\/\u00a0\u00bb btn_link=\u00a0\u00bburl:https%3A%2F%2Fpierre-delaunay.fr%2Fmarty-tatoo%2Fcontact%2F|title:Contact\u00a0\u00bb][\/vc_column][\/vc_row]<\/p>\n<\/div>","protected":false},"excerpt":{"rendered":"<p>[vc_row equal_height=\u00a0\u00bb\u00a0\u00bb font_color=\u00a0\u00bbdark\u00a0\u00bb shift_y=\u00a0\u00bb0&Prime; z_index=\u00a0\u00bb0&Prime;][vc_column][vc_custom_heading text=\u00a0\u00bbLE TATOUAGE VIT EN TOUTE LIBERTE&#8230;\u00a0\u00bb font_size=\u00a0\u00bb72&Prime; font_weight=\u00a0\u00bb400&Prime; letter_spacing=\u00a0\u00bb0&Prime;][\/vc_column][\/vc_row][vc_row equal_height=\u00a0\u00bb\u00a0\u00bb font_color=\u00a0\u00bbdark\u00a0\u00bb shift_y=\u00a0\u00bb0&Prime; z_index=\u00a0\u00bb0&Prime;][vc_column][vc_single_image image=\u00a0\u00bb611&Prime; img_size=\u00a0\u00bbfull\u00a0\u00bb full_width=\u00a0\u00bb\u00a0\u00bb onclick=\u00a0\u00bblightbox\u00a0\u00bb opacity=\u00a0\u00bb100&Prime; full_size=\u00a0\u00bb1&Prime;][vc_column_text inline_style=\u00a0\u00bbtext-align: justify; line-height: 2;margin-top: 25px;\u00a0\u00bb]Nous vous proposons une grande vari\u00e9t\u00e9 de tatouages \u00e9ph\u00e9m\u00e8res. Ceux que vous connaissez peut-\u00eatre d\u00e9j\u00e0, et ceux que nous avons innov\u00e9\u2026 mat, brillant, phosphorescent, etc\u2026 D\u2019un tr\u00e8s&#8230;<\/p>\n<p><a rel=\"bookmark\" class=\"tattoopress-button-text wvc-button wvc-button-size-sm\" href=\"https:\/\/pierre-delaunay.fr\/marty-tatoo\/les-trois-types-de-tatouages\/\"><small class=\"wvc-button-background-fill\"><\/small><span>continue reading<\/span><\/a><\/p>\n","protected":false},"author":1,"featured_media":0,"parent":0,"menu_order":0,"comment_status":"closed","ping_status":"closed","template":"","meta":{"footnotes":""},"class_list":{"0":"post-610","1":"page","2":"type-page","3":"status-publish","4":"hentry","5":"entry","6":"clearfix","7":"entry-grid","8":"entry-columns-default","9":"entry-page-module-layout-standard","10":"no-post-thumbnail","11":"entry-page","13":"entry-page-grid"},"yoast_head":"<!-- This site is optimized with the Yoast SEO plugin v24.1 - https:\/\/yoast.com\/wordpress\/plugins\/seo\/ -->\n<title>Les 3 types de tatouages - Marty Tatoo<\/title>\n<meta name=\"robots\" content=\"noindex, follow, max-snippet:-1, max-image-preview:large, max-video-preview:-1\" \/>\n<meta property=\"og:locale\" content=\"fr_FR\" \/>\n<meta property=\"og:type\" content=\"article\" \/>\n<meta property=\"og:title\" content=\"Les 3 types de tatouages - Marty Tatoo\" \/>\n<meta property=\"og:description\" content=\"[vc_row equal_height=\u00a0\u00bb\u00a0\u00bb font_color=\u00a0\u00bbdark\u00a0\u00bb shift_y=\u00a0\u00bb0&Prime; z_index=\u00a0\u00bb0&Prime;][vc_column][vc_custom_heading text=\u00a0\u00bbLE TATOUAGE VIT EN TOUTE LIBERTE&#8230;\u00a0\u00bb font_size=\u00a0\u00bb72&Prime; font_weight=\u00a0\u00bb400&Prime; letter_spacing=\u00a0\u00bb0&Prime;][\/vc_column][\/vc_row][vc_row equal_height=\u00a0\u00bb\u00a0\u00bb font_color=\u00a0\u00bbdark\u00a0\u00bb shift_y=\u00a0\u00bb0&Prime; z_index=\u00a0\u00bb0&Prime;][vc_column][vc_single_image image=\u00a0\u00bb611&Prime; img_size=\u00a0\u00bbfull\u00a0\u00bb full_width=\u00a0\u00bb\u00a0\u00bb onclick=\u00a0\u00bblightbox\u00a0\u00bb opacity=\u00a0\u00bb100&Prime; full_size=\u00a0\u00bb1&Prime;][vc_column_text inline_style=\u00a0\u00bbtext-align: justify; line-height: 2;margin-top: 25px;\u00a0\u00bb]Nous vous proposons une grande vari\u00e9t\u00e9 de tatouages \u00e9ph\u00e9m\u00e8res. Ceux que vous connaissez peut-\u00eatre d\u00e9j\u00e0, et ceux que nous avons innov\u00e9\u2026 mat, brillant, phosphorescent, etc\u2026 D\u2019un tr\u00e8s...continue reading\" \/>\n<meta property=\"og:url\" content=\"https:\/\/pierre-delaunay.fr\/marty-tatoo\/les-trois-types-de-tatouages\/\" \/>\n<meta property=\"og:site_name\" content=\"Marty Tatoo\" \/>\n<meta property=\"article:publisher\" content=\"https:\/\/fr-fr.facebook.com\/AtelierMartyTatoo\/\" \/>\n<meta property=\"article:modified_time\" content=\"2024-12-16T09:13:36+00:00\" \/>\n<meta name=\"twitter:card\" content=\"summary_large_image\" \/>\n<meta name=\"twitter:label1\" content=\"Dur\u00e9e de lecture estim\u00e9e\" \/>\n\t<meta name=\"twitter:data1\" content=\"1 minute\" \/>\n<script type=\"application\/ld+json\" class=\"yoast-schema-graph\">{\"@context\":\"https:\/\/schema.org\",\"@graph\":[{\"@type\":\"WebPage\",\"@id\":\"https:\/\/pierre-delaunay.fr\/marty-tatoo\/les-trois-types-de-tatouages\/\",\"url\":\"https:\/\/pierre-delaunay.fr\/marty-tatoo\/les-trois-types-de-tatouages\/\",\"name\":\"Les 3 types de tatouages - Marty Tatoo\",\"isPartOf\":{\"@id\":\"https:\/\/pierre-delaunay.fr\/marty-tatoo\/#website\"},\"datePublished\":\"2018-02-25T08:03:22+00:00\",\"dateModified\":\"2024-12-16T09:13:36+00:00\",\"breadcrumb\":{\"@id\":\"https:\/\/pierre-delaunay.fr\/marty-tatoo\/les-trois-types-de-tatouages\/#breadcrumb\"},\"inLanguage\":\"fr-FR\",\"potentialAction\":[{\"@type\":\"ReadAction\",\"target\":[\"https:\/\/pierre-delaunay.fr\/marty-tatoo\/les-trois-types-de-tatouages\/\"]}]},{\"@type\":\"BreadcrumbList\",\"@id\":\"https:\/\/pierre-delaunay.fr\/marty-tatoo\/les-trois-types-de-tatouages\/#breadcrumb\",\"itemListElement\":[{\"@type\":\"ListItem\",\"position\":1,\"name\":\"Accueil\",\"item\":\"https:\/\/pierre-delaunay.fr\/marty-tatoo\/\"},{\"@type\":\"ListItem\",\"position\":2,\"name\":\"Les 3 types de tatouages\"}]},{\"@type\":\"WebSite\",\"@id\":\"https:\/\/pierre-delaunay.fr\/marty-tatoo\/#website\",\"url\":\"https:\/\/pierre-delaunay.fr\/marty-tatoo\/\",\"name\":\"Marty Tatoo\",\"description\":\"PARIS\",\"publisher\":{\"@id\":\"https:\/\/pierre-delaunay.fr\/marty-tatoo\/#organization\"},\"potentialAction\":[{\"@type\":\"SearchAction\",\"target\":{\"@type\":\"EntryPoint\",\"urlTemplate\":\"https:\/\/pierre-delaunay.fr\/marty-tatoo\/?s={search_term_string}\"},\"query-input\":{\"@type\":\"PropertyValueSpecification\",\"valueRequired\":true,\"valueName\":\"search_term_string\"}}],\"inLanguage\":\"fr-FR\"},{\"@type\":\"Organization\",\"@id\":\"https:\/\/pierre-delaunay.fr\/marty-tatoo\/#organization\",\"name\":\"Marty Tatoo\",\"url\":\"https:\/\/pierre-delaunay.fr\/marty-tatoo\/\",\"logo\":{\"@type\":\"ImageObject\",\"inLanguage\":\"fr-FR\",\"@id\":\"https:\/\/pierre-delaunay.fr\/marty-tatoo\/#\/schema\/logo\/image\/\",\"url\":\"https:\/\/pierre-delaunay.fr\/marty-tatoo\/wp-content\/uploads\/logo-plien-png.png\",\"contentUrl\":\"https:\/\/pierre-delaunay.fr\/marty-tatoo\/wp-content\/uploads\/logo-plien-png.png\",\"width\":154,\"height\":150,\"caption\":\"Marty Tatoo\"},\"image\":{\"@id\":\"https:\/\/pierre-delaunay.fr\/marty-tatoo\/#\/schema\/logo\/image\/\"},\"sameAs\":[\"https:\/\/fr-fr.facebook.com\/AtelierMartyTatoo\/\",\"https:\/\/www.instagram.com\/martytatoo_officiel\/\"]}]}<\/script>\n<!-- \/ Yoast SEO plugin. -->","yoast_head_json":{"title":"Les 3 types de tatouages - Marty Tatoo","robots":{"index":"noindex","follow":"follow","max-snippet":"max-snippet:-1","max-image-preview":"max-image-preview:large","max-video-preview":"max-video-preview:-1"},"og_locale":"fr_FR","og_type":"article","og_title":"Les 3 types de tatouages - Marty Tatoo","og_description":"[vc_row equal_height=\u00a0\u00bb\u00a0\u00bb font_color=\u00a0\u00bbdark\u00a0\u00bb shift_y=\u00a0\u00bb0&Prime; z_index=\u00a0\u00bb0&Prime;][vc_column][vc_custom_heading text=\u00a0\u00bbLE TATOUAGE VIT EN TOUTE LIBERTE&#8230;\u00a0\u00bb font_size=\u00a0\u00bb72&Prime; font_weight=\u00a0\u00bb400&Prime; letter_spacing=\u00a0\u00bb0&Prime;][\/vc_column][\/vc_row][vc_row equal_height=\u00a0\u00bb\u00a0\u00bb font_color=\u00a0\u00bbdark\u00a0\u00bb shift_y=\u00a0\u00bb0&Prime; z_index=\u00a0\u00bb0&Prime;][vc_column][vc_single_image image=\u00a0\u00bb611&Prime; img_size=\u00a0\u00bbfull\u00a0\u00bb full_width=\u00a0\u00bb\u00a0\u00bb onclick=\u00a0\u00bblightbox\u00a0\u00bb opacity=\u00a0\u00bb100&Prime; full_size=\u00a0\u00bb1&Prime;][vc_column_text inline_style=\u00a0\u00bbtext-align: justify; line-height: 2;margin-top: 25px;\u00a0\u00bb]Nous vous proposons une grande vari\u00e9t\u00e9 de tatouages \u00e9ph\u00e9m\u00e8res. Ceux que vous connaissez peut-\u00eatre d\u00e9j\u00e0, et ceux que nous avons innov\u00e9\u2026 mat, brillant, phosphorescent, etc\u2026 D\u2019un tr\u00e8s...continue reading","og_url":"https:\/\/pierre-delaunay.fr\/marty-tatoo\/les-trois-types-de-tatouages\/","og_site_name":"Marty Tatoo","article_publisher":"https:\/\/fr-fr.facebook.com\/AtelierMartyTatoo\/","article_modified_time":"2024-12-16T09:13:36+00:00","twitter_card":"summary_large_image","twitter_misc":{"Dur\u00e9e de lecture estim\u00e9e":"1 minute"},"schema":{"@context":"https:\/\/schema.org","@graph":[{"@type":"WebPage","@id":"https:\/\/pierre-delaunay.fr\/marty-tatoo\/les-trois-types-de-tatouages\/","url":"https:\/\/pierre-delaunay.fr\/marty-tatoo\/les-trois-types-de-tatouages\/","name":"Les 3 types de tatouages - Marty Tatoo","isPartOf":{"@id":"https:\/\/pierre-delaunay.fr\/marty-tatoo\/#website"},"datePublished":"2018-02-25T08:03:22+00:00","dateModified":"2024-12-16T09:13:36+00:00","breadcrumb":{"@id":"https:\/\/pierre-delaunay.fr\/marty-tatoo\/les-trois-types-de-tatouages\/#breadcrumb"},"inLanguage":"fr-FR","potentialAction":[{"@type":"ReadAction","target":["https:\/\/pierre-delaunay.fr\/marty-tatoo\/les-trois-types-de-tatouages\/"]}]},{"@type":"BreadcrumbList","@id":"https:\/\/pierre-delaunay.fr\/marty-tatoo\/les-trois-types-de-tatouages\/#breadcrumb","itemListElement":[{"@type":"ListItem","position":1,"name":"Accueil","item":"https:\/\/pierre-delaunay.fr\/marty-tatoo\/"},{"@type":"ListItem","position":2,"name":"Les 3 types de tatouages"}]},{"@type":"WebSite","@id":"https:\/\/pierre-delaunay.fr\/marty-tatoo\/#website","url":"https:\/\/pierre-delaunay.fr\/marty-tatoo\/","name":"Marty Tatoo","description":"PARIS","publisher":{"@id":"https:\/\/pierre-delaunay.fr\/marty-tatoo\/#organization"},"potentialAction":[{"@type":"SearchAction","target":{"@type":"EntryPoint","urlTemplate":"https:\/\/pierre-delaunay.fr\/marty-tatoo\/?s={search_term_string}"},"query-input":{"@type":"PropertyValueSpecification","valueRequired":true,"valueName":"search_term_string"}}],"inLanguage":"fr-FR"},{"@type":"Organization","@id":"https:\/\/pierre-delaunay.fr\/marty-tatoo\/#organization","name":"Marty Tatoo","url":"https:\/\/pierre-delaunay.fr\/marty-tatoo\/","logo":{"@type":"ImageObject","inLanguage":"fr-FR","@id":"https:\/\/pierre-delaunay.fr\/marty-tatoo\/#\/schema\/logo\/image\/","url":"https:\/\/pierre-delaunay.fr\/marty-tatoo\/wp-content\/uploads\/logo-plien-png.png","contentUrl":"https:\/\/pierre-delaunay.fr\/marty-tatoo\/wp-content\/uploads\/logo-plien-png.png","width":154,"height":150,"caption":"Marty Tatoo"},"image":{"@id":"https:\/\/pierre-delaunay.fr\/marty-tatoo\/#\/schema\/logo\/image\/"},"sameAs":["https:\/\/fr-fr.facebook.com\/AtelierMartyTatoo\/","https:\/\/www.instagram.com\/martytatoo_officiel\/"]}]}},"_links":{"self":[{"href":"https:\/\/pierre-delaunay.fr\/marty-tatoo\/wp-json\/wp\/v2\/pages\/610","targetHints":{"allow":["GET"]}}],"collection":[{"href":"https:\/\/pierre-delaunay.fr\/marty-tatoo\/wp-json\/wp\/v2\/pages"}],"about":[{"href":"https:\/\/pierre-delaunay.fr\/marty-tatoo\/wp-json\/wp\/v2\/types\/page"}],"author":[{"embeddable":true,"href":"https:\/\/pierre-delaunay.fr\/marty-tatoo\/wp-json\/wp\/v2\/users\/1"}],"replies":[{"embeddable":true,"href":"https:\/\/pierre-delaunay.fr\/marty-tatoo\/wp-json\/wp\/v2\/comments?post=610"}],"version-history":[{"count":11,"href":"https:\/\/pierre-delaunay.fr\/marty-tatoo\/wp-json\/wp\/v2\/pages\/610\/revisions"}],"predecessor-version":[{"id":24024,"href":"https:\/\/pierre-delaunay.fr\/marty-tatoo\/wp-json\/wp\/v2\/pages\/610\/revisions\/24024"}],"wp:attachment":[{"href":"https:\/\/pierre-delaunay.fr\/marty-tatoo\/wp-json\/wp\/v2\/media?parent=610"}],"curies":[{"name":"wp","href":"https:\/\/api.w.org\/{rel}","templated":true}]}}