{"id":607,"date":"2018-02-25T08:53:05","date_gmt":"2018-02-25T07:53:05","guid":{"rendered":"http:\/\/martytatoo.paris\/?page_id=607"},"modified":"2024-12-22T14:55:20","modified_gmt":"2024-12-22T13:55:20","slug":"reinterpretation","status":"publish","type":"page","link":"https:\/\/pierre-delaunay.fr\/marty-tatoo\/reinterpretation\/","title":{"rendered":"R\u00e9interpr\u00e9tation"},"content":{"rendered":"<div class=\"wpb-content-wrapper\"><p>[vc_row][vc_column][vc_custom_heading text=\u00a0\u00bbNO COVER !\u00a0\u00bb font_size=\u00a0\u00bb72&Prime; font_weight=\u00a0\u00bb400&Prime; letter_spacing=\u00a0\u00bb0&Prime;][\/vc_column][\/vc_row][vc_row equal_height=\u00a0\u00bb\u00a0\u00bb font_color=\u00a0\u00bbdark\u00a0\u00bb shift_y=\u00a0\u00bb0&Prime; z_index=\u00a0\u00bb0&Prime;][vc_column][vc_column_text inline_style=\u00a0\u00bbtext-align: justify;margin-top: 25px;\u00a0\u00bb]<strong>Nous aimons les d\u00e9fis et nous vous proposons la r\u00e9interpr\u00e9tation.<\/strong><\/p>\n<p>Prendre en compte les traits initiaux de votre ancien tatouage et ne pas vous engager sur une grosse pi\u00e8ce si vous ne le souhaitez pas. Un premier choix s\u2019offre \u00e0 vous, rajeunir l\u2019ancien tatouage ne n\u00e9cessite pas toujours de le recouvrir. Nous pouvons le r\u00e9-interpr\u00e9ter finement\u00a0 en retravaillant chaque contour et utiliser l\u2019ombrage int\u00e9rieur pour cr\u00e9er un nouvel effet graphique. Multiple solutions peuvent \u00eatre envisag\u00e9es : se servir des traits existants pour en faire les contours d\u2019un autre dessin, exemple l\u00e9zard \/ oiseau. Si vous d\u00e9sirez une pi\u00e8ce plus importante, nous \u00e9tudierons avec sagesse l\u2019emplacement du nouveau tatouage car notre souhait n\u2019est pas d\u2019assombrir la zone \u00e0 cacher grossi\u00e8rement. Avec un peu d\u2019imagination et de r\u00e9flexion, nous envisagerons ensemble une r\u00e9interpr\u00e9tation adapt\u00e9e et pertinente.<\/p>\n<p>Nous aimons l\u2019impossible dans la mesure du possible ! Nous vous conseillons vivement de prendre un rendez-vous de premier contact sans engagement. Sur ce type de projet il est essentiel de venir \u00e0 nous. Suite \u00e0 ce premier entretien, nous vous proposerons une s\u00e9ance de cr\u00e9ation sur corps ou une cr\u00e9ation papier apr\u00e8s prise d\u2019emprunte.<\/p>\n<p><strong>Tarif : <\/strong>Devis \u00e9tabli sur <a href=\"http:\/\/martytatoo.paris\/contact\/\">rendez-vous<\/a>.[\/vc_column_text][\/vc_column][\/vc_row][vc_row equal_height=\u00a0\u00bb\u00a0\u00bb font_color=\u00a0\u00bbdark\u00a0\u00bb shift_y=\u00a0\u00bb0&Prime; z_index=\u00a0\u00bb0&Prime;][vc_column][vc_gallery slides_per_view=\u00a0\u00bb3&Prime; hover_effect=\u00a0\u00bbzoomin\u00a0\u00bb images=\u00a0\u00bb9909,9910,9912,8426,8425,2527,2353,2356,1080,1081,1082,1083,1084,1085,1086,1087,1088,1089,6832,6833,7754,7753&Prime;][\/vc_column][\/vc_row]<\/p>\n<\/div>","protected":false},"excerpt":{"rendered":"<p>[vc_row][vc_column][vc_custom_heading text=\u00a0\u00bbNO COVER !\u00a0\u00bb font_size=\u00a0\u00bb72&Prime; font_weight=\u00a0\u00bb400&Prime; letter_spacing=\u00a0\u00bb0&Prime;][\/vc_column][\/vc_row][vc_row equal_height=\u00a0\u00bb\u00a0\u00bb font_color=\u00a0\u00bbdark\u00a0\u00bb shift_y=\u00a0\u00bb0&Prime; z_index=\u00a0\u00bb0&Prime;][vc_column][vc_column_text inline_style=\u00a0\u00bbtext-align: justify;margin-top: 25px;\u00a0\u00bb]Nous aimons les d\u00e9fis et nous vous proposons la r\u00e9interpr\u00e9tation. Prendre en compte les traits initiaux de votre ancien tatouage et ne pas vous engager sur une grosse pi\u00e8ce si vous ne le souhaitez pas. Un premier choix s\u2019offre \u00e0 vous, rajeunir&#8230;<\/p>\n<p><a rel=\"bookmark\" class=\"tattoopress-button-text wvc-button wvc-button-size-sm\" href=\"https:\/\/pierre-delaunay.fr\/marty-tatoo\/reinterpretation\/\"><small class=\"wvc-button-background-fill\"><\/small><span>continue reading<\/span><\/a><\/p>\n","protected":false},"author":1,"featured_media":0,"parent":0,"menu_order":0,"comment_status":"closed","ping_status":"closed","template":"","meta":{"footnotes":""},"class_list":{"0":"post-607","1":"page","2":"type-page","3":"status-publish","4":"hentry","5":"entry","6":"clearfix","7":"entry-grid","8":"entry-columns-default","9":"entry-page-module-layout-standard","10":"no-post-thumbnail","11":"entry-page","13":"entry-page-grid"},"yoast_head":"<!-- This site is optimized with the Yoast SEO plugin v24.1 - https:\/\/yoast.com\/wordpress\/plugins\/seo\/ -->\n<title>R\u00e9interpr\u00e9tation - Marty Tatoo<\/title>\n<meta name=\"robots\" content=\"noindex, follow, max-snippet:-1, max-image-preview:large, max-video-preview:-1\" \/>\n<meta property=\"og:locale\" content=\"fr_FR\" \/>\n<meta property=\"og:type\" content=\"article\" \/>\n<meta property=\"og:title\" content=\"R\u00e9interpr\u00e9tation - Marty Tatoo\" \/>\n<meta property=\"og:description\" content=\"[vc_row][vc_column][vc_custom_heading text=\u00a0\u00bbNO COVER !\u00a0\u00bb font_size=\u00a0\u00bb72&Prime; font_weight=\u00a0\u00bb400&Prime; letter_spacing=\u00a0\u00bb0&Prime;][\/vc_column][\/vc_row][vc_row equal_height=\u00a0\u00bb\u00a0\u00bb font_color=\u00a0\u00bbdark\u00a0\u00bb shift_y=\u00a0\u00bb0&Prime; z_index=\u00a0\u00bb0&Prime;][vc_column][vc_column_text inline_style=\u00a0\u00bbtext-align: justify;margin-top: 25px;\u00a0\u00bb]Nous aimons les d\u00e9fis et nous vous proposons la r\u00e9interpr\u00e9tation. Prendre en compte les traits initiaux de votre ancien tatouage et ne pas vous engager sur une grosse pi\u00e8ce si vous ne le souhaitez pas. Un premier choix s\u2019offre \u00e0 vous, rajeunir...continue reading\" \/>\n<meta property=\"og:url\" content=\"https:\/\/pierre-delaunay.fr\/marty-tatoo\/reinterpretation\/\" \/>\n<meta property=\"og:site_name\" content=\"Marty Tatoo\" \/>\n<meta property=\"article:publisher\" content=\"https:\/\/fr-fr.facebook.com\/AtelierMartyTatoo\/\" \/>\n<meta property=\"article:modified_time\" content=\"2024-12-22T13:55:20+00:00\" \/>\n<meta name=\"twitter:card\" content=\"summary_large_image\" \/>\n<meta name=\"twitter:label1\" content=\"Dur\u00e9e de lecture estim\u00e9e\" \/>\n\t<meta name=\"twitter:data1\" content=\"1 minute\" \/>\n<script type=\"application\/ld+json\" class=\"yoast-schema-graph\">{\"@context\":\"https:\/\/schema.org\",\"@graph\":[{\"@type\":\"WebPage\",\"@id\":\"https:\/\/pierre-delaunay.fr\/marty-tatoo\/reinterpretation\/\",\"url\":\"https:\/\/pierre-delaunay.fr\/marty-tatoo\/reinterpretation\/\",\"name\":\"R\u00e9interpr\u00e9tation - Marty Tatoo\",\"isPartOf\":{\"@id\":\"https:\/\/pierre-delaunay.fr\/marty-tatoo\/#website\"},\"datePublished\":\"2018-02-25T07:53:05+00:00\",\"dateModified\":\"2024-12-22T13:55:20+00:00\",\"breadcrumb\":{\"@id\":\"https:\/\/pierre-delaunay.fr\/marty-tatoo\/reinterpretation\/#breadcrumb\"},\"inLanguage\":\"fr-FR\",\"potentialAction\":[{\"@type\":\"ReadAction\",\"target\":[\"https:\/\/pierre-delaunay.fr\/marty-tatoo\/reinterpretation\/\"]}]},{\"@type\":\"BreadcrumbList\",\"@id\":\"https:\/\/pierre-delaunay.fr\/marty-tatoo\/reinterpretation\/#breadcrumb\",\"itemListElement\":[{\"@type\":\"ListItem\",\"position\":1,\"name\":\"Accueil\",\"item\":\"https:\/\/pierre-delaunay.fr\/marty-tatoo\/\"},{\"@type\":\"ListItem\",\"position\":2,\"name\":\"R\u00e9interpr\u00e9tation\"}]},{\"@type\":\"WebSite\",\"@id\":\"https:\/\/pierre-delaunay.fr\/marty-tatoo\/#website\",\"url\":\"https:\/\/pierre-delaunay.fr\/marty-tatoo\/\",\"name\":\"Marty Tatoo\",\"description\":\"PARIS\",\"publisher\":{\"@id\":\"https:\/\/pierre-delaunay.fr\/marty-tatoo\/#organization\"},\"potentialAction\":[{\"@type\":\"SearchAction\",\"target\":{\"@type\":\"EntryPoint\",\"urlTemplate\":\"https:\/\/pierre-delaunay.fr\/marty-tatoo\/?s={search_term_string}\"},\"query-input\":{\"@type\":\"PropertyValueSpecification\",\"valueRequired\":true,\"valueName\":\"search_term_string\"}}],\"inLanguage\":\"fr-FR\"},{\"@type\":\"Organization\",\"@id\":\"https:\/\/pierre-delaunay.fr\/marty-tatoo\/#organization\",\"name\":\"Marty Tatoo\",\"url\":\"https:\/\/pierre-delaunay.fr\/marty-tatoo\/\",\"logo\":{\"@type\":\"ImageObject\",\"inLanguage\":\"fr-FR\",\"@id\":\"https:\/\/pierre-delaunay.fr\/marty-tatoo\/#\/schema\/logo\/image\/\",\"url\":\"https:\/\/pierre-delaunay.fr\/marty-tatoo\/wp-content\/uploads\/logo-plien-png.png\",\"contentUrl\":\"https:\/\/pierre-delaunay.fr\/marty-tatoo\/wp-content\/uploads\/logo-plien-png.png\",\"width\":154,\"height\":150,\"caption\":\"Marty Tatoo\"},\"image\":{\"@id\":\"https:\/\/pierre-delaunay.fr\/marty-tatoo\/#\/schema\/logo\/image\/\"},\"sameAs\":[\"https:\/\/fr-fr.facebook.com\/AtelierMartyTatoo\/\",\"https:\/\/www.instagram.com\/martytatoo_officiel\/\"]}]}<\/script>\n<!-- \/ Yoast SEO plugin. -->","yoast_head_json":{"title":"R\u00e9interpr\u00e9tation - Marty Tatoo","robots":{"index":"noindex","follow":"follow","max-snippet":"max-snippet:-1","max-image-preview":"max-image-preview:large","max-video-preview":"max-video-preview:-1"},"og_locale":"fr_FR","og_type":"article","og_title":"R\u00e9interpr\u00e9tation - Marty Tatoo","og_description":"[vc_row][vc_column][vc_custom_heading text=\u00a0\u00bbNO COVER !\u00a0\u00bb font_size=\u00a0\u00bb72&Prime; font_weight=\u00a0\u00bb400&Prime; letter_spacing=\u00a0\u00bb0&Prime;][\/vc_column][\/vc_row][vc_row equal_height=\u00a0\u00bb\u00a0\u00bb font_color=\u00a0\u00bbdark\u00a0\u00bb shift_y=\u00a0\u00bb0&Prime; z_index=\u00a0\u00bb0&Prime;][vc_column][vc_column_text inline_style=\u00a0\u00bbtext-align: justify;margin-top: 25px;\u00a0\u00bb]Nous aimons les d\u00e9fis et nous vous proposons la r\u00e9interpr\u00e9tation. Prendre en compte les traits initiaux de votre ancien tatouage et ne pas vous engager sur une grosse pi\u00e8ce si vous ne le souhaitez pas. Un premier choix s\u2019offre \u00e0 vous, rajeunir...continue reading","og_url":"https:\/\/pierre-delaunay.fr\/marty-tatoo\/reinterpretation\/","og_site_name":"Marty Tatoo","article_publisher":"https:\/\/fr-fr.facebook.com\/AtelierMartyTatoo\/","article_modified_time":"2024-12-22T13:55:20+00:00","twitter_card":"summary_large_image","twitter_misc":{"Dur\u00e9e de lecture estim\u00e9e":"1 minute"},"schema":{"@context":"https:\/\/schema.org","@graph":[{"@type":"WebPage","@id":"https:\/\/pierre-delaunay.fr\/marty-tatoo\/reinterpretation\/","url":"https:\/\/pierre-delaunay.fr\/marty-tatoo\/reinterpretation\/","name":"R\u00e9interpr\u00e9tation - Marty Tatoo","isPartOf":{"@id":"https:\/\/pierre-delaunay.fr\/marty-tatoo\/#website"},"datePublished":"2018-02-25T07:53:05+00:00","dateModified":"2024-12-22T13:55:20+00:00","breadcrumb":{"@id":"https:\/\/pierre-delaunay.fr\/marty-tatoo\/reinterpretation\/#breadcrumb"},"inLanguage":"fr-FR","potentialAction":[{"@type":"ReadAction","target":["https:\/\/pierre-delaunay.fr\/marty-tatoo\/reinterpretation\/"]}]},{"@type":"BreadcrumbList","@id":"https:\/\/pierre-delaunay.fr\/marty-tatoo\/reinterpretation\/#breadcrumb","itemListElement":[{"@type":"ListItem","position":1,"name":"Accueil","item":"https:\/\/pierre-delaunay.fr\/marty-tatoo\/"},{"@type":"ListItem","position":2,"name":"R\u00e9interpr\u00e9tation"}]},{"@type":"WebSite","@id":"https:\/\/pierre-delaunay.fr\/marty-tatoo\/#website","url":"https:\/\/pierre-delaunay.fr\/marty-tatoo\/","name":"Marty Tatoo","description":"PARIS","publisher":{"@id":"https:\/\/pierre-delaunay.fr\/marty-tatoo\/#organization"},"potentialAction":[{"@type":"SearchAction","target":{"@type":"EntryPoint","urlTemplate":"https:\/\/pierre-delaunay.fr\/marty-tatoo\/?s={search_term_string}"},"query-input":{"@type":"PropertyValueSpecification","valueRequired":true,"valueName":"search_term_string"}}],"inLanguage":"fr-FR"},{"@type":"Organization","@id":"https:\/\/pierre-delaunay.fr\/marty-tatoo\/#organization","name":"Marty Tatoo","url":"https:\/\/pierre-delaunay.fr\/marty-tatoo\/","logo":{"@type":"ImageObject","inLanguage":"fr-FR","@id":"https:\/\/pierre-delaunay.fr\/marty-tatoo\/#\/schema\/logo\/image\/","url":"https:\/\/pierre-delaunay.fr\/marty-tatoo\/wp-content\/uploads\/logo-plien-png.png","contentUrl":"https:\/\/pierre-delaunay.fr\/marty-tatoo\/wp-content\/uploads\/logo-plien-png.png","width":154,"height":150,"caption":"Marty Tatoo"},"image":{"@id":"https:\/\/pierre-delaunay.fr\/marty-tatoo\/#\/schema\/logo\/image\/"},"sameAs":["https:\/\/fr-fr.facebook.com\/AtelierMartyTatoo\/","https:\/\/www.instagram.com\/martytatoo_officiel\/"]}]}},"_links":{"self":[{"href":"https:\/\/pierre-delaunay.fr\/marty-tatoo\/wp-json\/wp\/v2\/pages\/607","targetHints":{"allow":["GET"]}}],"collection":[{"href":"https:\/\/pierre-delaunay.fr\/marty-tatoo\/wp-json\/wp\/v2\/pages"}],"about":[{"href":"https:\/\/pierre-delaunay.fr\/marty-tatoo\/wp-json\/wp\/v2\/types\/page"}],"author":[{"embeddable":true,"href":"https:\/\/pierre-delaunay.fr\/marty-tatoo\/wp-json\/wp\/v2\/users\/1"}],"replies":[{"embeddable":true,"href":"https:\/\/pierre-delaunay.fr\/marty-tatoo\/wp-json\/wp\/v2\/comments?post=607"}],"version-history":[{"count":33,"href":"https:\/\/pierre-delaunay.fr\/marty-tatoo\/wp-json\/wp\/v2\/pages\/607\/revisions"}],"predecessor-version":[{"id":24053,"href":"https:\/\/pierre-delaunay.fr\/marty-tatoo\/wp-json\/wp\/v2\/pages\/607\/revisions\/24053"}],"wp:attachment":[{"href":"https:\/\/pierre-delaunay.fr\/marty-tatoo\/wp-json\/wp\/v2\/media?parent=607"}],"curies":[{"name":"wp","href":"https:\/\/api.w.org\/{rel}","templated":true}]}}