{"id":508,"date":"2018-02-23T06:48:00","date_gmt":"2018-02-23T05:48:00","guid":{"rendered":"http:\/\/martytatoo.paris\/?page_id=508"},"modified":"2024-12-17T11:37:13","modified_gmt":"2024-12-17T10:37:13","slug":"tatouage-black-light","status":"publish","type":"page","link":"https:\/\/pierre-delaunay.fr\/marty-tatoo\/tatouage-black-light\/","title":{"rendered":"Tatouage black light"},"content":{"rendered":"<div class=\"wpb-content-wrapper\"><p>[vc_row][vc_column][vc_custom_heading text=\u00a0\u00bbDur\u00e9e 5\/6 jours minimum\u00a0\u00bb font_size=\u00a0\u00bb72&Prime; font_weight=\u00a0\u00bb400&Prime; letter_spacing=\u00a0\u00bb0&Prime;][\/vc_column][\/vc_row][vc_row equal_height=\u00a0\u00bb\u00a0\u00bb font_color=\u00a0\u00bbdark\u00a0\u00bb shift_y=\u00a0\u00bb0&Prime; z_index=\u00a0\u00bb0&Prime;][vc_column width=\u00a0\u00bb2\/3&Prime;][vc_column_text inline_style=\u00a0\u00bbtext-align: justify;margin-top: -2em;\u00a0\u00bb]<strong>Enfin le tatouage \u00e9ph\u00e9m\u00e8re qui va illuminer vos soir\u00e9es !<\/strong><\/p>\n<p>Le tatouage \u00e9ph\u00e9m\u00e8re BLACKLIGHT est de couleur fluo la journ\u00e9e et s\u2019allume sous une lumi\u00e8re noire UV (nightclub, etc). Deux mati\u00e8res vous sont propos\u00e9es :<\/p>\n<p><a href=\"http:\/\/martytatoo.paris\/tatouage-encre-australienne\/\">Tatouage encre Australienne<\/a> pour un effet mat. Une palette de 8 couleurs fluorescentes : vert, jaune,orange, rouge, magenta, rose, violet, bleu.<\/p>\n<p><a href=\"http:\/\/martytatoo.paris\/tatouage-bijou\/\">Tatouage bijou<\/a> (paillettes) avec peu d\u2019effets de brillance le jour. Une palette de 5 couleurs fluorescentes : vert, jaune, orange, magenta, rose.<\/p>\n<p><strong>Tarif :<\/strong> \u00e0 partir de 20 \u20ac pour les plus petits mod\u00e8les. Ensuite le prix est d\u00e9termin\u00e9 en fonction de la taille et de la particularit\u00e9 du dessin.<\/p>\n<p>TATOUAGES R\u00c9ALIS\u00c9S PAR NOS ARTISTES TATOUEUSES (sans pochoir).[\/vc_column_text][\/vc_column][vc_column width=\u00a0\u00bb1\/3&Prime;][vc_single_image image=\u00a0\u00bb953&Prime; onclick=\u00a0\u00bblightbox\u00a0\u00bb full_size=\u00a0\u00bb1&Prime;]<section class='pricing-tables clearfix pricing-tables-2-cols' ><div class='pricing-table-inner'><ul><li class=\"pricing-table-title-cell\"><h3 class='pricing-table-title'>A partir de<\/h3><\/li><li class=\"pricing-table-main-content\"><span class='pricing-table-price'>20\u20ac<\/span><\/li><li class=\"pricing-table-button\"><a href='http:\/\/martytatoo.paris\/contact\/' target=''>Prendre rendez-vous<\/a><\/li><\/ul><\/div><\/section>[\/vc_column][\/vc_row][vc_row][vc_column][vc_gallery type=\u00a0\u00bbcarousel\u00a0\u00bb img_size=\u00a0\u00bb300&#215;537&Prime; slides_per_view=\u00a0\u00bb4&Prime; hover_effect=\u00a0\u00bbzoomin\u00a0\u00bb images=\u00a0\u00bb954,955,956,957,958,959,960,961&Prime;][\/vc_column][\/vc_row]<\/p>\n<\/div>","protected":false},"excerpt":{"rendered":"<p>[vc_row][vc_column][vc_custom_heading text=\u00a0\u00bbDur\u00e9e 5\/6 jours minimum\u00a0\u00bb font_size=\u00a0\u00bb72&Prime; font_weight=\u00a0\u00bb400&Prime; letter_spacing=\u00a0\u00bb0&Prime;][\/vc_column][\/vc_row][vc_row equal_height=\u00a0\u00bb\u00a0\u00bb font_color=\u00a0\u00bbdark\u00a0\u00bb shift_y=\u00a0\u00bb0&Prime; z_index=\u00a0\u00bb0&Prime;][vc_column width=\u00a0\u00bb2\/3&Prime;][vc_column_text inline_style=\u00a0\u00bbtext-align: justify;margin-top: -2em;\u00a0\u00bb]Enfin le tatouage \u00e9ph\u00e9m\u00e8re qui va illuminer vos soir\u00e9es ! Le tatouage \u00e9ph\u00e9m\u00e8re BLACKLIGHT est de couleur fluo la journ\u00e9e et s\u2019allume sous une lumi\u00e8re noire UV (nightclub, etc). Deux mati\u00e8res vous sont propos\u00e9es : Tatouage encre Australienne pour un&#8230;<\/p>\n<p><a rel=\"bookmark\" class=\"tattoopress-button-text wvc-button wvc-button-size-sm\" href=\"https:\/\/pierre-delaunay.fr\/marty-tatoo\/tatouage-black-light\/\"><small class=\"wvc-button-background-fill\"><\/small><span>continue reading<\/span><\/a><\/p>\n","protected":false},"author":1,"featured_media":0,"parent":0,"menu_order":0,"comment_status":"closed","ping_status":"closed","template":"","meta":{"footnotes":""},"class_list":{"0":"post-508","1":"page","2":"type-page","3":"status-publish","4":"hentry","5":"entry","6":"clearfix","7":"entry-grid","8":"entry-columns-default","9":"entry-page-module-layout-standard","10":"no-post-thumbnail","11":"entry-page","13":"entry-page-grid"},"yoast_head":"<!-- This site is optimized with the Yoast SEO plugin v24.1 - https:\/\/yoast.com\/wordpress\/plugins\/seo\/ -->\n<title>Tatouage black light - Marty Tatoo<\/title>\n<meta name=\"robots\" content=\"noindex, follow, max-snippet:-1, max-image-preview:large, max-video-preview:-1\" \/>\n<meta property=\"og:locale\" content=\"fr_FR\" \/>\n<meta property=\"og:type\" content=\"article\" \/>\n<meta property=\"og:title\" content=\"Tatouage black light - Marty Tatoo\" \/>\n<meta property=\"og:description\" content=\"[vc_row][vc_column][vc_custom_heading text=\u00a0\u00bbDur\u00e9e 5\/6 jours minimum\u00a0\u00bb font_size=\u00a0\u00bb72&Prime; font_weight=\u00a0\u00bb400&Prime; letter_spacing=\u00a0\u00bb0&Prime;][\/vc_column][\/vc_row][vc_row equal_height=\u00a0\u00bb\u00a0\u00bb font_color=\u00a0\u00bbdark\u00a0\u00bb shift_y=\u00a0\u00bb0&Prime; z_index=\u00a0\u00bb0&Prime;][vc_column width=\u00a0\u00bb2\/3&Prime;][vc_column_text inline_style=\u00a0\u00bbtext-align: justify;margin-top: -2em;\u00a0\u00bb]Enfin le tatouage \u00e9ph\u00e9m\u00e8re qui va illuminer vos soir\u00e9es ! Le tatouage \u00e9ph\u00e9m\u00e8re BLACKLIGHT est de couleur fluo la journ\u00e9e et s\u2019allume sous une lumi\u00e8re noire UV (nightclub, etc). Deux mati\u00e8res vous sont propos\u00e9es : Tatouage encre Australienne pour un...continue reading\" \/>\n<meta property=\"og:url\" content=\"https:\/\/pierre-delaunay.fr\/marty-tatoo\/tatouage-black-light\/\" \/>\n<meta property=\"og:site_name\" content=\"Marty Tatoo\" \/>\n<meta property=\"article:publisher\" content=\"https:\/\/fr-fr.facebook.com\/AtelierMartyTatoo\/\" \/>\n<meta property=\"article:modified_time\" content=\"2024-12-17T10:37:13+00:00\" \/>\n<meta name=\"twitter:card\" content=\"summary_large_image\" \/>\n<meta name=\"twitter:label1\" content=\"Dur\u00e9e de lecture estim\u00e9e\" \/>\n\t<meta name=\"twitter:data1\" content=\"1 minute\" \/>\n<script type=\"application\/ld+json\" class=\"yoast-schema-graph\">{\"@context\":\"https:\/\/schema.org\",\"@graph\":[{\"@type\":\"WebPage\",\"@id\":\"https:\/\/pierre-delaunay.fr\/marty-tatoo\/tatouage-black-light\/\",\"url\":\"https:\/\/pierre-delaunay.fr\/marty-tatoo\/tatouage-black-light\/\",\"name\":\"Tatouage black light - Marty Tatoo\",\"isPartOf\":{\"@id\":\"https:\/\/pierre-delaunay.fr\/marty-tatoo\/#website\"},\"datePublished\":\"2018-02-23T05:48:00+00:00\",\"dateModified\":\"2024-12-17T10:37:13+00:00\",\"breadcrumb\":{\"@id\":\"https:\/\/pierre-delaunay.fr\/marty-tatoo\/tatouage-black-light\/#breadcrumb\"},\"inLanguage\":\"fr-FR\",\"potentialAction\":[{\"@type\":\"ReadAction\",\"target\":[\"https:\/\/pierre-delaunay.fr\/marty-tatoo\/tatouage-black-light\/\"]}]},{\"@type\":\"BreadcrumbList\",\"@id\":\"https:\/\/pierre-delaunay.fr\/marty-tatoo\/tatouage-black-light\/#breadcrumb\",\"itemListElement\":[{\"@type\":\"ListItem\",\"position\":1,\"name\":\"Accueil\",\"item\":\"https:\/\/pierre-delaunay.fr\/marty-tatoo\/\"},{\"@type\":\"ListItem\",\"position\":2,\"name\":\"Tatouage black light\"}]},{\"@type\":\"WebSite\",\"@id\":\"https:\/\/pierre-delaunay.fr\/marty-tatoo\/#website\",\"url\":\"https:\/\/pierre-delaunay.fr\/marty-tatoo\/\",\"name\":\"Marty Tatoo\",\"description\":\"PARIS\",\"publisher\":{\"@id\":\"https:\/\/pierre-delaunay.fr\/marty-tatoo\/#organization\"},\"potentialAction\":[{\"@type\":\"SearchAction\",\"target\":{\"@type\":\"EntryPoint\",\"urlTemplate\":\"https:\/\/pierre-delaunay.fr\/marty-tatoo\/?s={search_term_string}\"},\"query-input\":{\"@type\":\"PropertyValueSpecification\",\"valueRequired\":true,\"valueName\":\"search_term_string\"}}],\"inLanguage\":\"fr-FR\"},{\"@type\":\"Organization\",\"@id\":\"https:\/\/pierre-delaunay.fr\/marty-tatoo\/#organization\",\"name\":\"Marty Tatoo\",\"url\":\"https:\/\/pierre-delaunay.fr\/marty-tatoo\/\",\"logo\":{\"@type\":\"ImageObject\",\"inLanguage\":\"fr-FR\",\"@id\":\"https:\/\/pierre-delaunay.fr\/marty-tatoo\/#\/schema\/logo\/image\/\",\"url\":\"https:\/\/pierre-delaunay.fr\/marty-tatoo\/wp-content\/uploads\/logo-plien-png.png\",\"contentUrl\":\"https:\/\/pierre-delaunay.fr\/marty-tatoo\/wp-content\/uploads\/logo-plien-png.png\",\"width\":154,\"height\":150,\"caption\":\"Marty Tatoo\"},\"image\":{\"@id\":\"https:\/\/pierre-delaunay.fr\/marty-tatoo\/#\/schema\/logo\/image\/\"},\"sameAs\":[\"https:\/\/fr-fr.facebook.com\/AtelierMartyTatoo\/\",\"https:\/\/www.instagram.com\/martytatoo_officiel\/\"]}]}<\/script>\n<!-- \/ Yoast SEO plugin. -->","yoast_head_json":{"title":"Tatouage black light - Marty Tatoo","robots":{"index":"noindex","follow":"follow","max-snippet":"max-snippet:-1","max-image-preview":"max-image-preview:large","max-video-preview":"max-video-preview:-1"},"og_locale":"fr_FR","og_type":"article","og_title":"Tatouage black light - Marty Tatoo","og_description":"[vc_row][vc_column][vc_custom_heading text=\u00a0\u00bbDur\u00e9e 5\/6 jours minimum\u00a0\u00bb font_size=\u00a0\u00bb72&Prime; font_weight=\u00a0\u00bb400&Prime; letter_spacing=\u00a0\u00bb0&Prime;][\/vc_column][\/vc_row][vc_row equal_height=\u00a0\u00bb\u00a0\u00bb font_color=\u00a0\u00bbdark\u00a0\u00bb shift_y=\u00a0\u00bb0&Prime; z_index=\u00a0\u00bb0&Prime;][vc_column width=\u00a0\u00bb2\/3&Prime;][vc_column_text inline_style=\u00a0\u00bbtext-align: justify;margin-top: -2em;\u00a0\u00bb]Enfin le tatouage \u00e9ph\u00e9m\u00e8re qui va illuminer vos soir\u00e9es ! Le tatouage \u00e9ph\u00e9m\u00e8re BLACKLIGHT est de couleur fluo la journ\u00e9e et s\u2019allume sous une lumi\u00e8re noire UV (nightclub, etc). Deux mati\u00e8res vous sont propos\u00e9es : Tatouage encre Australienne pour un...continue reading","og_url":"https:\/\/pierre-delaunay.fr\/marty-tatoo\/tatouage-black-light\/","og_site_name":"Marty Tatoo","article_publisher":"https:\/\/fr-fr.facebook.com\/AtelierMartyTatoo\/","article_modified_time":"2024-12-17T10:37:13+00:00","twitter_card":"summary_large_image","twitter_misc":{"Dur\u00e9e de lecture estim\u00e9e":"1 minute"},"schema":{"@context":"https:\/\/schema.org","@graph":[{"@type":"WebPage","@id":"https:\/\/pierre-delaunay.fr\/marty-tatoo\/tatouage-black-light\/","url":"https:\/\/pierre-delaunay.fr\/marty-tatoo\/tatouage-black-light\/","name":"Tatouage black light - Marty Tatoo","isPartOf":{"@id":"https:\/\/pierre-delaunay.fr\/marty-tatoo\/#website"},"datePublished":"2018-02-23T05:48:00+00:00","dateModified":"2024-12-17T10:37:13+00:00","breadcrumb":{"@id":"https:\/\/pierre-delaunay.fr\/marty-tatoo\/tatouage-black-light\/#breadcrumb"},"inLanguage":"fr-FR","potentialAction":[{"@type":"ReadAction","target":["https:\/\/pierre-delaunay.fr\/marty-tatoo\/tatouage-black-light\/"]}]},{"@type":"BreadcrumbList","@id":"https:\/\/pierre-delaunay.fr\/marty-tatoo\/tatouage-black-light\/#breadcrumb","itemListElement":[{"@type":"ListItem","position":1,"name":"Accueil","item":"https:\/\/pierre-delaunay.fr\/marty-tatoo\/"},{"@type":"ListItem","position":2,"name":"Tatouage black light"}]},{"@type":"WebSite","@id":"https:\/\/pierre-delaunay.fr\/marty-tatoo\/#website","url":"https:\/\/pierre-delaunay.fr\/marty-tatoo\/","name":"Marty Tatoo","description":"PARIS","publisher":{"@id":"https:\/\/pierre-delaunay.fr\/marty-tatoo\/#organization"},"potentialAction":[{"@type":"SearchAction","target":{"@type":"EntryPoint","urlTemplate":"https:\/\/pierre-delaunay.fr\/marty-tatoo\/?s={search_term_string}"},"query-input":{"@type":"PropertyValueSpecification","valueRequired":true,"valueName":"search_term_string"}}],"inLanguage":"fr-FR"},{"@type":"Organization","@id":"https:\/\/pierre-delaunay.fr\/marty-tatoo\/#organization","name":"Marty Tatoo","url":"https:\/\/pierre-delaunay.fr\/marty-tatoo\/","logo":{"@type":"ImageObject","inLanguage":"fr-FR","@id":"https:\/\/pierre-delaunay.fr\/marty-tatoo\/#\/schema\/logo\/image\/","url":"https:\/\/pierre-delaunay.fr\/marty-tatoo\/wp-content\/uploads\/logo-plien-png.png","contentUrl":"https:\/\/pierre-delaunay.fr\/marty-tatoo\/wp-content\/uploads\/logo-plien-png.png","width":154,"height":150,"caption":"Marty Tatoo"},"image":{"@id":"https:\/\/pierre-delaunay.fr\/marty-tatoo\/#\/schema\/logo\/image\/"},"sameAs":["https:\/\/fr-fr.facebook.com\/AtelierMartyTatoo\/","https:\/\/www.instagram.com\/martytatoo_officiel\/"]}]}},"_links":{"self":[{"href":"https:\/\/pierre-delaunay.fr\/marty-tatoo\/wp-json\/wp\/v2\/pages\/508","targetHints":{"allow":["GET"]}}],"collection":[{"href":"https:\/\/pierre-delaunay.fr\/marty-tatoo\/wp-json\/wp\/v2\/pages"}],"about":[{"href":"https:\/\/pierre-delaunay.fr\/marty-tatoo\/wp-json\/wp\/v2\/types\/page"}],"author":[{"embeddable":true,"href":"https:\/\/pierre-delaunay.fr\/marty-tatoo\/wp-json\/wp\/v2\/users\/1"}],"replies":[{"embeddable":true,"href":"https:\/\/pierre-delaunay.fr\/marty-tatoo\/wp-json\/wp\/v2\/comments?post=508"}],"version-history":[{"count":14,"href":"https:\/\/pierre-delaunay.fr\/marty-tatoo\/wp-json\/wp\/v2\/pages\/508\/revisions"}],"predecessor-version":[{"id":24874,"href":"https:\/\/pierre-delaunay.fr\/marty-tatoo\/wp-json\/wp\/v2\/pages\/508\/revisions\/24874"}],"wp:attachment":[{"href":"https:\/\/pierre-delaunay.fr\/marty-tatoo\/wp-json\/wp\/v2\/media?parent=508"}],"curies":[{"name":"wp","href":"https:\/\/api.w.org\/{rel}","templated":true}]}}