{"id":2,"date":"2015-05-31T13:01:31","date_gmt":"2015-05-31T13:01:31","guid":{"rendered":"http:\/\/demo.wolfthemes.com\/tattoopro\/?page_id=2"},"modified":"2025-01-19T13:57:41","modified_gmt":"2025-01-19T12:57:41","slug":"notre-univers","status":"publish","type":"page","link":"https:\/\/pierre-delaunay.fr\/marty-tatoo\/notre-univers\/","title":{"rendered":"NOTRE UNIVERS"},"content":{"rendered":"<div class=\"wpb-content-wrapper\"><p>[vc_row content_width=\u00a0\u00bbfull\u00a0\u00bb full_height=\u00a0\u00bbyes\u00a0\u00bb equal_height=\u00a0\u00bb\u00a0\u00bb shift_y=\u00a0\u00bb0&Prime; z_index=\u00a0\u00bb0&Prime; arrow_down=\u00a0\u00bbtrue\u00a0\u00bb arrow_down_text=\u00a0\u00bbD\u00e9couvrir\u00a0\u00bb inline_style=\u00a0\u00bbcolor:#fff;\u00a0\u00bb][vc_column][rev_slider_vc alias=\u00a0\u00bbslider21&Prime;][\/vc_column][\/vc_row][vc_row equal_height=\u00a0\u00bb\u00a0\u00bb font_color=\u00a0\u00bbdark\u00a0\u00bb background_type=\u00a0\u00bbimage\u00a0\u00bb background_color=\u00a0\u00bblightergrey\u00a0\u00bb background_img_lazyload=\u00a0\u00bb1&Prime; shift_y=\u00a0\u00bb0&Prime; z_index=\u00a0\u00bb0&Prime;][vc_column][vc_custom_heading text=\u00a0\u00bbJe vous invite \u00e0 d\u00e9couvrir notre univers&#8230;\u00a0\u00bb font_size=\u00a0\u00bb28&Prime; font_family=\u00a0\u00bbRaleway\u00a0\u00bb color=\u00a0\u00bbblack\u00a0\u00bb font_weight=\u00a0\u00bb700&Prime; text_transform=\u00a0\u00bbnone\u00a0\u00bb letter_spacing=\u00a0\u00bb0&Prime; css_animation=\u00a0\u00bbfadeInUp\u00a0\u00bb][vc_column_text css_animation=\u00a0\u00bbfadeInUp\u00a0\u00bb]<\/p>\n<p style=\"text-align: justify;\">Depuis bien des ann\u00e9es, le tatouage se d\u00e9mocratise. Il touche maintenant toutes les couches de la soci\u00e9t\u00e9 et tous les \u00e2ges. Les besoins et les envies ne sont plus les m\u00eames.<\/p>\n<p style=\"text-align: justify;\">Une d\u00e9coration sur le corps apporte fantaisie et sensualit\u00e9 et permet de red\u00e9couvrir son corps dans une soci\u00e9t\u00e9 qui tend \u00e0 nous formater. Toutefois, nous ne cherchons plus \u00e0 tout prix \u00e0 choquer mais \u00e0 exister et \u00e0 se faire plaisir.\u00a0Mon souhait avant tout est de r\u00e9pondre \u00e0 vos attentes et vous proposer le tatouage qui vous correspond : pour quelques jours, quelques ann\u00e9es ou pour toujours, car chez nous le tatouage n\u2019est pas forc\u00e9ment un engagement \u00e0 vie. Je souhaitais rassembler dans un m\u00eame lieu toutes les sp\u00e9cialit\u00e9s de tatouage esth\u00e9tique, artistique et m\u00e9dical qui puissent enfin r\u00e9pondre \u00e0 l\u2019ensemble de vos envies et de vos besoins d\u2019aujourd\u2019hui.<\/p>\n<p>[\/vc_column_text][\/vc_column][\/vc_row][vc_row background_type=\u00a0\u00bbimage\u00a0\u00bb background_img=\u00a0\u00bb164&Prime; background_effect=\u00a0\u00bbparallax\u00a0\u00bb add_overlay=\u00a0\u00bbyes\u00a0\u00bb overlay_opacity=\u00a0\u00bb60&Prime; parallax=\u00a0\u00bb1&Prime; overlay_image=\u00a0\u00bb0&Prime; el_class=\u00a0\u00bbfoldTatoueurs\u00a0\u00bb][vc_column][vc_column_text]<\/p>\n<h2 style=\"text-align: center;\">Les artistes<\/h2>\n<p>[\/vc_column_text][vc_empty_space height=\u00a0\u00bb50&Prime;][vc_row_inner][vc_column_inner width=\u00a0\u00bb1\/3&Prime;][wvc_team_member image_style=\u00a0\u00bbportrait\u00a0\u00bb name=\u00a0\u00bbMr Cartoon\u00a0\u00bb role=\u00a0\u00bbLead Tattoo Artist\u00a0\u00bb tagline=\u00a0\u00bbAugue porta porta, est, elementum sed! Mattis, a montes velit non nisi, diam nec nisi vut, vel turpis.\u00a0\u00bb image_id=\u00a0\u00bb175&Prime;][\/vc_column_inner][vc_column_inner width=\u00a0\u00bb1\/3&Prime;][wvc_team_member image_style=\u00a0\u00bbportrait\u00a0\u00bb name=\u00a0\u00bbJade\u00a0\u00bb role=\u00a0\u00bbTattoo design\/Artist\u00a0\u00bb tagline=\u00a0\u00bbAugue porta porta, est, elementum sed! Mattis, a montes velit non nisi, diam nec nisi vut, vel turpis.\u00a0\u00bb image_id=\u00a0\u00bb177&Prime;][\/vc_column_inner][vc_column_inner width=\u00a0\u00bb1\/3&Prime;][wvc_team_member image_style=\u00a0\u00bbportrait\u00a0\u00bb name=\u00a0\u00bbLooping\u00a0\u00bb role=\u00a0\u00bbPiercer\u00a0\u00bb tagline=\u00a0\u00bbAugue porta porta, est, elementum sed! Mattis, a montes velit non nisi, diam nec nisi vut, vel turpis.\u00a0\u00bb image_id=\u00a0\u00bb159&Prime;][\/vc_column_inner][\/vc_row_inner][\/vc_column][\/vc_row][vc_row][vc_column]<section class='holder clearfix holder-2-cols'><div class='holder-element holder-content-text content-light-font wvc-font-light' style='background:url(https:\/\/pierre-delaunay.fr\/marty-tatoo\/wp-content\/uploads\/broken_noise.png);'><div class=\"holder-element-inner\"><div class=\"holder-text-element-inner\">[vc_column_text]Nous vous accueillons \u00e0 partir de 11h et vous recevons jusqu\u2019en soir\u00e9e\u2026 afin de vous r\u00e9server le meilleur accueil, il est imp\u00e9ratif de prendre un rendez-vous par t\u00e9l\u00e9phone au 01 42 39 89 81. (pour nous retrouver en pleine forme, l\u2019atelier est ferm\u00e9 dimanche et lundi). Nous sommes \u00e0 votre enti\u00e8re disposition pour un rendez-vous de premier contact sans engagement o\u00f9 nous nous ferons un plaisir de vous apporter des explications pr\u00e9cises afin que vous preniez votre d\u00e9cision en toute s\u00e9r\u00e9nit\u00e9. L\u2019atelier Martytatoo, vous propose toujours les derni\u00e8res technologies et m\u00e9thodes innovantes, test\u00e9es et professionnelles, \u00e9tudi\u00e9es avec objectivit\u00e9 afin de vous donner sur du long terme la meilleure satisfaction.[\/vc_column_text]<div class='buttons-container text-left'>[vc_button button_type=\u00a0\u00bbtattoopress-button-solid-accent\u00a0\u00bb title=\u00a0\u00bbPrenez rendez-vous\u00a0\u00bb size=\u00a0\u00bbmd\u00a0\u00bb add_icon=\u00a0\u00bbyes\u00a0\u00bb url=\u00a0\u00bbhttp:\/\/martytatoo.paris\/contact\/\u00a0\u00bb link=\u00a0\u00bburl:http%3A%2F%2Fmartytatoo.paris%2Fcontact%2F|title:|target:_self\u00a0\u00bb]<\/div><\/div><\/div><\/div><div class='holder-element holder-content-text content-light-font wvc-font-light'><div class=\"holder-element-inner\"><div class=\"holder-text-element-inner\">[vc_raw_html]JTNDaWZyYW1lJTIwc3JjJTNEJTIyaHR0cHMlM0ElMkYlMkZ3d3cuZ29vZ2xlLmNvbSUyRm1hcHMlMkZlbWJlZCUzRnBiJTNEJTIxNHYxNTMwOTc5Mzg0NjUxJTIxNm04JTIxMW03JTIxMXNDQW9TTEVGR01WRnBjRkJFWWpSVGJVRktaVFpPWjFwMlZsQnlWMlIwWmt4a2FYUjRhMWQ1VWxCVlFqWkpiM2xmJTIxMm0yJTIxMWQ0OC44NzE0MzU0MzIyNDklMjEyZDIuMzY4MjQ0ODk3MDQ4NSUyMTNmMTQxLjgwNjc1Mjg5NDExNDA2JTIxNGYwJTIxNWYwLjc4MjA4NjU5NzQ2Mjc0NjklMjIlMjB3aWR0aCUzRCUyMjYwMCUyMiUyMGhlaWdodCUzRCUyMjQ1MCUyMiUyMGZyYW1lYm9yZGVyJTNEJTIyMCUyMiUyMHN0eWxlJTNEJTIyYm9yZGVyJTNBMCUyMiUyMGFsbG93ZnVsbHNjcmVlbiUzRSUzQyUyRmlmcmFtZSUzRQ==[\/vc_raw_html]<\/div><\/div><\/div><\/section>[\/vc_column][\/vc_row][vc_row content_width=\u00a0\u00bbfull\u00a0\u00bb css=\u00a0\u00bb.vc_custom_4903830{padding-top:50px!important;padding-bottom:0px!important;}\u00a0\u00bb][vc_column][vc_column_text]<\/p>\n<h6 style=\"text-align: center;\">Au plaisir de vous recevoir\u2026<\/h6>\n<h6 style=\"text-align: center;\">Marty et son \u00e9quipe<\/h6>\n<p>[\/vc_column_text][vc_empty_space height=\u00a0\u00bb50&Prime;][\/vc_column][\/vc_row]<\/p>\n<\/div>","protected":false},"excerpt":{"rendered":"<p>[vc_row content_width=\u00a0\u00bbfull\u00a0\u00bb full_height=\u00a0\u00bbyes\u00a0\u00bb equal_height=\u00a0\u00bb\u00a0\u00bb shift_y=\u00a0\u00bb0&Prime; z_index=\u00a0\u00bb0&Prime; arrow_down=\u00a0\u00bbtrue\u00a0\u00bb arrow_down_text=\u00a0\u00bbD\u00e9couvrir\u00a0\u00bb inline_style=\u00a0\u00bbcolor:#fff;\u00a0\u00bb][vc_column][rev_slider_vc alias=\u00a0\u00bbslider21&Prime;][\/vc_column][\/vc_row][vc_row equal_height=\u00a0\u00bb\u00a0\u00bb font_color=\u00a0\u00bbdark\u00a0\u00bb background_type=\u00a0\u00bbimage\u00a0\u00bb background_color=\u00a0\u00bblightergrey\u00a0\u00bb background_img_lazyload=\u00a0\u00bb1&Prime; shift_y=\u00a0\u00bb0&Prime; z_index=\u00a0\u00bb0&Prime;][vc_column][vc_custom_heading text=\u00a0\u00bbJe vous invite \u00e0 d\u00e9couvrir notre univers&#8230;\u00a0\u00bb font_size=\u00a0\u00bb28&Prime; font_family=\u00a0\u00bbRaleway\u00a0\u00bb color=\u00a0\u00bbblack\u00a0\u00bb font_weight=\u00a0\u00bb700&Prime; text_transform=\u00a0\u00bbnone\u00a0\u00bb letter_spacing=\u00a0\u00bb0&Prime; css_animation=\u00a0\u00bbfadeInUp\u00a0\u00bb][vc_column_text css_animation=\u00a0\u00bbfadeInUp\u00a0\u00bb] Depuis bien des ann\u00e9es, le tatouage se d\u00e9mocratise. Il touche maintenant toutes les couches de la soci\u00e9t\u00e9 et tous les \u00e2ges. Les besoins&#8230;<\/p>\n<p><a rel=\"bookmark\" class=\"tattoopress-button-text wvc-button wvc-button-size-sm\" href=\"https:\/\/pierre-delaunay.fr\/marty-tatoo\/notre-univers\/\"><small class=\"wvc-button-background-fill\"><\/small><span>continue reading<\/span><\/a><\/p>\n","protected":false},"author":1,"featured_media":0,"parent":0,"menu_order":0,"comment_status":"open","ping_status":"closed","template":"","meta":{"footnotes":""},"class_list":{"0":"post-2","1":"page","2":"type-page","3":"status-publish","4":"hentry","5":"entry","6":"clearfix","7":"entry-grid","8":"entry-columns-default","9":"entry-page-module-layout-standard","10":"no-post-thumbnail","11":"entry-page","13":"entry-page-grid"},"yoast_head":"<!-- This site is optimized with the Yoast SEO plugin v24.1 - https:\/\/yoast.com\/wordpress\/plugins\/seo\/ -->\n<title>NOTRE UNIVERS - Marty Tatoo<\/title>\n<meta name=\"robots\" content=\"noindex, follow, max-snippet:-1, max-image-preview:large, max-video-preview:-1\" \/>\n<meta property=\"og:locale\" content=\"fr_FR\" \/>\n<meta property=\"og:type\" content=\"article\" \/>\n<meta property=\"og:title\" content=\"NOTRE UNIVERS - Marty Tatoo\" \/>\n<meta property=\"og:description\" content=\"[vc_row content_width=\u00a0\u00bbfull\u00a0\u00bb full_height=\u00a0\u00bbyes\u00a0\u00bb equal_height=\u00a0\u00bb\u00a0\u00bb shift_y=\u00a0\u00bb0&Prime; z_index=\u00a0\u00bb0&Prime; arrow_down=\u00a0\u00bbtrue\u00a0\u00bb arrow_down_text=\u00a0\u00bbD\u00e9couvrir\u00a0\u00bb inline_style=\u00a0\u00bbcolor:#fff;\u00a0\u00bb][vc_column][rev_slider_vc alias=\u00a0\u00bbslider21&Prime;][\/vc_column][\/vc_row][vc_row equal_height=\u00a0\u00bb\u00a0\u00bb font_color=\u00a0\u00bbdark\u00a0\u00bb background_type=\u00a0\u00bbimage\u00a0\u00bb background_color=\u00a0\u00bblightergrey\u00a0\u00bb background_img_lazyload=\u00a0\u00bb1&Prime; shift_y=\u00a0\u00bb0&Prime; z_index=\u00a0\u00bb0&Prime;][vc_column][vc_custom_heading text=\u00a0\u00bbJe vous invite \u00e0 d\u00e9couvrir notre univers&#8230;\u00a0\u00bb font_size=\u00a0\u00bb28&Prime; font_family=\u00a0\u00bbRaleway\u00a0\u00bb color=\u00a0\u00bbblack\u00a0\u00bb font_weight=\u00a0\u00bb700&Prime; text_transform=\u00a0\u00bbnone\u00a0\u00bb letter_spacing=\u00a0\u00bb0&Prime; css_animation=\u00a0\u00bbfadeInUp\u00a0\u00bb][vc_column_text css_animation=\u00a0\u00bbfadeInUp\u00a0\u00bb] Depuis bien des ann\u00e9es, le tatouage se d\u00e9mocratise. Il touche maintenant toutes les couches de la soci\u00e9t\u00e9 et tous les \u00e2ges. Les besoins...continue reading\" \/>\n<meta property=\"og:url\" content=\"https:\/\/pierre-delaunay.fr\/marty-tatoo\/notre-univers\/\" \/>\n<meta property=\"og:site_name\" content=\"Marty Tatoo\" \/>\n<meta property=\"article:publisher\" content=\"https:\/\/fr-fr.facebook.com\/AtelierMartyTatoo\/\" \/>\n<meta property=\"article:modified_time\" content=\"2025-01-19T12:57:41+00:00\" \/>\n<meta name=\"twitter:card\" content=\"summary_large_image\" \/>\n<meta name=\"twitter:label1\" content=\"Dur\u00e9e de lecture estim\u00e9e\" \/>\n\t<meta name=\"twitter:data1\" content=\"4 minutes\" \/>\n<script type=\"application\/ld+json\" class=\"yoast-schema-graph\">{\"@context\":\"https:\/\/schema.org\",\"@graph\":[{\"@type\":\"WebPage\",\"@id\":\"https:\/\/pierre-delaunay.fr\/marty-tatoo\/notre-univers\/\",\"url\":\"https:\/\/pierre-delaunay.fr\/marty-tatoo\/notre-univers\/\",\"name\":\"NOTRE UNIVERS - Marty Tatoo\",\"isPartOf\":{\"@id\":\"https:\/\/pierre-delaunay.fr\/marty-tatoo\/#website\"},\"datePublished\":\"2015-05-31T13:01:31+00:00\",\"dateModified\":\"2025-01-19T12:57:41+00:00\",\"breadcrumb\":{\"@id\":\"https:\/\/pierre-delaunay.fr\/marty-tatoo\/notre-univers\/#breadcrumb\"},\"inLanguage\":\"fr-FR\",\"potentialAction\":[{\"@type\":\"ReadAction\",\"target\":[\"https:\/\/pierre-delaunay.fr\/marty-tatoo\/notre-univers\/\"]}]},{\"@type\":\"BreadcrumbList\",\"@id\":\"https:\/\/pierre-delaunay.fr\/marty-tatoo\/notre-univers\/#breadcrumb\",\"itemListElement\":[{\"@type\":\"ListItem\",\"position\":1,\"name\":\"Accueil\",\"item\":\"https:\/\/pierre-delaunay.fr\/marty-tatoo\/\"},{\"@type\":\"ListItem\",\"position\":2,\"name\":\"NOTRE UNIVERS\"}]},{\"@type\":\"WebSite\",\"@id\":\"https:\/\/pierre-delaunay.fr\/marty-tatoo\/#website\",\"url\":\"https:\/\/pierre-delaunay.fr\/marty-tatoo\/\",\"name\":\"Marty Tatoo\",\"description\":\"PARIS\",\"publisher\":{\"@id\":\"https:\/\/pierre-delaunay.fr\/marty-tatoo\/#organization\"},\"potentialAction\":[{\"@type\":\"SearchAction\",\"target\":{\"@type\":\"EntryPoint\",\"urlTemplate\":\"https:\/\/pierre-delaunay.fr\/marty-tatoo\/?s={search_term_string}\"},\"query-input\":{\"@type\":\"PropertyValueSpecification\",\"valueRequired\":true,\"valueName\":\"search_term_string\"}}],\"inLanguage\":\"fr-FR\"},{\"@type\":\"Organization\",\"@id\":\"https:\/\/pierre-delaunay.fr\/marty-tatoo\/#organization\",\"name\":\"Marty Tatoo\",\"url\":\"https:\/\/pierre-delaunay.fr\/marty-tatoo\/\",\"logo\":{\"@type\":\"ImageObject\",\"inLanguage\":\"fr-FR\",\"@id\":\"https:\/\/pierre-delaunay.fr\/marty-tatoo\/#\/schema\/logo\/image\/\",\"url\":\"https:\/\/pierre-delaunay.fr\/marty-tatoo\/wp-content\/uploads\/logo-plien-png.png\",\"contentUrl\":\"https:\/\/pierre-delaunay.fr\/marty-tatoo\/wp-content\/uploads\/logo-plien-png.png\",\"width\":154,\"height\":150,\"caption\":\"Marty Tatoo\"},\"image\":{\"@id\":\"https:\/\/pierre-delaunay.fr\/marty-tatoo\/#\/schema\/logo\/image\/\"},\"sameAs\":[\"https:\/\/fr-fr.facebook.com\/AtelierMartyTatoo\/\",\"https:\/\/www.instagram.com\/martytatoo_officiel\/\"]}]}<\/script>\n<!-- \/ Yoast SEO plugin. -->","yoast_head_json":{"title":"NOTRE UNIVERS - Marty Tatoo","robots":{"index":"noindex","follow":"follow","max-snippet":"max-snippet:-1","max-image-preview":"max-image-preview:large","max-video-preview":"max-video-preview:-1"},"og_locale":"fr_FR","og_type":"article","og_title":"NOTRE UNIVERS - Marty Tatoo","og_description":"[vc_row content_width=\u00a0\u00bbfull\u00a0\u00bb full_height=\u00a0\u00bbyes\u00a0\u00bb equal_height=\u00a0\u00bb\u00a0\u00bb shift_y=\u00a0\u00bb0&Prime; z_index=\u00a0\u00bb0&Prime; arrow_down=\u00a0\u00bbtrue\u00a0\u00bb arrow_down_text=\u00a0\u00bbD\u00e9couvrir\u00a0\u00bb inline_style=\u00a0\u00bbcolor:#fff;\u00a0\u00bb][vc_column][rev_slider_vc alias=\u00a0\u00bbslider21&Prime;][\/vc_column][\/vc_row][vc_row equal_height=\u00a0\u00bb\u00a0\u00bb font_color=\u00a0\u00bbdark\u00a0\u00bb background_type=\u00a0\u00bbimage\u00a0\u00bb background_color=\u00a0\u00bblightergrey\u00a0\u00bb background_img_lazyload=\u00a0\u00bb1&Prime; shift_y=\u00a0\u00bb0&Prime; z_index=\u00a0\u00bb0&Prime;][vc_column][vc_custom_heading text=\u00a0\u00bbJe vous invite \u00e0 d\u00e9couvrir notre univers&#8230;\u00a0\u00bb font_size=\u00a0\u00bb28&Prime; font_family=\u00a0\u00bbRaleway\u00a0\u00bb color=\u00a0\u00bbblack\u00a0\u00bb font_weight=\u00a0\u00bb700&Prime; text_transform=\u00a0\u00bbnone\u00a0\u00bb letter_spacing=\u00a0\u00bb0&Prime; css_animation=\u00a0\u00bbfadeInUp\u00a0\u00bb][vc_column_text css_animation=\u00a0\u00bbfadeInUp\u00a0\u00bb] Depuis bien des ann\u00e9es, le tatouage se d\u00e9mocratise. Il touche maintenant toutes les couches de la soci\u00e9t\u00e9 et tous les \u00e2ges. Les besoins...continue reading","og_url":"https:\/\/pierre-delaunay.fr\/marty-tatoo\/notre-univers\/","og_site_name":"Marty Tatoo","article_publisher":"https:\/\/fr-fr.facebook.com\/AtelierMartyTatoo\/","article_modified_time":"2025-01-19T12:57:41+00:00","twitter_card":"summary_large_image","twitter_misc":{"Dur\u00e9e de lecture estim\u00e9e":"4 minutes"},"schema":{"@context":"https:\/\/schema.org","@graph":[{"@type":"WebPage","@id":"https:\/\/pierre-delaunay.fr\/marty-tatoo\/notre-univers\/","url":"https:\/\/pierre-delaunay.fr\/marty-tatoo\/notre-univers\/","name":"NOTRE UNIVERS - Marty Tatoo","isPartOf":{"@id":"https:\/\/pierre-delaunay.fr\/marty-tatoo\/#website"},"datePublished":"2015-05-31T13:01:31+00:00","dateModified":"2025-01-19T12:57:41+00:00","breadcrumb":{"@id":"https:\/\/pierre-delaunay.fr\/marty-tatoo\/notre-univers\/#breadcrumb"},"inLanguage":"fr-FR","potentialAction":[{"@type":"ReadAction","target":["https:\/\/pierre-delaunay.fr\/marty-tatoo\/notre-univers\/"]}]},{"@type":"BreadcrumbList","@id":"https:\/\/pierre-delaunay.fr\/marty-tatoo\/notre-univers\/#breadcrumb","itemListElement":[{"@type":"ListItem","position":1,"name":"Accueil","item":"https:\/\/pierre-delaunay.fr\/marty-tatoo\/"},{"@type":"ListItem","position":2,"name":"NOTRE UNIVERS"}]},{"@type":"WebSite","@id":"https:\/\/pierre-delaunay.fr\/marty-tatoo\/#website","url":"https:\/\/pierre-delaunay.fr\/marty-tatoo\/","name":"Marty Tatoo","description":"PARIS","publisher":{"@id":"https:\/\/pierre-delaunay.fr\/marty-tatoo\/#organization"},"potentialAction":[{"@type":"SearchAction","target":{"@type":"EntryPoint","urlTemplate":"https:\/\/pierre-delaunay.fr\/marty-tatoo\/?s={search_term_string}"},"query-input":{"@type":"PropertyValueSpecification","valueRequired":true,"valueName":"search_term_string"}}],"inLanguage":"fr-FR"},{"@type":"Organization","@id":"https:\/\/pierre-delaunay.fr\/marty-tatoo\/#organization","name":"Marty Tatoo","url":"https:\/\/pierre-delaunay.fr\/marty-tatoo\/","logo":{"@type":"ImageObject","inLanguage":"fr-FR","@id":"https:\/\/pierre-delaunay.fr\/marty-tatoo\/#\/schema\/logo\/image\/","url":"https:\/\/pierre-delaunay.fr\/marty-tatoo\/wp-content\/uploads\/logo-plien-png.png","contentUrl":"https:\/\/pierre-delaunay.fr\/marty-tatoo\/wp-content\/uploads\/logo-plien-png.png","width":154,"height":150,"caption":"Marty Tatoo"},"image":{"@id":"https:\/\/pierre-delaunay.fr\/marty-tatoo\/#\/schema\/logo\/image\/"},"sameAs":["https:\/\/fr-fr.facebook.com\/AtelierMartyTatoo\/","https:\/\/www.instagram.com\/martytatoo_officiel\/"]}]}},"_links":{"self":[{"href":"https:\/\/pierre-delaunay.fr\/marty-tatoo\/wp-json\/wp\/v2\/pages\/2","targetHints":{"allow":["GET"]}}],"collection":[{"href":"https:\/\/pierre-delaunay.fr\/marty-tatoo\/wp-json\/wp\/v2\/pages"}],"about":[{"href":"https:\/\/pierre-delaunay.fr\/marty-tatoo\/wp-json\/wp\/v2\/types\/page"}],"author":[{"embeddable":true,"href":"https:\/\/pierre-delaunay.fr\/marty-tatoo\/wp-json\/wp\/v2\/users\/1"}],"replies":[{"embeddable":true,"href":"https:\/\/pierre-delaunay.fr\/marty-tatoo\/wp-json\/wp\/v2\/comments?post=2"}],"version-history":[{"count":6,"href":"https:\/\/pierre-delaunay.fr\/marty-tatoo\/wp-json\/wp\/v2\/pages\/2\/revisions"}],"predecessor-version":[{"id":25129,"href":"https:\/\/pierre-delaunay.fr\/marty-tatoo\/wp-json\/wp\/v2\/pages\/2\/revisions\/25129"}],"wp:attachment":[{"href":"https:\/\/pierre-delaunay.fr\/marty-tatoo\/wp-json\/wp\/v2\/media?parent=2"}],"curies":[{"name":"wp","href":"https:\/\/api.w.org\/{rel}","templated":true}]}}