{"id":10,"date":"2015-05-31T13:16:09","date_gmt":"2015-05-31T13:16:09","guid":{"rendered":"http:\/\/demo.wolfthemes.com\/tattoopro\/?page_id=10"},"modified":"2024-12-22T14:45:14","modified_gmt":"2024-12-22T13:45:14","slug":"contact","status":"publish","type":"page","link":"https:\/\/pierre-delaunay.fr\/marty-tatoo\/contact\/","title":{"rendered":"Contact"},"content":{"rendered":"<div class=\"wpb-content-wrapper\"><p>[vc_row background_repeat=\u00a0\u00bbrepeat\u00a0\u00bb background_size=\u00a0\u00bbdefault\u00a0\u00bb font_color=\u00a0\u00bblight\u00a0\u00bb background_type=\u00a0\u00bbimage\u00a0\u00bb background_img=\u00a0\u00bb334&Prime; ][vc_column width=\u00a0\u00bb2\/3&Prime; ][vc_column_text]<\/p>\n<h2 style=\"text-align: left;\">Contactez-nous !<\/h2>\n<p>Pour toutes informations, bons cadeaux ou prise de rendez-vous.[\/vc_column_text]\n<div class=\"wpcf7 no-js\" id=\"wpcf7-f9-o1\" lang=\"fr-FR\" dir=\"ltr\" data-wpcf7-id=\"9\">\n<div class=\"screen-reader-response\"><p role=\"status\" aria-live=\"polite\" aria-atomic=\"true\"><\/p> <ul><\/ul><\/div>\n<form action=\"\/marty-tatoo\/wp-json\/wp\/v2\/pages\/10#wpcf7-f9-o1\" method=\"post\" class=\"wpcf7-form init\" aria-label=\"Formulaire de contact\" enctype=\"multipart\/form-data\" novalidate=\"novalidate\" data-status=\"init\">\n<div style=\"display: none;\">\n<input type=\"hidden\" name=\"_wpcf7\" value=\"9\" \/>\n<input type=\"hidden\" name=\"_wpcf7_version\" value=\"6.0.2\" \/>\n<input type=\"hidden\" name=\"_wpcf7_locale\" value=\"fr_FR\" \/>\n<input type=\"hidden\" name=\"_wpcf7_unit_tag\" value=\"wpcf7-f9-o1\" \/>\n<input type=\"hidden\" name=\"_wpcf7_container_post\" value=\"0\" \/>\n<input type=\"hidden\" name=\"_wpcf7_posted_data_hash\" value=\"\" \/>\n<\/div>\n<p>Votre Nom (requis)\n<\/p>\n<p><span class=\"wpcf7-form-control-wrap\" data-name=\"your-name\"><input size=\"40\" maxlength=\"400\" class=\"wpcf7-form-control wpcf7-text wpcf7-validates-as-required\" aria-required=\"true\" aria-invalid=\"false\" value=\"\" type=\"text\" name=\"your-name\" \/><\/span>\n<\/p>\n<p>Votre mail (requis)\n<\/p>\n<p><span class=\"wpcf7-form-control-wrap\" data-name=\"your-email\"><input size=\"40\" maxlength=\"400\" class=\"wpcf7-form-control wpcf7-email wpcf7-validates-as-required wpcf7-text wpcf7-validates-as-email\" aria-required=\"true\" aria-invalid=\"false\" value=\"\" type=\"email\" name=\"your-email\" \/><\/span>\n<\/p>\n<p>Votre num\u00e9ro de t\u00e9l\u00e9phone\n<\/p>\n<p><span class=\"wpcf7-form-control-wrap\" data-name=\"tel-155\"><input size=\"40\" maxlength=\"400\" class=\"wpcf7-form-control wpcf7-tel wpcf7-text wpcf7-validates-as-tel\" aria-invalid=\"false\" value=\"\" type=\"tel\" name=\"tel-155\" \/><\/span>\n<\/p>\n<p>Sujet\n<\/p>\n<p><span class=\"wpcf7-form-control-wrap\" data-name=\"menu-437\"><select class=\"wpcf7-form-control wpcf7-select wpcf7-validates-as-required\" aria-required=\"true\" aria-invalid=\"false\" name=\"menu-437\"><option value=\"Prise de rendez-vous\">Prise de rendez-vous<\/option><option value=\"Informations\">Informations<\/option><option value=\"Bon cadeau\">Bon cadeau<\/option><option value=\"Autre\">Autre<\/option><\/select><\/span>\n<\/p>\n<p>Votre message\n<\/p>\n<p><span class=\"wpcf7-form-control-wrap\" data-name=\"your-message\"><textarea cols=\"40\" rows=\"10\" maxlength=\"2000\" class=\"wpcf7-form-control wpcf7-textarea wpcf7-validates-as-required\" aria-required=\"true\" aria-invalid=\"false\" name=\"your-message\"><\/textarea><\/span>\n<\/p>\n<p>Pi\u00e8ce jointe\n<\/p>\n<p><span class=\"wpcf7-form-control-wrap\" data-name=\"file-900\"><input size=\"40\" class=\"wpcf7-form-control wpcf7-file\" accept=\"image\/*,.pdf,.txt\" aria-invalid=\"false\" type=\"file\" name=\"file-900\" \/><\/span>\n<\/p>\n<p><input class=\"wpcf7-form-control wpcf7-submit has-spinner\" type=\"submit\" value=\"Envoyer\" \/>\n<\/p><div class=\"wpcf7-response-output\" aria-hidden=\"true\"><\/div>\n<\/form>\n<\/div>\n[\/vc_column][vc_column width=\u00a0\u00bb1\/3&Prime; ][vc_column_text el_class=\u00a0\u00bbfindUs\u00a0\u00bb ]<\/p>\n<h3>Nous trouver<\/h3>\n<p>[\/vc_column_text][vc_empty_space height=\u00a0\u00bb30&Prime; ][vc_gmaps link=\u00a0\u00bb#E-8_JTNDaWZyYW1lJTIwc3JjJTNEJTIyaHR0cHMlM0ElMkYlMkZ3d3cuZ29vZ2xlLmNvbSUyRm1hcHMlMkZlbWJlZCUzRnBiJTNEJTIxMW0xOCUyMTFtMTIlMjExbTMlMjExZDI2MjQuMzA5NTEzMzg2NzI5NiUyMTJkMi4zNjYwNTQzMTU4NzI3ODklMjEzZDQ4Ljg3MTM3NTkwNzc0NjAyJTIxMm0zJTIxMWYwJTIxMmYwJTIxM2YwJTIxM20yJTIxMWkxMDI0JTIxMmk3NjglMjE0ZjEzLjElMjEzbTMlMjExbTIlMjExczB4NDdlNjZkZTFmY2VhM2QzMyUyNTNBMHgyYjQ5MDQ3ZmJhMjE5NWUxJTIxMnMzNCUyQlJ1ZSUyQkJpY2hhdCUyNTJDJTJCNzUwMTAlMkJQYXJpcyUyNTJDJTJCRnJhbmNlJTIxNWUwJTIxM20yJTIxMXNmciUyMTJzJTIxNHYxNTE5MzczMDYwODYxJTIyJTIwZnJhbWVib3JkZXIlM0QlMjIwJTIyJTIwc3R5bGUlM0QlMjJib3JkZXIlM0EwJTIyJTIwYWxsb3dmdWxsc2NyZWVuJTNFJTNDJTJGaWZyYW1lJTNF\u00a0\u00bb size=\u00a0\u00bb250&Prime; ][vc_empty_space height=\u00a0\u00bb30&Prime; ][vc_icon title=\u00a0\u00bbAdresse\u00a0\u00bb text=\u00a0\u00bb34bis Rue Bichat, 75010 Paris\u00a0\u00bb hover_effect=\u00a0\u00bbfill\u00a0\u00bb type=\u00a0\u00bblinecons\u00a0\u00bb icon_linecons=\u00a0\u00bbvc_li vc_li-location\u00a0\u00bb el_class=\u00a0\u00bbboxIcon\u00a0\u00bb position=\u00a0\u00bbleft_from_title\u00a0\u00bb ][vc_icon title=\u00a0\u00bbT\u00e9l\u00e9phone\u00a0\u00bb text=\u00a0\u00bbFixe: +33 (0) 1 42 39 89 81&Prime; hover_effect=\u00a0\u00bbfill\u00a0\u00bb type=\u00a0\u00bblinecons\u00a0\u00bb icon_linecons=\u00a0\u00bbvc_li vc_li-phone\u00a0\u00bb el_class=\u00a0\u00bbboxIcon\u00a0\u00bb position=\u00a0\u00bbleft_from_title\u00a0\u00bb ][vc_icon title=\u00a0\u00bbEmail\u00a0\u00bb text=\u00a0\u00bbateliermartytatoo@gmail.com\u00a0\u00bb hover_effect=\u00a0\u00bbfill\u00a0\u00bb type=\u00a0\u00bblinecons\u00a0\u00bb icon_linecons=\u00a0\u00bbvc_li vc_li-mail\u00a0\u00bb el_class=\u00a0\u00bbboxIcon\u00a0\u00bb position=\u00a0\u00bbleft_from_title\u00a0\u00bb ][\/vc_column][\/vc_row][vc_row parallax=\u00a0\u00bb1&Prime; overlay_image=\u00a0\u00bb0&Prime; overlay_opacity=\u00a0\u00bb40&Prime; font_color=\u00a0\u00bblight\u00a0\u00bb background_type=\u00a0\u00bbimage\u00a0\u00bb background_img=\u00a0\u00bb568&Prime; background_effect=\u00a0\u00bbparallax\u00a0\u00bb add_overlay=\u00a0\u00bbyes\u00a0\u00bb ][vc_column][wvc_social_icons services=\u00a0\u00bbfacebook,instagram,googleplus\u00a0\u00bb size=\u00a0\u00bbfa-3x\u00a0\u00bb hover_effect=\u00a0\u00bbfill-in\u00a0\u00bb custom_style=\u00a0\u00bbyes\u00a0\u00bb icon_color=\u00a0\u00bb#ffffff\u00a0\u00bb border_color=\u00a0\u00bb#ffffff\u00a0\u00bb icon_color_hover=\u00a0\u00bb#f1f1f1&Prime; border_color_hover=\u00a0\u00bb#f1f1f1&Prime; css_animation=\u00a0\u00bbfadeIn\u00a0\u00bb background_style=\u00a0\u00bbrounded\u00a0\u00bb ][\/vc_column][\/vc_row]<\/p>\n<\/div>","protected":false},"excerpt":{"rendered":"<p>[vc_row background_repeat=\u00a0\u00bbrepeat\u00a0\u00bb background_size=\u00a0\u00bbdefault\u00a0\u00bb font_color=\u00a0\u00bblight\u00a0\u00bb background_type=\u00a0\u00bbimage\u00a0\u00bb background_img=\u00a0\u00bb334&Prime; ][vc_column width=\u00a0\u00bb2\/3&Prime; ][vc_column_text] Contactez-nous ! Pour toutes informations, bons cadeaux ou prise de rendez-vous.[\/vc_column_text][\/vc_column][vc_column width=\u00a0\u00bb1\/3&Prime; ][vc_column_text el_class=\u00a0\u00bbfindUs\u00a0\u00bb ] Nous trouver [\/vc_column_text][vc_empty_space height=\u00a0\u00bb30&Prime; ][vc_gmaps link=\u00a0\u00bb#E-8_JTNDaWZyYW1lJTIwc3JjJTNEJTIyaHR0cHMlM0ElMkYlMkZ3d3cuZ29vZ2xlLmNvbSUyRm1hcHMlMkZlbWJlZCUzRnBiJTNEJTIxMW0xOCUyMTFtMTIlMjExbTMlMjExZDI2MjQuMzA5NTEzMzg2NzI5NiUyMTJkMi4zNjYwNTQzMTU4NzI3ODklMjEzZDQ4Ljg3MTM3NTkwNzc0NjAyJTIxMm0zJTIxMWYwJTIxMmYwJTIxM2YwJTIxM20yJTIxMWkxMDI0JTIxMmk3NjglMjE0ZjEzLjElMjEzbTMlMjExbTIlMjExczB4NDdlNjZkZTFmY2VhM2QzMyUyNTNBMHgyYjQ5MDQ3ZmJhMjE5NWUxJTIxMnMzNCUyQlJ1ZSUyQkJpY2hhdCUyNTJDJTJCNzUwMTAlMkJQYXJpcyUyNTJDJTJCRnJhbmNlJTIxNWUwJTIxM20yJTIxMXNmciUyMTJzJTIxNHYxNTE5MzczMDYwODYxJTIyJTIwZnJhbWVib3JkZXIlM0QlMjIwJTIyJTIwc3R5bGUlM0QlMjJib3JkZXIlM0EwJTIyJTIwYWxsb3dmdWxsc2NyZWVuJTNFJTNDJTJGaWZyYW1lJTNF\u00a0\u00bb size=\u00a0\u00bb250&Prime; ][vc_empty_space height=\u00a0\u00bb30&Prime; ][vc_icon title=\u00a0\u00bbAdresse\u00a0\u00bb text=\u00a0\u00bb34bis Rue Bichat, 75010 Paris\u00a0\u00bb hover_effect=\u00a0\u00bbfill\u00a0\u00bb type=\u00a0\u00bblinecons\u00a0\u00bb icon_linecons=\u00a0\u00bbvc_li vc_li-location\u00a0\u00bb el_class=\u00a0\u00bbboxIcon\u00a0\u00bb position=\u00a0\u00bbleft_from_title\u00a0\u00bb ][vc_icon title=\u00a0\u00bbT\u00e9l\u00e9phone\u00a0\u00bb text=\u00a0\u00bbFixe: +33 (0) 1 42 39 89&#8230;<\/p>\n<p><a rel=\"bookmark\" class=\"tattoopress-button-text wvc-button wvc-button-size-sm\" href=\"https:\/\/pierre-delaunay.fr\/marty-tatoo\/contact\/\"><small class=\"wvc-button-background-fill\"><\/small><span>continue reading<\/span><\/a><\/p>\n","protected":false},"author":1,"featured_media":0,"parent":0,"menu_order":0,"comment_status":"open","ping_status":"open","template":"","meta":{"footnotes":""},"class_list":{"0":"post-10","1":"page","2":"type-page","3":"status-publish","4":"hentry","5":"entry","6":"clearfix","7":"entry-grid","8":"entry-columns-default","9":"entry-page-module-layout-standard","10":"no-post-thumbnail","11":"entry-page","13":"entry-page-grid"},"yoast_head":"<!-- This site is optimized with the Yoast SEO plugin v24.1 - https:\/\/yoast.com\/wordpress\/plugins\/seo\/ -->\n<title>Contact - Marty Tatoo<\/title>\n<meta name=\"robots\" content=\"noindex, follow, max-snippet:-1, max-image-preview:large, max-video-preview:-1\" \/>\n<meta property=\"og:locale\" content=\"fr_FR\" \/>\n<meta property=\"og:type\" content=\"article\" \/>\n<meta property=\"og:title\" content=\"Contact - Marty Tatoo\" \/>\n<meta property=\"og:description\" content=\"[vc_row background_repeat=\u00a0\u00bbrepeat\u00a0\u00bb background_size=\u00a0\u00bbdefault\u00a0\u00bb font_color=\u00a0\u00bblight\u00a0\u00bb background_type=\u00a0\u00bbimage\u00a0\u00bb background_img=\u00a0\u00bb334&Prime; ][vc_column width=\u00a0\u00bb2\/3&Prime; ][vc_column_text] Contactez-nous ! Pour toutes informations, bons cadeaux ou prise de rendez-vous.[\/vc_column_text][\/vc_column][vc_column width=\u00a0\u00bb1\/3&Prime; ][vc_column_text el_class=\u00a0\u00bbfindUs\u00a0\u00bb ] Nous trouver [\/vc_column_text][vc_empty_space height=\u00a0\u00bb30&Prime; ][vc_gmaps link=\u00a0\u00bb#E-8_JTNDaWZyYW1lJTIwc3JjJTNEJTIyaHR0cHMlM0ElMkYlMkZ3d3cuZ29vZ2xlLmNvbSUyRm1hcHMlMkZlbWJlZCUzRnBiJTNEJTIxMW0xOCUyMTFtMTIlMjExbTMlMjExZDI2MjQuMzA5NTEzMzg2NzI5NiUyMTJkMi4zNjYwNTQzMTU4NzI3ODklMjEzZDQ4Ljg3MTM3NTkwNzc0NjAyJTIxMm0zJTIxMWYwJTIxMmYwJTIxM2YwJTIxM20yJTIxMWkxMDI0JTIxMmk3NjglMjE0ZjEzLjElMjEzbTMlMjExbTIlMjExczB4NDdlNjZkZTFmY2VhM2QzMyUyNTNBMHgyYjQ5MDQ3ZmJhMjE5NWUxJTIxMnMzNCUyQlJ1ZSUyQkJpY2hhdCUyNTJDJTJCNzUwMTAlMkJQYXJpcyUyNTJDJTJCRnJhbmNlJTIxNWUwJTIxM20yJTIxMXNmciUyMTJzJTIxNHYxNTE5MzczMDYwODYxJTIyJTIwZnJhbWVib3JkZXIlM0QlMjIwJTIyJTIwc3R5bGUlM0QlMjJib3JkZXIlM0EwJTIyJTIwYWxsb3dmdWxsc2NyZWVuJTNFJTNDJTJGaWZyYW1lJTNF\u00a0\u00bb size=\u00a0\u00bb250&Prime; ][vc_empty_space height=\u00a0\u00bb30&Prime; ][vc_icon title=\u00a0\u00bbAdresse\u00a0\u00bb text=\u00a0\u00bb34bis Rue Bichat, 75010 Paris\u00a0\u00bb hover_effect=\u00a0\u00bbfill\u00a0\u00bb type=\u00a0\u00bblinecons\u00a0\u00bb icon_linecons=\u00a0\u00bbvc_li vc_li-location\u00a0\u00bb el_class=\u00a0\u00bbboxIcon\u00a0\u00bb position=\u00a0\u00bbleft_from_title\u00a0\u00bb ][vc_icon title=\u00a0\u00bbT\u00e9l\u00e9phone\u00a0\u00bb text=\u00a0\u00bbFixe: +33 (0) 1 42 39 89...continue reading\" \/>\n<meta property=\"og:url\" content=\"https:\/\/pierre-delaunay.fr\/marty-tatoo\/contact\/\" \/>\n<meta property=\"og:site_name\" content=\"Marty Tatoo\" \/>\n<meta property=\"article:publisher\" content=\"https:\/\/fr-fr.facebook.com\/AtelierMartyTatoo\/\" \/>\n<meta property=\"article:modified_time\" content=\"2024-12-22T13:45:14+00:00\" \/>\n<meta name=\"twitter:card\" content=\"summary_large_image\" \/>\n<meta name=\"twitter:label1\" content=\"Dur\u00e9e de lecture estim\u00e9e\" \/>\n\t<meta name=\"twitter:data1\" content=\"1 minute\" \/>\n<script type=\"application\/ld+json\" class=\"yoast-schema-graph\">{\"@context\":\"https:\/\/schema.org\",\"@graph\":[{\"@type\":\"WebPage\",\"@id\":\"https:\/\/pierre-delaunay.fr\/marty-tatoo\/contact\/\",\"url\":\"https:\/\/pierre-delaunay.fr\/marty-tatoo\/contact\/\",\"name\":\"Contact - Marty Tatoo\",\"isPartOf\":{\"@id\":\"https:\/\/pierre-delaunay.fr\/marty-tatoo\/#website\"},\"datePublished\":\"2015-05-31T13:16:09+00:00\",\"dateModified\":\"2024-12-22T13:45:14+00:00\",\"breadcrumb\":{\"@id\":\"https:\/\/pierre-delaunay.fr\/marty-tatoo\/contact\/#breadcrumb\"},\"inLanguage\":\"fr-FR\",\"potentialAction\":[{\"@type\":\"ReadAction\",\"target\":[\"https:\/\/pierre-delaunay.fr\/marty-tatoo\/contact\/\"]}]},{\"@type\":\"BreadcrumbList\",\"@id\":\"https:\/\/pierre-delaunay.fr\/marty-tatoo\/contact\/#breadcrumb\",\"itemListElement\":[{\"@type\":\"ListItem\",\"position\":1,\"name\":\"Accueil\",\"item\":\"https:\/\/pierre-delaunay.fr\/marty-tatoo\/\"},{\"@type\":\"ListItem\",\"position\":2,\"name\":\"Contact\"}]},{\"@type\":\"WebSite\",\"@id\":\"https:\/\/pierre-delaunay.fr\/marty-tatoo\/#website\",\"url\":\"https:\/\/pierre-delaunay.fr\/marty-tatoo\/\",\"name\":\"Marty Tatoo\",\"description\":\"PARIS\",\"publisher\":{\"@id\":\"https:\/\/pierre-delaunay.fr\/marty-tatoo\/#organization\"},\"potentialAction\":[{\"@type\":\"SearchAction\",\"target\":{\"@type\":\"EntryPoint\",\"urlTemplate\":\"https:\/\/pierre-delaunay.fr\/marty-tatoo\/?s={search_term_string}\"},\"query-input\":{\"@type\":\"PropertyValueSpecification\",\"valueRequired\":true,\"valueName\":\"search_term_string\"}}],\"inLanguage\":\"fr-FR\"},{\"@type\":\"Organization\",\"@id\":\"https:\/\/pierre-delaunay.fr\/marty-tatoo\/#organization\",\"name\":\"Marty Tatoo\",\"url\":\"https:\/\/pierre-delaunay.fr\/marty-tatoo\/\",\"logo\":{\"@type\":\"ImageObject\",\"inLanguage\":\"fr-FR\",\"@id\":\"https:\/\/pierre-delaunay.fr\/marty-tatoo\/#\/schema\/logo\/image\/\",\"url\":\"https:\/\/pierre-delaunay.fr\/marty-tatoo\/wp-content\/uploads\/logo-plien-png.png\",\"contentUrl\":\"https:\/\/pierre-delaunay.fr\/marty-tatoo\/wp-content\/uploads\/logo-plien-png.png\",\"width\":154,\"height\":150,\"caption\":\"Marty Tatoo\"},\"image\":{\"@id\":\"https:\/\/pierre-delaunay.fr\/marty-tatoo\/#\/schema\/logo\/image\/\"},\"sameAs\":[\"https:\/\/fr-fr.facebook.com\/AtelierMartyTatoo\/\",\"https:\/\/www.instagram.com\/martytatoo_officiel\/\"]}]}<\/script>\n<!-- \/ Yoast SEO plugin. -->","yoast_head_json":{"title":"Contact - Marty Tatoo","robots":{"index":"noindex","follow":"follow","max-snippet":"max-snippet:-1","max-image-preview":"max-image-preview:large","max-video-preview":"max-video-preview:-1"},"og_locale":"fr_FR","og_type":"article","og_title":"Contact - Marty Tatoo","og_description":"[vc_row background_repeat=\u00a0\u00bbrepeat\u00a0\u00bb background_size=\u00a0\u00bbdefault\u00a0\u00bb font_color=\u00a0\u00bblight\u00a0\u00bb background_type=\u00a0\u00bbimage\u00a0\u00bb background_img=\u00a0\u00bb334&Prime; ][vc_column width=\u00a0\u00bb2\/3&Prime; ][vc_column_text] Contactez-nous ! Pour toutes informations, bons cadeaux ou prise de rendez-vous.[\/vc_column_text][\/vc_column][vc_column width=\u00a0\u00bb1\/3&Prime; ][vc_column_text el_class=\u00a0\u00bbfindUs\u00a0\u00bb ] Nous trouver [\/vc_column_text][vc_empty_space height=\u00a0\u00bb30&Prime; ][vc_gmaps link=\u00a0\u00bb#E-8_JTNDaWZyYW1lJTIwc3JjJTNEJTIyaHR0cHMlM0ElMkYlMkZ3d3cuZ29vZ2xlLmNvbSUyRm1hcHMlMkZlbWJlZCUzRnBiJTNEJTIxMW0xOCUyMTFtMTIlMjExbTMlMjExZDI2MjQuMzA5NTEzMzg2NzI5NiUyMTJkMi4zNjYwNTQzMTU4NzI3ODklMjEzZDQ4Ljg3MTM3NTkwNzc0NjAyJTIxMm0zJTIxMWYwJTIxMmYwJTIxM2YwJTIxM20yJTIxMWkxMDI0JTIxMmk3NjglMjE0ZjEzLjElMjEzbTMlMjExbTIlMjExczB4NDdlNjZkZTFmY2VhM2QzMyUyNTNBMHgyYjQ5MDQ3ZmJhMjE5NWUxJTIxMnMzNCUyQlJ1ZSUyQkJpY2hhdCUyNTJDJTJCNzUwMTAlMkJQYXJpcyUyNTJDJTJCRnJhbmNlJTIxNWUwJTIxM20yJTIxMXNmciUyMTJzJTIxNHYxNTE5MzczMDYwODYxJTIyJTIwZnJhbWVib3JkZXIlM0QlMjIwJTIyJTIwc3R5bGUlM0QlMjJib3JkZXIlM0EwJTIyJTIwYWxsb3dmdWxsc2NyZWVuJTNFJTNDJTJGaWZyYW1lJTNF\u00a0\u00bb size=\u00a0\u00bb250&Prime; ][vc_empty_space height=\u00a0\u00bb30&Prime; ][vc_icon title=\u00a0\u00bbAdresse\u00a0\u00bb text=\u00a0\u00bb34bis Rue Bichat, 75010 Paris\u00a0\u00bb hover_effect=\u00a0\u00bbfill\u00a0\u00bb type=\u00a0\u00bblinecons\u00a0\u00bb icon_linecons=\u00a0\u00bbvc_li vc_li-location\u00a0\u00bb el_class=\u00a0\u00bbboxIcon\u00a0\u00bb position=\u00a0\u00bbleft_from_title\u00a0\u00bb ][vc_icon title=\u00a0\u00bbT\u00e9l\u00e9phone\u00a0\u00bb text=\u00a0\u00bbFixe: +33 (0) 1 42 39 89...continue reading","og_url":"https:\/\/pierre-delaunay.fr\/marty-tatoo\/contact\/","og_site_name":"Marty Tatoo","article_publisher":"https:\/\/fr-fr.facebook.com\/AtelierMartyTatoo\/","article_modified_time":"2024-12-22T13:45:14+00:00","twitter_card":"summary_large_image","twitter_misc":{"Dur\u00e9e de lecture estim\u00e9e":"1 minute"},"schema":{"@context":"https:\/\/schema.org","@graph":[{"@type":"WebPage","@id":"https:\/\/pierre-delaunay.fr\/marty-tatoo\/contact\/","url":"https:\/\/pierre-delaunay.fr\/marty-tatoo\/contact\/","name":"Contact - Marty Tatoo","isPartOf":{"@id":"https:\/\/pierre-delaunay.fr\/marty-tatoo\/#website"},"datePublished":"2015-05-31T13:16:09+00:00","dateModified":"2024-12-22T13:45:14+00:00","breadcrumb":{"@id":"https:\/\/pierre-delaunay.fr\/marty-tatoo\/contact\/#breadcrumb"},"inLanguage":"fr-FR","potentialAction":[{"@type":"ReadAction","target":["https:\/\/pierre-delaunay.fr\/marty-tatoo\/contact\/"]}]},{"@type":"BreadcrumbList","@id":"https:\/\/pierre-delaunay.fr\/marty-tatoo\/contact\/#breadcrumb","itemListElement":[{"@type":"ListItem","position":1,"name":"Accueil","item":"https:\/\/pierre-delaunay.fr\/marty-tatoo\/"},{"@type":"ListItem","position":2,"name":"Contact"}]},{"@type":"WebSite","@id":"https:\/\/pierre-delaunay.fr\/marty-tatoo\/#website","url":"https:\/\/pierre-delaunay.fr\/marty-tatoo\/","name":"Marty Tatoo","description":"PARIS","publisher":{"@id":"https:\/\/pierre-delaunay.fr\/marty-tatoo\/#organization"},"potentialAction":[{"@type":"SearchAction","target":{"@type":"EntryPoint","urlTemplate":"https:\/\/pierre-delaunay.fr\/marty-tatoo\/?s={search_term_string}"},"query-input":{"@type":"PropertyValueSpecification","valueRequired":true,"valueName":"search_term_string"}}],"inLanguage":"fr-FR"},{"@type":"Organization","@id":"https:\/\/pierre-delaunay.fr\/marty-tatoo\/#organization","name":"Marty Tatoo","url":"https:\/\/pierre-delaunay.fr\/marty-tatoo\/","logo":{"@type":"ImageObject","inLanguage":"fr-FR","@id":"https:\/\/pierre-delaunay.fr\/marty-tatoo\/#\/schema\/logo\/image\/","url":"https:\/\/pierre-delaunay.fr\/marty-tatoo\/wp-content\/uploads\/logo-plien-png.png","contentUrl":"https:\/\/pierre-delaunay.fr\/marty-tatoo\/wp-content\/uploads\/logo-plien-png.png","width":154,"height":150,"caption":"Marty Tatoo"},"image":{"@id":"https:\/\/pierre-delaunay.fr\/marty-tatoo\/#\/schema\/logo\/image\/"},"sameAs":["https:\/\/fr-fr.facebook.com\/AtelierMartyTatoo\/","https:\/\/www.instagram.com\/martytatoo_officiel\/"]}]}},"_links":{"self":[{"href":"https:\/\/pierre-delaunay.fr\/marty-tatoo\/wp-json\/wp\/v2\/pages\/10","targetHints":{"allow":["GET"]}}],"collection":[{"href":"https:\/\/pierre-delaunay.fr\/marty-tatoo\/wp-json\/wp\/v2\/pages"}],"about":[{"href":"https:\/\/pierre-delaunay.fr\/marty-tatoo\/wp-json\/wp\/v2\/types\/page"}],"author":[{"embeddable":true,"href":"https:\/\/pierre-delaunay.fr\/marty-tatoo\/wp-json\/wp\/v2\/users\/1"}],"replies":[{"embeddable":true,"href":"https:\/\/pierre-delaunay.fr\/marty-tatoo\/wp-json\/wp\/v2\/comments?post=10"}],"version-history":[{"count":8,"href":"https:\/\/pierre-delaunay.fr\/marty-tatoo\/wp-json\/wp\/v2\/pages\/10\/revisions"}],"predecessor-version":[{"id":23980,"href":"https:\/\/pierre-delaunay.fr\/marty-tatoo\/wp-json\/wp\/v2\/pages\/10\/revisions\/23980"}],"wp:attachment":[{"href":"https:\/\/pierre-delaunay.fr\/marty-tatoo\/wp-json\/wp\/v2\/media?parent=10"}],"curies":[{"name":"wp","href":"https:\/\/api.w.org\/{rel}","templated":true}]}}