{"id":6922,"date":"2025-01-15T09:08:42","date_gmt":"2025-01-15T08:08:42","guid":{"rendered":"https:\/\/pierre-delaunay.fr\/lindsey2\/?page_id=6922"},"modified":"2025-01-31T08:17:28","modified_gmt":"2025-01-31T07:17:28","slug":"le-kascavel-restaurant","status":"publish","type":"page","link":"https:\/\/pierre-delaunay.fr\/lindsey2\/le-kascavel-restaurant\/","title":{"rendered":"Le kascavel restaurant"},"content":{"rendered":"\n<p class=\"has-text-align-center\">Plongez au c\u0153ur de la R\u00e9union et laissez-vous tenter par les saveurs de notre \u00eele. Notre restaurant vous propose une <strong>cuisine cr\u00e9ole authentique<\/strong>, pr\u00e9par\u00e9e avec des <strong>produits frais de saison<\/strong>. Des carry parfum\u00e9s aux rougails savoureux, notre chef vous concocte des plats faits maison qui r\u00e9veilleront vos papilles. Pour accompagner votre repas, d\u00e9couvrez notre s\u00e9lection de vins locaux. Notre salle chaleureuse peut accueillir <strong>jusqu&rsquo;\u00e0 20 personnes<\/strong>, id\u00e9ale pour un d\u00e9jeuner en famille ou un d\u00eener entre amis. R\u00e9servez d\u00e8s maintenant votre table et profitez d&rsquo;un moment gourmand.<\/p>\n\n\n\n<div class=\"wp-block-buttons is-content-justification-center is-layout-flex wp-container-core-buttons-is-layout-16018d1d wp-block-buttons-is-layout-flex\">\n<div class=\"wp-block-button is-style-fill\"><a class=\"wp-block-button__link has-text-align-center wp-element-button\" href=\"https:\/\/pierre-delaunay.fr\/lindsey2\/contact\/\">R\u00e9server<\/a><\/div>\n<\/div>\n\n\n\n<p><\/p>\n\n\n\n<h2 class=\"wp-block-heading has-text-align-center\">Un voyage culinaire vous attend au restaurant Le Kascavel<\/h2>\n\n\n\n<figure class=\"wp-block-gallery has-nested-images columns-default is-cropped wp-block-gallery-1 is-layout-flex wp-block-gallery-is-layout-flex\">\n<figure class=\"wp-block-image size-large\"><img fetchpriority=\"high\" decoding=\"async\" width=\"768\" height=\"1024\" data-id=\"6985\" src=\"https:\/\/pierre-delaunay.fr\/lindsey2\/wp-content\/uploads\/2025\/01\/IMG-20250131-WA0012-768x1024.webp\" alt=\"\" class=\"wp-image-6985\" srcset=\"https:\/\/pierre-delaunay.fr\/lindsey2\/wp-content\/uploads\/2025\/01\/IMG-20250131-WA0012-768x1024.webp 768w, https:\/\/pierre-delaunay.fr\/lindsey2\/wp-content\/uploads\/2025\/01\/IMG-20250131-WA0012-225x300.webp 225w, https:\/\/pierre-delaunay.fr\/lindsey2\/wp-content\/uploads\/2025\/01\/IMG-20250131-WA0012.webp 960w\" sizes=\"(max-width: 768px) 100vw, 768px\" \/><\/figure>\n\n\n\n<figure class=\"wp-block-image size-large\"><img decoding=\"async\" width=\"768\" height=\"1024\" data-id=\"6982\" src=\"https:\/\/pierre-delaunay.fr\/lindsey2\/wp-content\/uploads\/2025\/01\/IMG-20250131-WA0011-768x1024.webp\" alt=\"\" class=\"wp-image-6982\" srcset=\"https:\/\/pierre-delaunay.fr\/lindsey2\/wp-content\/uploads\/2025\/01\/IMG-20250131-WA0011-768x1024.webp 768w, https:\/\/pierre-delaunay.fr\/lindsey2\/wp-content\/uploads\/2025\/01\/IMG-20250131-WA0011-225x300.webp 225w, https:\/\/pierre-delaunay.fr\/lindsey2\/wp-content\/uploads\/2025\/01\/IMG-20250131-WA0011.webp 960w\" sizes=\"(max-width: 768px) 100vw, 768px\" \/><\/figure>\n\n\n\n<figure class=\"wp-block-image size-large\"><img decoding=\"async\" width=\"768\" height=\"1024\" data-id=\"6979\" src=\"https:\/\/pierre-delaunay.fr\/lindsey2\/wp-content\/uploads\/2025\/01\/IMG-20250131-WA0007-768x1024.webp\" alt=\"\" class=\"wp-image-6979\" srcset=\"https:\/\/pierre-delaunay.fr\/lindsey2\/wp-content\/uploads\/2025\/01\/IMG-20250131-WA0007-768x1024.webp 768w, https:\/\/pierre-delaunay.fr\/lindsey2\/wp-content\/uploads\/2025\/01\/IMG-20250131-WA0007-225x300.webp 225w, https:\/\/pierre-delaunay.fr\/lindsey2\/wp-content\/uploads\/2025\/01\/IMG-20250131-WA0007.webp 960w\" sizes=\"(max-width: 768px) 100vw, 768px\" \/><\/figure>\n\n\n\n<figure class=\"wp-block-image size-large\"><img loading=\"lazy\" decoding=\"async\" width=\"960\" height=\"901\" data-id=\"6976\" src=\"https:\/\/pierre-delaunay.fr\/lindsey2\/wp-content\/uploads\/2025\/01\/IMG-20250131-WA0005.webp\" alt=\"\" class=\"wp-image-6976\" srcset=\"https:\/\/pierre-delaunay.fr\/lindsey2\/wp-content\/uploads\/2025\/01\/IMG-20250131-WA0005.webp 960w, https:\/\/pierre-delaunay.fr\/lindsey2\/wp-content\/uploads\/2025\/01\/IMG-20250131-WA0005-300x282.webp 300w, https:\/\/pierre-delaunay.fr\/lindsey2\/wp-content\/uploads\/2025\/01\/IMG-20250131-WA0005-768x721.webp 768w\" sizes=\"(max-width: 960px) 100vw, 960px\" \/><\/figure>\n\n\n\n<figure class=\"wp-block-image size-large\"><img loading=\"lazy\" decoding=\"async\" width=\"960\" height=\"961\" data-id=\"6973\" src=\"https:\/\/pierre-delaunay.fr\/lindsey2\/wp-content\/uploads\/2025\/01\/IMG-20250131-WA0003.webp\" alt=\"\" class=\"wp-image-6973\" srcset=\"https:\/\/pierre-delaunay.fr\/lindsey2\/wp-content\/uploads\/2025\/01\/IMG-20250131-WA0003.webp 960w, https:\/\/pierre-delaunay.fr\/lindsey2\/wp-content\/uploads\/2025\/01\/IMG-20250131-WA0003-300x300.webp 300w, https:\/\/pierre-delaunay.fr\/lindsey2\/wp-content\/uploads\/2025\/01\/IMG-20250131-WA0003-150x150.webp 150w, https:\/\/pierre-delaunay.fr\/lindsey2\/wp-content\/uploads\/2025\/01\/IMG-20250131-WA0003-768x769.webp 768w, https:\/\/pierre-delaunay.fr\/lindsey2\/wp-content\/uploads\/2025\/01\/IMG-20250131-WA0003-400x400.webp 400w\" sizes=\"(max-width: 960px) 100vw, 960px\" \/><\/figure>\n<\/figure>\n","protected":false},"excerpt":{"rendered":"<p>Plongez au c\u0153ur de la R\u00e9union et laissez-vous tenter par les saveurs de notre \u00eele. Notre restaurant vous propose une cuisine cr\u00e9ole authentique, pr\u00e9par\u00e9e avec des produits frais de saison. Des carry parfum\u00e9s aux rougails savoureux, notre chef vous concocte des plats faits maison qui r\u00e9veilleront vos papilles. Pour accompagner votre repas, d\u00e9couvrez notre s\u00e9lection&#8230; <\/p>\n<div class=\"clear\"><\/div>\n<p><a href=\"https:\/\/pierre-delaunay.fr\/lindsey2\/le-kascavel-restaurant\/\" class=\"excerpt-read-more\">Poursuivre la lecture<i class=\"fa fa-long-arrow-right icon-long-arrow-right\"><\/i><\/a><\/p>\n","protected":false},"author":1,"featured_media":0,"parent":0,"menu_order":0,"comment_status":"closed","ping_status":"closed","template":"","meta":{"footnotes":""},"class_list":["post-6922","page","type-page","status-publish","hentry"],"yoast_head":"<!-- This site is optimized with the Yoast SEO plugin v26.8 - https:\/\/yoast.com\/product\/yoast-seo-wordpress\/ -->\n<title>Le kascavel restaurant - Lindsey H\u00f4tel<\/title>\n<meta name=\"robots\" content=\"noindex, follow, max-snippet:-1, max-image-preview:large, max-video-preview:-1\" \/>\n<meta property=\"og:locale\" content=\"fr_FR\" \/>\n<meta property=\"og:type\" content=\"article\" \/>\n<meta property=\"og:title\" content=\"Le kascavel restaurant - Lindsey H\u00f4tel\" \/>\n<meta property=\"og:description\" content=\"Plongez au c\u0153ur de la R\u00e9union et laissez-vous tenter par les saveurs de notre \u00eele. Notre restaurant vous propose une cuisine cr\u00e9ole authentique, pr\u00e9par\u00e9e avec des produits frais de saison. Des carry parfum\u00e9s aux rougails savoureux, notre chef vous concocte des plats faits maison qui r\u00e9veilleront vos papilles. Pour accompagner votre repas, d\u00e9couvrez notre s\u00e9lection... Poursuivre la lecture\" \/>\n<meta property=\"og:url\" content=\"https:\/\/pierre-delaunay.fr\/lindsey2\/le-kascavel-restaurant\/\" \/>\n<meta property=\"og:site_name\" content=\"Lindsey H\u00f4tel\" \/>\n<meta property=\"article:publisher\" content=\"https:\/\/www.facebook.com\/LeLindseyHotel\" \/>\n<meta property=\"article:modified_time\" content=\"2025-01-31T07:17:28+00:00\" \/>\n<meta property=\"og:image\" content=\"https:\/\/pierre-delaunay.fr\/lindsey2\/wp-content\/uploads\/2025\/01\/IMG-20250131-WA0012.webp\" \/>\n\t<meta property=\"og:image:width\" content=\"960\" \/>\n\t<meta property=\"og:image:height\" content=\"1280\" \/>\n\t<meta property=\"og:image:type\" content=\"image\/webp\" \/>\n<meta name=\"twitter:card\" content=\"summary_large_image\" \/>\n<meta name=\"twitter:label1\" content=\"Dur\u00e9e de lecture estim\u00e9e\" \/>\n\t<meta name=\"twitter:data1\" content=\"1 minute\" \/>\n<script type=\"application\/ld+json\" class=\"yoast-schema-graph\">{\"@context\":\"https:\/\/schema.org\",\"@graph\":[{\"@type\":\"WebPage\",\"@id\":\"https:\/\/pierre-delaunay.fr\/lindsey2\/le-kascavel-restaurant\/\",\"url\":\"https:\/\/pierre-delaunay.fr\/lindsey2\/le-kascavel-restaurant\/\",\"name\":\"Le kascavel restaurant - Lindsey H\u00f4tel\",\"isPartOf\":{\"@id\":\"https:\/\/pierre-delaunay.fr\/lindsey2\/#website\"},\"primaryImageOfPage\":{\"@id\":\"https:\/\/pierre-delaunay.fr\/lindsey2\/le-kascavel-restaurant\/#primaryimage\"},\"image\":{\"@id\":\"https:\/\/pierre-delaunay.fr\/lindsey2\/le-kascavel-restaurant\/#primaryimage\"},\"thumbnailUrl\":\"https:\/\/pierre-delaunay.fr\/lindsey2\/wp-content\/uploads\/2025\/01\/IMG-20250131-WA0012-768x1024.webp\",\"datePublished\":\"2025-01-15T08:08:42+00:00\",\"dateModified\":\"2025-01-31T07:17:28+00:00\",\"breadcrumb\":{\"@id\":\"https:\/\/pierre-delaunay.fr\/lindsey2\/le-kascavel-restaurant\/#breadcrumb\"},\"inLanguage\":\"fr-FR\",\"potentialAction\":[{\"@type\":\"ReadAction\",\"target\":[\"https:\/\/pierre-delaunay.fr\/lindsey2\/le-kascavel-restaurant\/\"]}]},{\"@type\":\"ImageObject\",\"inLanguage\":\"fr-FR\",\"@id\":\"https:\/\/pierre-delaunay.fr\/lindsey2\/le-kascavel-restaurant\/#primaryimage\",\"url\":\"https:\/\/pierre-delaunay.fr\/lindsey2\/wp-content\/uploads\/2025\/01\/IMG-20250131-WA0012.webp\",\"contentUrl\":\"https:\/\/pierre-delaunay.fr\/lindsey2\/wp-content\/uploads\/2025\/01\/IMG-20250131-WA0012.webp\",\"width\":960,\"height\":1280},{\"@type\":\"BreadcrumbList\",\"@id\":\"https:\/\/pierre-delaunay.fr\/lindsey2\/le-kascavel-restaurant\/#breadcrumb\",\"itemListElement\":[{\"@type\":\"ListItem\",\"position\":1,\"name\":\"Accueil\",\"item\":\"https:\/\/pierre-delaunay.fr\/lindsey2\/\"},{\"@type\":\"ListItem\",\"position\":2,\"name\":\"Le kascavel restaurant\"}]},{\"@type\":\"WebSite\",\"@id\":\"https:\/\/pierre-delaunay.fr\/lindsey2\/#website\",\"url\":\"https:\/\/pierre-delaunay.fr\/lindsey2\/\",\"name\":\"Lindsey H\u00f4tel\",\"description\":\"\",\"publisher\":{\"@id\":\"https:\/\/pierre-delaunay.fr\/lindsey2\/#organization\"},\"potentialAction\":[{\"@type\":\"SearchAction\",\"target\":{\"@type\":\"EntryPoint\",\"urlTemplate\":\"https:\/\/pierre-delaunay.fr\/lindsey2\/?s={search_term_string}\"},\"query-input\":{\"@type\":\"PropertyValueSpecification\",\"valueRequired\":true,\"valueName\":\"search_term_string\"}}],\"inLanguage\":\"fr-FR\"},{\"@type\":\"Organization\",\"@id\":\"https:\/\/pierre-delaunay.fr\/lindsey2\/#organization\",\"name\":\"Lindsey H\u00f4tel\",\"url\":\"https:\/\/pierre-delaunay.fr\/lindsey2\/\",\"logo\":{\"@type\":\"ImageObject\",\"inLanguage\":\"fr-FR\",\"@id\":\"https:\/\/pierre-delaunay.fr\/lindsey2\/#\/schema\/logo\/image\/\",\"url\":\"https:\/\/pierre-delaunay.fr\/lindsey2\/wp-content\/uploads\/2021\/03\/cropped-Logo.jpg\",\"contentUrl\":\"https:\/\/pierre-delaunay.fr\/lindsey2\/wp-content\/uploads\/2021\/03\/cropped-Logo.jpg\",\"width\":512,\"height\":512,\"caption\":\"Lindsey H\u00f4tel\"},\"image\":{\"@id\":\"https:\/\/pierre-delaunay.fr\/lindsey2\/#\/schema\/logo\/image\/\"},\"sameAs\":[\"https:\/\/www.facebook.com\/LeLindseyHotel\"]}]}<\/script>\n<!-- \/ Yoast SEO plugin. -->","yoast_head_json":{"title":"Le kascavel restaurant - Lindsey H\u00f4tel","robots":{"index":"noindex","follow":"follow","max-snippet":"max-snippet:-1","max-image-preview":"max-image-preview:large","max-video-preview":"max-video-preview:-1"},"og_locale":"fr_FR","og_type":"article","og_title":"Le kascavel restaurant - Lindsey H\u00f4tel","og_description":"Plongez au c\u0153ur de la R\u00e9union et laissez-vous tenter par les saveurs de notre \u00eele. Notre restaurant vous propose une cuisine cr\u00e9ole authentique, pr\u00e9par\u00e9e avec des produits frais de saison. Des carry parfum\u00e9s aux rougails savoureux, notre chef vous concocte des plats faits maison qui r\u00e9veilleront vos papilles. Pour accompagner votre repas, d\u00e9couvrez notre s\u00e9lection... Poursuivre la lecture","og_url":"https:\/\/pierre-delaunay.fr\/lindsey2\/le-kascavel-restaurant\/","og_site_name":"Lindsey H\u00f4tel","article_publisher":"https:\/\/www.facebook.com\/LeLindseyHotel","article_modified_time":"2025-01-31T07:17:28+00:00","og_image":[{"width":960,"height":1280,"url":"https:\/\/pierre-delaunay.fr\/lindsey2\/wp-content\/uploads\/2025\/01\/IMG-20250131-WA0012.webp","type":"image\/webp"}],"twitter_card":"summary_large_image","twitter_misc":{"Dur\u00e9e de lecture estim\u00e9e":"1 minute"},"schema":{"@context":"https:\/\/schema.org","@graph":[{"@type":"WebPage","@id":"https:\/\/pierre-delaunay.fr\/lindsey2\/le-kascavel-restaurant\/","url":"https:\/\/pierre-delaunay.fr\/lindsey2\/le-kascavel-restaurant\/","name":"Le kascavel restaurant - Lindsey H\u00f4tel","isPartOf":{"@id":"https:\/\/pierre-delaunay.fr\/lindsey2\/#website"},"primaryImageOfPage":{"@id":"https:\/\/pierre-delaunay.fr\/lindsey2\/le-kascavel-restaurant\/#primaryimage"},"image":{"@id":"https:\/\/pierre-delaunay.fr\/lindsey2\/le-kascavel-restaurant\/#primaryimage"},"thumbnailUrl":"https:\/\/pierre-delaunay.fr\/lindsey2\/wp-content\/uploads\/2025\/01\/IMG-20250131-WA0012-768x1024.webp","datePublished":"2025-01-15T08:08:42+00:00","dateModified":"2025-01-31T07:17:28+00:00","breadcrumb":{"@id":"https:\/\/pierre-delaunay.fr\/lindsey2\/le-kascavel-restaurant\/#breadcrumb"},"inLanguage":"fr-FR","potentialAction":[{"@type":"ReadAction","target":["https:\/\/pierre-delaunay.fr\/lindsey2\/le-kascavel-restaurant\/"]}]},{"@type":"ImageObject","inLanguage":"fr-FR","@id":"https:\/\/pierre-delaunay.fr\/lindsey2\/le-kascavel-restaurant\/#primaryimage","url":"https:\/\/pierre-delaunay.fr\/lindsey2\/wp-content\/uploads\/2025\/01\/IMG-20250131-WA0012.webp","contentUrl":"https:\/\/pierre-delaunay.fr\/lindsey2\/wp-content\/uploads\/2025\/01\/IMG-20250131-WA0012.webp","width":960,"height":1280},{"@type":"BreadcrumbList","@id":"https:\/\/pierre-delaunay.fr\/lindsey2\/le-kascavel-restaurant\/#breadcrumb","itemListElement":[{"@type":"ListItem","position":1,"name":"Accueil","item":"https:\/\/pierre-delaunay.fr\/lindsey2\/"},{"@type":"ListItem","position":2,"name":"Le kascavel restaurant"}]},{"@type":"WebSite","@id":"https:\/\/pierre-delaunay.fr\/lindsey2\/#website","url":"https:\/\/pierre-delaunay.fr\/lindsey2\/","name":"Lindsey H\u00f4tel","description":"","publisher":{"@id":"https:\/\/pierre-delaunay.fr\/lindsey2\/#organization"},"potentialAction":[{"@type":"SearchAction","target":{"@type":"EntryPoint","urlTemplate":"https:\/\/pierre-delaunay.fr\/lindsey2\/?s={search_term_string}"},"query-input":{"@type":"PropertyValueSpecification","valueRequired":true,"valueName":"search_term_string"}}],"inLanguage":"fr-FR"},{"@type":"Organization","@id":"https:\/\/pierre-delaunay.fr\/lindsey2\/#organization","name":"Lindsey H\u00f4tel","url":"https:\/\/pierre-delaunay.fr\/lindsey2\/","logo":{"@type":"ImageObject","inLanguage":"fr-FR","@id":"https:\/\/pierre-delaunay.fr\/lindsey2\/#\/schema\/logo\/image\/","url":"https:\/\/pierre-delaunay.fr\/lindsey2\/wp-content\/uploads\/2021\/03\/cropped-Logo.jpg","contentUrl":"https:\/\/pierre-delaunay.fr\/lindsey2\/wp-content\/uploads\/2021\/03\/cropped-Logo.jpg","width":512,"height":512,"caption":"Lindsey H\u00f4tel"},"image":{"@id":"https:\/\/pierre-delaunay.fr\/lindsey2\/#\/schema\/logo\/image\/"},"sameAs":["https:\/\/www.facebook.com\/LeLindseyHotel"]}]}},"_links":{"self":[{"href":"https:\/\/pierre-delaunay.fr\/lindsey2\/wp-json\/wp\/v2\/pages\/6922","targetHints":{"allow":["GET"]}}],"collection":[{"href":"https:\/\/pierre-delaunay.fr\/lindsey2\/wp-json\/wp\/v2\/pages"}],"about":[{"href":"https:\/\/pierre-delaunay.fr\/lindsey2\/wp-json\/wp\/v2\/types\/page"}],"author":[{"embeddable":true,"href":"https:\/\/pierre-delaunay.fr\/lindsey2\/wp-json\/wp\/v2\/users\/1"}],"replies":[{"embeddable":true,"href":"https:\/\/pierre-delaunay.fr\/lindsey2\/wp-json\/wp\/v2\/comments?post=6922"}],"version-history":[{"count":8,"href":"https:\/\/pierre-delaunay.fr\/lindsey2\/wp-json\/wp\/v2\/pages\/6922\/revisions"}],"predecessor-version":[{"id":6990,"href":"https:\/\/pierre-delaunay.fr\/lindsey2\/wp-json\/wp\/v2\/pages\/6922\/revisions\/6990"}],"wp:attachment":[{"href":"https:\/\/pierre-delaunay.fr\/lindsey2\/wp-json\/wp\/v2\/media?parent=6922"}],"curies":[{"name":"wp","href":"https:\/\/api.w.org\/{rel}","templated":true}]}}