{"id":6878,"date":"2025-01-12T08:52:02","date_gmt":"2025-01-12T07:52:02","guid":{"rendered":"https:\/\/pierre-delaunay.fr\/lindsey2\/note-legali\/"},"modified":"2025-01-12T08:52:02","modified_gmt":"2025-01-12T07:52:02","slug":"note-legali","status":"publish","type":"page","link":"https:\/\/pierre-delaunay.fr\/lindsey2\/note-legali\/?lang=it","title":{"rendered":"Note legali"},"content":{"rendered":"\n<h2 class=\"wp-block-heading\">1 \u2013 Modifica del sito<\/h2>\n\n<p>Ai sensi dell&rsquo;articolo 6 della legge n. 2004-575 del 21 giugno 2004 sulla fiducia nell&rsquo;economia digitale, gli utenti del sito web https:\/\/pierre-delaunay.fr\/lindsey2\/ sono informati dell&rsquo;identit\u00e0 dei diversi soggetti interessati al suo funzionamento. attuazione e monitoraggio:<\/p>\n\n<p><strong>Proprietario del sito web:<\/strong> SARL HOTEL LINDSEY PARADISE \u2013 Contatto: lindseyhotel@yahoo.fr 06.92.96.27.02 \u2013 Indirizzo: 21 bis Rue Francois Isautier, Saint-Pierre 97410, La R\u00e9union.<\/p>\n\n<p><strong>Identificazione della societ\u00e0:<\/strong> SARL HOTEL LINDSEY PARADISE \u2013 SIREN: 534 242 771 \u2013 Indirizzo postale: 21B rue Fran\u00e7ois Isautier, 97410 Saint-Pierre<\/p>\n\n<p><strong>Direttore della pubblicazione:<\/strong> Caroline Taronna \u2013 Contatto: lindseyhotel@yahoo.fr 06.92.96.27.02<\/p>\n\n<p><strong>Albergatore:<\/strong> Kinsta WordPress Hosting \u2013 Unit22 Bulrushes Business Park \u2013 Coombe Hill Road \u2013 East Grinstead \u2013 West Sussex \u2013 RH194LZ, Regno Unito \u2013 Contatto: dmca@kinsta.<\/p>\n\n<p><strong>Responsabile della protezione dei dati:<\/strong> PIERRE DELAUNAY \u2013 Contatto: contact@pierre-delaunay.fr +262 693 822 867<\/p>\n\n<p><strong>Altri collaboratori:<\/strong> Webmaster \/ Sviluppatore: Pierre Delaunay, https:\/\/pierre-delaunay.fr\/<\/p>\n\n<hr class=\"wp-block-separator has-alpha-channel-opacity\"\/>\n\n<h2 class=\"wp-block-heading\">2 \u2013 Propriet\u00e0 intellettuale e contraffazione.<\/h2>\n\n<p><strong>SARL HOTEL LINDSEY PARADISE<\/strong> \u00e8 titolare dei diritti di propriet\u00e0 intellettuale e detiene i diritti di utilizzo su tutti gli elementi accessibili sul sito web, in particolare testi, immagini, grafica, loghi, video, architettura, icone e suoni.<\/p>\n\n<p>Qualsiasi riproduzione, rappresentazione, modifica, pubblicazione, adattamento di tutti o parte degli elementi del sito, qualunque sia il mezzo o il procedimento utilizzato, \u00e8 vietata, salvo previa autorizzazione scritta di <strong>SARL HOTEL LINDSEY PARADISE<\/strong><\/p>\n\n<p>Ogni utilizzo non autorizzato del sito o di uno qualsiasi degli elementi in esso contenuti sar\u00e0 considerato una violazione e sar\u00e0 perseguito conformemente alle disposizioni degli articoli L.335-2 e seguenti del Codice della propriet\u00e0 intellettuale.<\/p>\n\n<hr class=\"wp-block-separator has-alpha-channel-opacity\"\/>\n\n<h2 class=\"wp-block-heading\">3 \u2013 Limitazioni di responsabilit\u00e0.<\/h2>\n\n<p><strong>SARL HOTEL LINDSEY PARADISE<\/strong> non pu\u00f2 essere ritenuta responsabile per eventuali danni diretti o indiretti causati alle apparecchiature dell&rsquo;utente durante l&rsquo;accesso al sito https:\/\/pierre-delaunay.fr\/lindsey2\/<\/p>\n\n<p><strong>SARL HOTEL LINDSEY PARADISE<\/strong> declina ogni responsabilit\u00e0 per l&rsquo;uso che potrebbe essere fatto delle informazioni e dei contenuti presenti su https:\/\/pierre-delaunay.fr\/lindsey2\/<\/p>\n\n<p><strong>SARL HOTEL LINDSEY PARADISE<\/strong> si impegna a proteggere al meglio il sito https:\/\/pierre-delaunay.fr\/lindsey2\/, tuttavia la sua responsabilit\u00e0 non potr\u00e0 essere messa in discussione qualora dati indesiderati venissero importati e installati sul suo sito a sua insaputa.<\/p>\n\n<p>Gli utenti hanno a disposizione spazi interattivi (spazio contatti o commenti). <strong>SARL HOTEL LINDSEY PARADISE<\/strong> si riserva il diritto di eliminare, senza preavviso, qualsiasi contenuto pubblicato in questo spazio che contravvenga alla legislazione applicabile in Francia, in particolare alle disposizioni relative alla protezione dei dati.<\/p>\n\n<p>Ove applicabile, <strong>SARL HOTEL LINDSEY PARADISE<\/strong> si riserva inoltre il diritto di avviare un&rsquo;azione civile e\/o penale nei confronti dell&rsquo;utente, in particolare in caso di messaggio di natura razzista, offensiva, diffamatoria o pornografica, indipendentemente dal mezzo utilizzato (testo, fotografia, ecc.).<\/p>\n\n<hr class=\"wp-block-separator has-alpha-channel-opacity\"\/>\n\n<h2 class=\"wp-block-heading\">4 \u2013 CNIL e gestione dei dati personali.<\/h2>\n\n<p>Conformemente alle disposizioni della legge 78-17 del 6 gennaio 1978 modificata, l&rsquo;utente del sito https:\/\/pierre-delaunay.fr\/lindsey2\/ ha il diritto di accedere, modificare e cancellare le informazioni raccolte. Per esercitare questo diritto, inviare un messaggio al nostro responsabile della protezione dei dati: <strong>PIERRE DELAUNAY \u2013 contact@pierre-delaunay.fr.<\/strong><\/p>\n\n<p>Per maggiori informazioni su come trattiamo i tuoi dati (tipo di dati, finalit\u00e0, destinatario, ecc.), leggi la nostra informativa <strong>sulla privacy<\/strong>: https:\/\/pierre-delaunay.fr\/lindsey2\/politique-de-confidentialite\/<\/p>\n\n<hr class=\"wp-block-separator has-alpha-channel-opacity\"\/>\n\n<h2 class=\"wp-block-heading\">5 \u2013 Collegamenti ipertestuali e cookie<\/h2>\n\n<p>Il sito https:\/\/pierre-delaunay.fr\/lindsey2\/ contiene collegamenti ipertestuali ad altri siti e declina ogni responsabilit\u00e0 in merito a questi collegamenti esterni o ai collegamenti creati da altri siti verso https:\/\/pierre-delaunay.fr\/lindsey2\/<\/p>\n\n<p>La navigazione sul sito https:\/\/pierre-delaunay.fr\/lindsey2\/ pu\u00f2 comportare l\u2019installazione di cookie sul computer dell\u2019utente.<\/p>\n\n<p>Un \u201ccookie\u201d \u00e8 un piccolo file che registra informazioni relative alla navigazione di un utente su un sito. I dati cos\u00ec ottenuti possono essere utilizzati, ad esempio, per effettuare misurazioni delle presenze.<\/p>\n\n<p>Puoi accettare o rifiutare i cookie modificando le impostazioni del tuo browser. Nessun cookie verr\u00e0 inserito senza il tuo consenso.<\/p>\n\n<p>I cookie vengono conservati per un periodo massimo di 1 mese.<\/p>\n\n<p>Per maggiori informazioni su come utilizziamo i cookie, leggi la nostra https:\/\/pierre-delaunay.fr\/lindsey2\/informativa-sulla-privacy\/?lang=it<\/p>\n\n<hr class=\"wp-block-separator has-alpha-channel-opacity\"\/>\n\n<h2 class=\"wp-block-heading\">6 \u2013 Legge applicabile e attribuzione di giurisdizione.<\/h2>\n\n<p>Ogni controversia relativa all&rsquo;utilizzo del sito https:\/\/pierre-delaunay.fr\/lindsey2\/ \u00e8 soggetta alla legge francese. Salvo nei casi in cui la legge non lo consenta, la giurisdizione esclusiva \u00e8 attribuita ai tribunali competenti di <strong>Saint-Denis<\/strong>.<\/p>\n","protected":false},"excerpt":{"rendered":"<p>1 \u2013 Modifica del sito Ai sensi dell&rsquo;articolo 6 della legge n. 2004-575 del 21 giugno 2004 sulla fiducia nell&rsquo;economia digitale, gli utenti del sito web https:\/\/pierre-delaunay.fr\/lindsey2\/ sono informati dell&rsquo;identit\u00e0 dei diversi soggetti interessati al suo funzionamento. attuazione e monitoraggio: Proprietario del sito web: SARL HOTEL LINDSEY PARADISE \u2013 Contatto: lindseyhotel@yahoo.fr 06.92.96.27.02 \u2013 Indirizzo: 21&#8230; <\/p>\n<div class=\"clear\"><\/div>\n<p><a href=\"https:\/\/pierre-delaunay.fr\/lindsey2\/note-legali\/?lang=it\" class=\"excerpt-read-more\">Poursuivre la lecture<i class=\"fa fa-long-arrow-right icon-long-arrow-right\"><\/i><\/a><\/p>\n","protected":false},"author":1,"featured_media":0,"parent":0,"menu_order":0,"comment_status":"closed","ping_status":"closed","template":"","meta":{"footnotes":""},"class_list":["post-6878","page","type-page","status-publish","hentry"],"yoast_head":"<!-- This site is optimized with the Yoast SEO plugin v26.8 - https:\/\/yoast.com\/product\/yoast-seo-wordpress\/ -->\n<title>Note legali - Lindsey H\u00f4tel<\/title>\n<meta name=\"robots\" content=\"noindex, follow, max-snippet:-1, max-image-preview:large, max-video-preview:-1\" \/>\n<meta property=\"og:locale\" content=\"fr_FR\" \/>\n<meta property=\"og:type\" content=\"article\" \/>\n<meta property=\"og:title\" content=\"Note legali - Lindsey H\u00f4tel\" \/>\n<meta property=\"og:description\" content=\"1 \u2013 Modifica del sito Ai sensi dell&rsquo;articolo 6 della legge n. 2004-575 del 21 giugno 2004 sulla fiducia nell&rsquo;economia digitale, gli utenti del sito web https:\/\/pierre-delaunay.fr\/lindsey2\/ sono informati dell&rsquo;identit\u00e0 dei diversi soggetti interessati al suo funzionamento. attuazione e monitoraggio: Proprietario del sito web: SARL HOTEL LINDSEY PARADISE \u2013 Contatto: lindseyhotel@yahoo.fr 06.92.96.27.02 \u2013 Indirizzo: 21... Poursuivre la lecture\" \/>\n<meta property=\"og:url\" content=\"https:\/\/pierre-delaunay.fr\/lindsey2\/note-legali\/?lang=it\" \/>\n<meta property=\"og:site_name\" content=\"Lindsey H\u00f4tel\" \/>\n<meta property=\"article:publisher\" content=\"https:\/\/www.facebook.com\/LeLindseyHotel\" \/>\n<meta name=\"twitter:card\" content=\"summary_large_image\" \/>\n<meta name=\"twitter:label1\" content=\"Dur\u00e9e de lecture estim\u00e9e\" \/>\n\t<meta name=\"twitter:data1\" content=\"3 minutes\" \/>\n<script type=\"application\/ld+json\" class=\"yoast-schema-graph\">{\"@context\":\"https:\/\/schema.org\",\"@graph\":[{\"@type\":\"WebPage\",\"@id\":\"https:\/\/pierre-delaunay.fr\/lindsey2\/note-legali\/?lang=it\",\"url\":\"https:\/\/pierre-delaunay.fr\/lindsey2\/note-legali\/?lang=it\",\"name\":\"Note legali - Lindsey H\u00f4tel\",\"isPartOf\":{\"@id\":\"https:\/\/pierre-delaunay.fr\/lindsey2\/#website\"},\"datePublished\":\"2025-01-12T07:52:02+00:00\",\"breadcrumb\":{\"@id\":\"https:\/\/pierre-delaunay.fr\/lindsey2\/note-legali\/?lang=it#breadcrumb\"},\"inLanguage\":\"fr-FR\",\"potentialAction\":[{\"@type\":\"ReadAction\",\"target\":[\"https:\/\/pierre-delaunay.fr\/lindsey2\/note-legali\/?lang=it\"]}]},{\"@type\":\"BreadcrumbList\",\"@id\":\"https:\/\/pierre-delaunay.fr\/lindsey2\/note-legali\/?lang=it#breadcrumb\",\"itemListElement\":[{\"@type\":\"ListItem\",\"position\":1,\"name\":\"Accueil\",\"item\":\"https:\/\/pierre-delaunay.fr\/lindsey2\/\"},{\"@type\":\"ListItem\",\"position\":2,\"name\":\"Note legali\"}]},{\"@type\":\"WebSite\",\"@id\":\"https:\/\/pierre-delaunay.fr\/lindsey2\/#website\",\"url\":\"https:\/\/pierre-delaunay.fr\/lindsey2\/\",\"name\":\"Lindsey H\u00f4tel\",\"description\":\"\",\"publisher\":{\"@id\":\"https:\/\/pierre-delaunay.fr\/lindsey2\/#organization\"},\"potentialAction\":[{\"@type\":\"SearchAction\",\"target\":{\"@type\":\"EntryPoint\",\"urlTemplate\":\"https:\/\/pierre-delaunay.fr\/lindsey2\/?s={search_term_string}\"},\"query-input\":{\"@type\":\"PropertyValueSpecification\",\"valueRequired\":true,\"valueName\":\"search_term_string\"}}],\"inLanguage\":\"fr-FR\"},{\"@type\":\"Organization\",\"@id\":\"https:\/\/pierre-delaunay.fr\/lindsey2\/#organization\",\"name\":\"Lindsey H\u00f4tel\",\"url\":\"https:\/\/pierre-delaunay.fr\/lindsey2\/\",\"logo\":{\"@type\":\"ImageObject\",\"inLanguage\":\"fr-FR\",\"@id\":\"https:\/\/pierre-delaunay.fr\/lindsey2\/#\/schema\/logo\/image\/\",\"url\":\"https:\/\/pierre-delaunay.fr\/lindsey2\/wp-content\/uploads\/2021\/03\/cropped-Logo.jpg\",\"contentUrl\":\"https:\/\/pierre-delaunay.fr\/lindsey2\/wp-content\/uploads\/2021\/03\/cropped-Logo.jpg\",\"width\":512,\"height\":512,\"caption\":\"Lindsey H\u00f4tel\"},\"image\":{\"@id\":\"https:\/\/pierre-delaunay.fr\/lindsey2\/#\/schema\/logo\/image\/\"},\"sameAs\":[\"https:\/\/www.facebook.com\/LeLindseyHotel\"]}]}<\/script>\n<!-- \/ Yoast SEO plugin. -->","yoast_head_json":{"title":"Note legali - Lindsey H\u00f4tel","robots":{"index":"noindex","follow":"follow","max-snippet":"max-snippet:-1","max-image-preview":"max-image-preview:large","max-video-preview":"max-video-preview:-1"},"og_locale":"fr_FR","og_type":"article","og_title":"Note legali - Lindsey H\u00f4tel","og_description":"1 \u2013 Modifica del sito Ai sensi dell&rsquo;articolo 6 della legge n. 2004-575 del 21 giugno 2004 sulla fiducia nell&rsquo;economia digitale, gli utenti del sito web https:\/\/pierre-delaunay.fr\/lindsey2\/ sono informati dell&rsquo;identit\u00e0 dei diversi soggetti interessati al suo funzionamento. attuazione e monitoraggio: Proprietario del sito web: SARL HOTEL LINDSEY PARADISE \u2013 Contatto: lindseyhotel@yahoo.fr 06.92.96.27.02 \u2013 Indirizzo: 21... Poursuivre la lecture","og_url":"https:\/\/pierre-delaunay.fr\/lindsey2\/note-legali\/?lang=it","og_site_name":"Lindsey H\u00f4tel","article_publisher":"https:\/\/www.facebook.com\/LeLindseyHotel","twitter_card":"summary_large_image","twitter_misc":{"Dur\u00e9e de lecture estim\u00e9e":"3 minutes"},"schema":{"@context":"https:\/\/schema.org","@graph":[{"@type":"WebPage","@id":"https:\/\/pierre-delaunay.fr\/lindsey2\/note-legali\/?lang=it","url":"https:\/\/pierre-delaunay.fr\/lindsey2\/note-legali\/?lang=it","name":"Note legali - Lindsey H\u00f4tel","isPartOf":{"@id":"https:\/\/pierre-delaunay.fr\/lindsey2\/#website"},"datePublished":"2025-01-12T07:52:02+00:00","breadcrumb":{"@id":"https:\/\/pierre-delaunay.fr\/lindsey2\/note-legali\/?lang=it#breadcrumb"},"inLanguage":"fr-FR","potentialAction":[{"@type":"ReadAction","target":["https:\/\/pierre-delaunay.fr\/lindsey2\/note-legali\/?lang=it"]}]},{"@type":"BreadcrumbList","@id":"https:\/\/pierre-delaunay.fr\/lindsey2\/note-legali\/?lang=it#breadcrumb","itemListElement":[{"@type":"ListItem","position":1,"name":"Accueil","item":"https:\/\/pierre-delaunay.fr\/lindsey2\/"},{"@type":"ListItem","position":2,"name":"Note legali"}]},{"@type":"WebSite","@id":"https:\/\/pierre-delaunay.fr\/lindsey2\/#website","url":"https:\/\/pierre-delaunay.fr\/lindsey2\/","name":"Lindsey H\u00f4tel","description":"","publisher":{"@id":"https:\/\/pierre-delaunay.fr\/lindsey2\/#organization"},"potentialAction":[{"@type":"SearchAction","target":{"@type":"EntryPoint","urlTemplate":"https:\/\/pierre-delaunay.fr\/lindsey2\/?s={search_term_string}"},"query-input":{"@type":"PropertyValueSpecification","valueRequired":true,"valueName":"search_term_string"}}],"inLanguage":"fr-FR"},{"@type":"Organization","@id":"https:\/\/pierre-delaunay.fr\/lindsey2\/#organization","name":"Lindsey H\u00f4tel","url":"https:\/\/pierre-delaunay.fr\/lindsey2\/","logo":{"@type":"ImageObject","inLanguage":"fr-FR","@id":"https:\/\/pierre-delaunay.fr\/lindsey2\/#\/schema\/logo\/image\/","url":"https:\/\/pierre-delaunay.fr\/lindsey2\/wp-content\/uploads\/2021\/03\/cropped-Logo.jpg","contentUrl":"https:\/\/pierre-delaunay.fr\/lindsey2\/wp-content\/uploads\/2021\/03\/cropped-Logo.jpg","width":512,"height":512,"caption":"Lindsey H\u00f4tel"},"image":{"@id":"https:\/\/pierre-delaunay.fr\/lindsey2\/#\/schema\/logo\/image\/"},"sameAs":["https:\/\/www.facebook.com\/LeLindseyHotel"]}]}},"_links":{"self":[{"href":"https:\/\/pierre-delaunay.fr\/lindsey2\/wp-json\/wp\/v2\/pages\/6878","targetHints":{"allow":["GET"]}}],"collection":[{"href":"https:\/\/pierre-delaunay.fr\/lindsey2\/wp-json\/wp\/v2\/pages"}],"about":[{"href":"https:\/\/pierre-delaunay.fr\/lindsey2\/wp-json\/wp\/v2\/types\/page"}],"author":[{"embeddable":true,"href":"https:\/\/pierre-delaunay.fr\/lindsey2\/wp-json\/wp\/v2\/users\/1"}],"replies":[{"embeddable":true,"href":"https:\/\/pierre-delaunay.fr\/lindsey2\/wp-json\/wp\/v2\/comments?post=6878"}],"version-history":[{"count":1,"href":"https:\/\/pierre-delaunay.fr\/lindsey2\/wp-json\/wp\/v2\/pages\/6878\/revisions"}],"predecessor-version":[{"id":6879,"href":"https:\/\/pierre-delaunay.fr\/lindsey2\/wp-json\/wp\/v2\/pages\/6878\/revisions\/6879"}],"wp:attachment":[{"href":"https:\/\/pierre-delaunay.fr\/lindsey2\/wp-json\/wp\/v2\/media?parent=6878"}],"curies":[{"name":"wp","href":"https:\/\/api.w.org\/{rel}","templated":true}]}}