{"id":5707,"date":"2022-04-18T15:16:32","date_gmt":"2022-04-18T13:16:32","guid":{"rendered":"https:\/\/lindsey-hotel-reunion.re\/prenotazione\/"},"modified":"2025-01-12T09:07:13","modified_gmt":"2025-01-12T08:07:13","slug":"prenotazione","status":"publish","type":"page","link":"https:\/\/pierre-delaunay.fr\/lindsey2\/prenotazione\/?lang=it","title":{"rendered":"Prenotazione"},"content":{"rendered":"\t\t<div data-elementor-type=\"wp-page\" data-elementor-id=\"5707\" class=\"elementor elementor-5707 elementor-3781\">\n\t\t\t\t\t\t<section class=\"elementor-section elementor-top-section elementor-element elementor-element-165d98b6 elementor-section-boxed elementor-section-height-default elementor-section-height-default\" data-id=\"165d98b6\" data-element_type=\"section\">\n\t\t\t\t\t\t<div class=\"elementor-container elementor-column-gap-default\">\n\t\t\t\t\t<div class=\"elementor-column elementor-col-100 elementor-top-column elementor-element elementor-element-1d1874bb\" data-id=\"1d1874bb\" data-element_type=\"column\">\n\t\t\t<div class=\"elementor-widget-wrap elementor-element-populated\">\n\t\t\t\t\t\t<div class=\"elementor-element elementor-element-24067c90 elementor-widget elementor-widget-text-editor\" data-id=\"24067c90\" data-element_type=\"widget\" data-widget_type=\"text-editor.default\">\n\t\t\t\t<div class=\"elementor-widget-container\">\n\t\t\t\t\t\t\t\t\t<p><button class=\"distributor inTemplate\">Riserva<\/button><\/p>\n\t\t\t\t\t\t\t\t<\/div>\n\t\t\t\t<\/div>\n\t\t\t\t\t<\/div>\n\t\t<\/div>\n\t\t\t\t\t<\/div>\n\t\t<\/section>\n\t\t\t\t<section class=\"elementor-section elementor-top-section elementor-element elementor-element-42e7f13 elementor-section-boxed elementor-section-height-default elementor-section-height-default\" data-id=\"42e7f13\" data-element_type=\"section\">\n\t\t\t\t\t\t<div class=\"elementor-container elementor-column-gap-default\">\n\t\t\t\t\t<div class=\"elementor-column elementor-col-100 elementor-top-column elementor-element elementor-element-30f4be9\" data-id=\"30f4be9\" data-element_type=\"column\">\n\t\t\t<div class=\"elementor-widget-wrap elementor-element-populated\">\n\t\t\t\t\t\t<div class=\"elementor-element elementor-element-275f28a elementor-widget-divider--view-line elementor-widget elementor-widget-divider\" data-id=\"275f28a\" data-element_type=\"widget\" data-widget_type=\"divider.default\">\n\t\t\t\t<div class=\"elementor-widget-container\">\n\t\t\t\t\t\t\t<div class=\"elementor-divider\">\n\t\t\t<span class=\"elementor-divider-separator\">\n\t\t\t\t\t\t<\/span>\n\t\t<\/div>\n\t\t\t\t\t\t<\/div>\n\t\t\t\t<\/div>\n\t\t\t\t\t<\/div>\n\t\t<\/div>\n\t\t\t\t\t<\/div>\n\t\t<\/section>\n\t\t\t\t<section class=\"elementor-section elementor-top-section elementor-element elementor-element-cf3f9bb elementor-section-boxed elementor-section-height-default elementor-section-height-default\" data-id=\"cf3f9bb\" data-element_type=\"section\">\n\t\t\t\t\t\t<div class=\"elementor-container elementor-column-gap-default\">\n\t\t\t\t\t<div class=\"elementor-column elementor-col-100 elementor-top-column elementor-element elementor-element-f3742a3\" data-id=\"f3742a3\" data-element_type=\"column\">\n\t\t\t<div class=\"elementor-widget-wrap elementor-element-populated\">\n\t\t\t\t\t\t<div class=\"elementor-element elementor-element-2a77662 elementor-widget elementor-widget-heading\" data-id=\"2a77662\" data-element_type=\"widget\" data-widget_type=\"heading.default\">\n\t\t\t\t<div class=\"elementor-widget-container\">\n\t\t\t\t\t<h2 class=\"elementor-heading-title elementor-size-default\">Metodi di pagamento accettati<\/h2>\t\t\t\t<\/div>\n\t\t\t\t<\/div>\n\t\t\t\t\t<\/div>\n\t\t<\/div>\n\t\t\t\t\t<\/div>\n\t\t<\/section>\n\t\t\t\t<section class=\"elementor-section elementor-top-section elementor-element elementor-element-399b857 elementor-section-boxed elementor-section-height-default elementor-section-height-default\" data-id=\"399b857\" data-element_type=\"section\">\n\t\t\t\t\t\t<div class=\"elementor-container elementor-column-gap-default\">\n\t\t\t\t\t<div class=\"elementor-column elementor-col-20 elementor-top-column elementor-element elementor-element-05d9e17\" data-id=\"05d9e17\" data-element_type=\"column\">\n\t\t\t<div class=\"elementor-widget-wrap elementor-element-populated\">\n\t\t\t\t\t\t<div class=\"elementor-element elementor-element-17db32c elementor-widget elementor-widget-text-editor\" data-id=\"17db32c\" data-element_type=\"widget\" data-widget_type=\"text-editor.default\">\n\t\t\t\t<div class=\"elementor-widget-container\">\n\t\t\t\t\t\t\t\t\t<p data-sourcepos=\"5:1-5:42\"><strong>Accettiamo i seguenti metodi di pagamento:<\/strong><\/p>\r\n\r\n<ul data-sourcepos=\"7:1-13:0\">\r\n \t<li data-sourcepos=\"7:1-7:12\">Contanti<\/li>\r\n \t<li data-sourcepos=\"8:1-8:62\">Carte di credito e American Express (con e senza contatto)<\/li>\r\n \t<li data-sourcepos=\"9:1-9:24\">Pass Loisirs R\u00e9union<\/li>\r\n \t<li data-sourcepos=\"10:1-10:16\">Ch\u00e8ques ANCV<\/li>\r\n \t<li data-sourcepos=\"11:1-11:24\">Ch\u00e8ques Good Cadeaux<\/li>\r\n<\/ul>\r\n<strong>Solo per le aziende: <\/strong>\r\n<ul>\r\n \t<li>Bonifici e assegni bancari<\/li>\r\n<\/ul>\t\t\t\t\t\t\t\t<\/div>\n\t\t\t\t<\/div>\n\t\t\t\t\t<\/div>\n\t\t<\/div>\n\t\t\t\t<div class=\"elementor-column elementor-col-20 elementor-top-column elementor-element elementor-element-21423e3\" data-id=\"21423e3\" data-element_type=\"column\">\n\t\t\t<div class=\"elementor-widget-wrap elementor-element-populated\">\n\t\t\t\t\t\t<div class=\"elementor-element elementor-element-17984db elementor-widget elementor-widget-image\" data-id=\"17984db\" data-element_type=\"widget\" data-widget_type=\"image.default\">\n\t\t\t\t<div class=\"elementor-widget-container\">\n\t\t\t\t\t\t\t\t\t\t\t\t\t\t\t<img decoding=\"async\" src=\"https:\/\/lindsey-hotel-reunion.re\/wp-content\/uploads\/2022\/05\/CB.jpg\" title=\"\" alt=\"\" loading=\"lazy\" \/>\t\t\t\t\t\t\t\t\t\t\t\t\t\t\t<\/div>\n\t\t\t\t<\/div>\n\t\t\t\t<div class=\"elementor-element elementor-element-6fc8bb7 elementor-widget elementor-widget-image\" data-id=\"6fc8bb7\" data-element_type=\"widget\" data-widget_type=\"image.default\">\n\t\t\t\t<div class=\"elementor-widget-container\">\n\t\t\t\t\t\t\t\t\t\t\t\t\t\t\t<img fetchpriority=\"high\" decoding=\"async\" width=\"960\" height=\"960\" src=\"https:\/\/pierre-delaunay.fr\/lindsey2\/wp-content\/uploads\/2022\/05\/American-Express-1-1024x1024.png\" class=\"attachment-large size-large wp-image-5931\" alt=\"\" srcset=\"https:\/\/pierre-delaunay.fr\/lindsey2\/wp-content\/uploads\/2022\/05\/American-Express-1-1024x1024.png 1024w, https:\/\/pierre-delaunay.fr\/lindsey2\/wp-content\/uploads\/2022\/05\/American-Express-1-300x300.png 300w, https:\/\/pierre-delaunay.fr\/lindsey2\/wp-content\/uploads\/2022\/05\/American-Express-1-150x150.png 150w, https:\/\/pierre-delaunay.fr\/lindsey2\/wp-content\/uploads\/2022\/05\/American-Express-1-768x768.png 768w, https:\/\/pierre-delaunay.fr\/lindsey2\/wp-content\/uploads\/2022\/05\/American-Express-1-1536x1536.png 1536w, https:\/\/pierre-delaunay.fr\/lindsey2\/wp-content\/uploads\/2022\/05\/American-Express-1-2048x2048.png 2048w, https:\/\/pierre-delaunay.fr\/lindsey2\/wp-content\/uploads\/2022\/05\/American-Express-1-400x400.png 400w\" sizes=\"(max-width: 960px) 100vw, 960px\" \/>\t\t\t\t\t\t\t\t\t\t\t\t\t\t\t<\/div>\n\t\t\t\t<\/div>\n\t\t\t\t\t<\/div>\n\t\t<\/div>\n\t\t\t\t<div class=\"elementor-column elementor-col-20 elementor-top-column elementor-element elementor-element-a460270\" data-id=\"a460270\" data-element_type=\"column\">\n\t\t\t<div class=\"elementor-widget-wrap elementor-element-populated\">\n\t\t\t\t\t\t<div class=\"elementor-element elementor-element-cc3b14e elementor-widget elementor-widget-image\" data-id=\"cc3b14e\" data-element_type=\"widget\" data-widget_type=\"image.default\">\n\t\t\t\t<div class=\"elementor-widget-container\">\n\t\t\t\t\t\t\t\t\t\t\t\t\t\t\t<img decoding=\"async\" width=\"474\" height=\"315\" src=\"https:\/\/pierre-delaunay.fr\/lindsey2\/wp-content\/uploads\/2022\/05\/Especes-1.jpg\" class=\"attachment-large size-large wp-image-5916\" alt=\"\" srcset=\"https:\/\/pierre-delaunay.fr\/lindsey2\/wp-content\/uploads\/2022\/05\/Especes-1.jpg 474w, https:\/\/pierre-delaunay.fr\/lindsey2\/wp-content\/uploads\/2022\/05\/Especes-1-300x199.jpg 300w\" sizes=\"(max-width: 474px) 100vw, 474px\" \/>\t\t\t\t\t\t\t\t\t\t\t\t\t\t\t<\/div>\n\t\t\t\t<\/div>\n\t\t\t\t\t<\/div>\n\t\t<\/div>\n\t\t\t\t<div class=\"elementor-column elementor-col-20 elementor-top-column elementor-element elementor-element-4266518\" data-id=\"4266518\" data-element_type=\"column\">\n\t\t\t<div class=\"elementor-widget-wrap elementor-element-populated\">\n\t\t\t\t\t\t<div class=\"elementor-element elementor-element-4f4d23e elementor-widget elementor-widget-image\" data-id=\"4f4d23e\" data-element_type=\"widget\" data-widget_type=\"image.default\">\n\t\t\t\t<div class=\"elementor-widget-container\">\n\t\t\t\t\t\t\t\t\t\t\t\t\t\t\t<img decoding=\"async\" src=\"https:\/\/lindsey-hotel-reunion.re\/wp-content\/uploads\/2022\/05\/ancv-1.jpg\" title=\"\" alt=\"\" loading=\"lazy\" \/>\t\t\t\t\t\t\t\t\t\t\t\t\t\t\t<\/div>\n\t\t\t\t<\/div>\n\t\t\t\t<div class=\"elementor-element elementor-element-a4a60d9 elementor-widget elementor-widget-image\" data-id=\"a4a60d9\" data-element_type=\"widget\" data-widget_type=\"image.default\">\n\t\t\t\t<div class=\"elementor-widget-container\">\n\t\t\t\t\t\t\t\t\t\t\t\t\t\t\t<img decoding=\"async\" src=\"https:\/\/lindsey-hotel-reunion.re\/wp-content\/uploads\/2022\/05\/pass-loisirs-1.jpg\" title=\"\" alt=\"\" loading=\"lazy\" \/>\t\t\t\t\t\t\t\t\t\t\t\t\t\t\t<\/div>\n\t\t\t\t<\/div>\n\t\t\t\t<div class=\"elementor-element elementor-element-8d454e5 elementor-widget elementor-widget-image\" data-id=\"8d454e5\" data-element_type=\"widget\" data-widget_type=\"image.default\">\n\t\t\t\t<div class=\"elementor-widget-container\">\n\t\t\t\t\t\t\t\t\t\t\t\t\t\t\t<img decoding=\"async\" src=\"https:\/\/lindsey-hotel-reunion.re\/wp-content\/uploads\/2022\/05\/Good-Cadeaux-1.png\" title=\"\" alt=\"\" loading=\"lazy\" \/>\t\t\t\t\t\t\t\t\t\t\t\t\t\t\t<\/div>\n\t\t\t\t<\/div>\n\t\t\t\t\t<\/div>\n\t\t<\/div>\n\t\t\t\t<div class=\"elementor-column elementor-col-20 elementor-top-column elementor-element elementor-element-aac5889\" data-id=\"aac5889\" data-element_type=\"column\">\n\t\t\t<div class=\"elementor-widget-wrap elementor-element-populated\">\n\t\t\t\t\t\t<div class=\"elementor-element elementor-element-8d42ed9 elementor-widget elementor-widget-image\" data-id=\"8d42ed9\" data-element_type=\"widget\" data-widget_type=\"image.default\">\n\t\t\t\t<div class=\"elementor-widget-container\">\n\t\t\t\t\t\t\t\t\t\t\t\t\t\t\t<img decoding=\"async\" width=\"190\" height=\"190\" src=\"https:\/\/pierre-delaunay.fr\/lindsey2\/wp-content\/uploads\/2022\/05\/Virement-Bancaire-1.jpg\" class=\"attachment-large size-large wp-image-5925\" alt=\"\" srcset=\"https:\/\/pierre-delaunay.fr\/lindsey2\/wp-content\/uploads\/2022\/05\/Virement-Bancaire-1.jpg 190w, https:\/\/pierre-delaunay.fr\/lindsey2\/wp-content\/uploads\/2022\/05\/Virement-Bancaire-1-150x150.jpg 150w\" sizes=\"(max-width: 190px) 100vw, 190px\" \/>\t\t\t\t\t\t\t\t\t\t\t\t\t\t\t<\/div>\n\t\t\t\t<\/div>\n\t\t\t\t<div class=\"elementor-element elementor-element-a575d6a elementor-widget elementor-widget-image\" data-id=\"a575d6a\" data-element_type=\"widget\" data-widget_type=\"image.default\">\n\t\t\t\t<div class=\"elementor-widget-container\">\n\t\t\t\t\t\t\t\t\t\t\t\t\t\t\t<img decoding=\"async\" src=\"https:\/\/lindsey-hotel-reunion.re\/wp-content\/uploads\/2022\/05\/Cheque-1.jpg\" title=\"\" alt=\"\" loading=\"lazy\" \/>\t\t\t\t\t\t\t\t\t\t\t\t\t\t\t<\/div>\n\t\t\t\t<\/div>\n\t\t\t\t\t<\/div>\n\t\t<\/div>\n\t\t\t\t\t<\/div>\n\t\t<\/section>\n\t\t\t\t<section class=\"elementor-section elementor-top-section elementor-element elementor-element-841e578 elementor-section-boxed elementor-section-height-default elementor-section-height-default\" data-id=\"841e578\" data-element_type=\"section\">\n\t\t\t\t\t\t<div class=\"elementor-container elementor-column-gap-default\">\n\t\t\t\t\t<div class=\"elementor-column elementor-col-100 elementor-top-column elementor-element elementor-element-d0975d6\" data-id=\"d0975d6\" data-element_type=\"column\">\n\t\t\t<div class=\"elementor-widget-wrap elementor-element-populated\">\n\t\t\t\t\t\t<div class=\"elementor-element elementor-element-dd37811 elementor-widget elementor-widget-text-editor\" data-id=\"dd37811\" data-element_type=\"widget\" data-widget_type=\"text-editor.default\">\n\t\t\t\t<div class=\"elementor-widget-container\">\n\t\t\t\t\t\t\t\t\t<p>I dati della carta di credito forniti durante la prenotazione sul nostro sito web vengono conservati a garanzia.<\/p>\n<p>Il pagamento del soggiorno e degli extra avviene in loco al momento del Check-in (arrivo). L&rsquo;eventuale saldo viene regolarizzato al Check-out (partenza). Salvo diversa richiesta, nessun addebito viene effettuato prima dell&rsquo;arrivo.<\/p>\n<p><strong>In caso di mancata presentazione, verr\u00e0 addebitato l&rsquo;importo della prima notte.<\/strong><\/p>\n\t\t\t\t\t\t\t\t<\/div>\n\t\t\t\t<\/div>\n\t\t\t\t\t<\/div>\n\t\t<\/div>\n\t\t\t\t\t<\/div>\n\t\t<\/section>\n\t\t\t\t<section class=\"elementor-section elementor-top-section elementor-element elementor-element-25fae98 elementor-section-boxed elementor-section-height-default elementor-section-height-default\" data-id=\"25fae98\" data-element_type=\"section\">\n\t\t\t\t\t\t<div class=\"elementor-container elementor-column-gap-default\">\n\t\t\t\t\t<div class=\"elementor-column elementor-col-100 elementor-top-column elementor-element elementor-element-6479c17\" data-id=\"6479c17\" data-element_type=\"column\">\n\t\t\t<div class=\"elementor-widget-wrap elementor-element-populated\">\n\t\t\t\t\t\t<div class=\"elementor-element elementor-element-30dba2e elementor-widget elementor-widget-text-editor\" data-id=\"30dba2e\" data-element_type=\"widget\" data-widget_type=\"text-editor.default\">\n\t\t\t\t<div class=\"elementor-widget-container\">\n\t\t\t\t\t\t\t\t\t<p><button class=\"distributor inTemplate\">Riserva<\/button><\/p>\n\t\t\t\t\t\t\t\t<\/div>\n\t\t\t\t<\/div>\n\t\t\t\t\t<\/div>\n\t\t<\/div>\n\t\t\t\t\t<\/div>\n\t\t<\/section>\n\t\t\t\t<\/div>\n\t\t","protected":false},"excerpt":{"rendered":"<p>Riserva Metodi di pagamento accettati Accettiamo i seguenti metodi di pagamento: Contanti Carte di credito e American Express (con e senza contatto) Pass Loisirs R\u00e9union Ch\u00e8ques ANCV Ch\u00e8ques Good Cadeaux Solo per le aziende: Bonifici e assegni bancari I dati della carta di credito forniti durante la prenotazione sul nostro sito web vengono conservati a&#8230; <\/p>\n<div class=\"clear\"><\/div>\n<p><a href=\"https:\/\/pierre-delaunay.fr\/lindsey2\/prenotazione\/?lang=it\" class=\"excerpt-read-more\">Poursuivre la lecture<i class=\"fa fa-long-arrow-right icon-long-arrow-right\"><\/i><\/a><\/p>\n","protected":false},"author":1,"featured_media":0,"parent":0,"menu_order":0,"comment_status":"closed","ping_status":"closed","template":"","meta":{"footnotes":""},"class_list":["post-5707","page","type-page","status-publish","hentry"],"yoast_head":"<!-- This site is optimized with the Yoast SEO plugin v26.8 - https:\/\/yoast.com\/product\/yoast-seo-wordpress\/ -->\n<title>Prenotazione - Lindsey H\u00f4tel<\/title>\n<meta name=\"robots\" content=\"noindex, follow, max-snippet:-1, max-image-preview:large, max-video-preview:-1\" \/>\n<meta property=\"og:locale\" content=\"fr_FR\" \/>\n<meta property=\"og:type\" content=\"article\" \/>\n<meta property=\"og:title\" content=\"Prenotazione - Lindsey H\u00f4tel\" \/>\n<meta property=\"og:description\" content=\"Riserva Metodi di pagamento accettati Accettiamo i seguenti metodi di pagamento: Contanti Carte di credito e American Express (con e senza contatto) Pass Loisirs R\u00e9union Ch\u00e8ques ANCV Ch\u00e8ques Good Cadeaux Solo per le aziende: Bonifici e assegni bancari I dati della carta di credito forniti durante la prenotazione sul nostro sito web vengono conservati a... Poursuivre la lecture\" \/>\n<meta property=\"og:url\" content=\"https:\/\/pierre-delaunay.fr\/lindsey2\/prenotazione\/?lang=it\" \/>\n<meta property=\"og:site_name\" content=\"Lindsey H\u00f4tel\" \/>\n<meta property=\"article:publisher\" content=\"https:\/\/www.facebook.com\/LeLindseyHotel\" \/>\n<meta property=\"article:modified_time\" content=\"2025-01-12T08:07:13+00:00\" \/>\n<meta property=\"og:image\" content=\"https:\/\/lindsey-hotel-reunion.re\/wp-content\/uploads\/2022\/05\/CB.jpg\" \/>\n<meta name=\"twitter:card\" content=\"summary_large_image\" \/>\n<meta name=\"twitter:label1\" content=\"Dur\u00e9e de lecture estim\u00e9e\" \/>\n\t<meta name=\"twitter:data1\" content=\"1 minute\" \/>\n<script type=\"application\/ld+json\" class=\"yoast-schema-graph\">{\"@context\":\"https:\/\/schema.org\",\"@graph\":[{\"@type\":\"WebPage\",\"@id\":\"https:\/\/pierre-delaunay.fr\/lindsey2\/prenotazione\/?lang=it\",\"url\":\"https:\/\/pierre-delaunay.fr\/lindsey2\/prenotazione\/?lang=it\",\"name\":\"Prenotazione - Lindsey H\u00f4tel\",\"isPartOf\":{\"@id\":\"https:\/\/pierre-delaunay.fr\/lindsey2\/#website\"},\"primaryImageOfPage\":{\"@id\":\"https:\/\/pierre-delaunay.fr\/lindsey2\/prenotazione\/?lang=it#primaryimage\"},\"image\":{\"@id\":\"https:\/\/pierre-delaunay.fr\/lindsey2\/prenotazione\/?lang=it#primaryimage\"},\"thumbnailUrl\":\"https:\/\/lindsey-hotel-reunion.re\/wp-content\/uploads\/2022\/05\/CB.jpg\",\"datePublished\":\"2022-04-18T13:16:32+00:00\",\"dateModified\":\"2025-01-12T08:07:13+00:00\",\"breadcrumb\":{\"@id\":\"https:\/\/pierre-delaunay.fr\/lindsey2\/prenotazione\/?lang=it#breadcrumb\"},\"inLanguage\":\"fr-FR\",\"potentialAction\":[{\"@type\":\"ReadAction\",\"target\":[\"https:\/\/pierre-delaunay.fr\/lindsey2\/prenotazione\/?lang=it\"]}]},{\"@type\":\"ImageObject\",\"inLanguage\":\"fr-FR\",\"@id\":\"https:\/\/pierre-delaunay.fr\/lindsey2\/prenotazione\/?lang=it#primaryimage\",\"url\":\"https:\/\/lindsey-hotel-reunion.re\/wp-content\/uploads\/2022\/05\/CB.jpg\",\"contentUrl\":\"https:\/\/lindsey-hotel-reunion.re\/wp-content\/uploads\/2022\/05\/CB.jpg\"},{\"@type\":\"BreadcrumbList\",\"@id\":\"https:\/\/pierre-delaunay.fr\/lindsey2\/prenotazione\/?lang=it#breadcrumb\",\"itemListElement\":[{\"@type\":\"ListItem\",\"position\":1,\"name\":\"Accueil\",\"item\":\"https:\/\/pierre-delaunay.fr\/lindsey2\/\"},{\"@type\":\"ListItem\",\"position\":2,\"name\":\"Prenotazione\"}]},{\"@type\":\"WebSite\",\"@id\":\"https:\/\/pierre-delaunay.fr\/lindsey2\/#website\",\"url\":\"https:\/\/pierre-delaunay.fr\/lindsey2\/\",\"name\":\"Lindsey H\u00f4tel\",\"description\":\"\",\"publisher\":{\"@id\":\"https:\/\/pierre-delaunay.fr\/lindsey2\/#organization\"},\"potentialAction\":[{\"@type\":\"SearchAction\",\"target\":{\"@type\":\"EntryPoint\",\"urlTemplate\":\"https:\/\/pierre-delaunay.fr\/lindsey2\/?s={search_term_string}\"},\"query-input\":{\"@type\":\"PropertyValueSpecification\",\"valueRequired\":true,\"valueName\":\"search_term_string\"}}],\"inLanguage\":\"fr-FR\"},{\"@type\":\"Organization\",\"@id\":\"https:\/\/pierre-delaunay.fr\/lindsey2\/#organization\",\"name\":\"Lindsey H\u00f4tel\",\"url\":\"https:\/\/pierre-delaunay.fr\/lindsey2\/\",\"logo\":{\"@type\":\"ImageObject\",\"inLanguage\":\"fr-FR\",\"@id\":\"https:\/\/pierre-delaunay.fr\/lindsey2\/#\/schema\/logo\/image\/\",\"url\":\"https:\/\/pierre-delaunay.fr\/lindsey2\/wp-content\/uploads\/2021\/03\/cropped-Logo.jpg\",\"contentUrl\":\"https:\/\/pierre-delaunay.fr\/lindsey2\/wp-content\/uploads\/2021\/03\/cropped-Logo.jpg\",\"width\":512,\"height\":512,\"caption\":\"Lindsey H\u00f4tel\"},\"image\":{\"@id\":\"https:\/\/pierre-delaunay.fr\/lindsey2\/#\/schema\/logo\/image\/\"},\"sameAs\":[\"https:\/\/www.facebook.com\/LeLindseyHotel\"]}]}<\/script>\n<!-- \/ Yoast SEO plugin. -->","yoast_head_json":{"title":"Prenotazione - Lindsey H\u00f4tel","robots":{"index":"noindex","follow":"follow","max-snippet":"max-snippet:-1","max-image-preview":"max-image-preview:large","max-video-preview":"max-video-preview:-1"},"og_locale":"fr_FR","og_type":"article","og_title":"Prenotazione - Lindsey H\u00f4tel","og_description":"Riserva Metodi di pagamento accettati Accettiamo i seguenti metodi di pagamento: Contanti Carte di credito e American Express (con e senza contatto) Pass Loisirs R\u00e9union Ch\u00e8ques ANCV Ch\u00e8ques Good Cadeaux Solo per le aziende: Bonifici e assegni bancari I dati della carta di credito forniti durante la prenotazione sul nostro sito web vengono conservati a... Poursuivre la lecture","og_url":"https:\/\/pierre-delaunay.fr\/lindsey2\/prenotazione\/?lang=it","og_site_name":"Lindsey H\u00f4tel","article_publisher":"https:\/\/www.facebook.com\/LeLindseyHotel","article_modified_time":"2025-01-12T08:07:13+00:00","og_image":[{"url":"https:\/\/lindsey-hotel-reunion.re\/wp-content\/uploads\/2022\/05\/CB.jpg","type":"","width":"","height":""}],"twitter_card":"summary_large_image","twitter_misc":{"Dur\u00e9e de lecture estim\u00e9e":"1 minute"},"schema":{"@context":"https:\/\/schema.org","@graph":[{"@type":"WebPage","@id":"https:\/\/pierre-delaunay.fr\/lindsey2\/prenotazione\/?lang=it","url":"https:\/\/pierre-delaunay.fr\/lindsey2\/prenotazione\/?lang=it","name":"Prenotazione - Lindsey H\u00f4tel","isPartOf":{"@id":"https:\/\/pierre-delaunay.fr\/lindsey2\/#website"},"primaryImageOfPage":{"@id":"https:\/\/pierre-delaunay.fr\/lindsey2\/prenotazione\/?lang=it#primaryimage"},"image":{"@id":"https:\/\/pierre-delaunay.fr\/lindsey2\/prenotazione\/?lang=it#primaryimage"},"thumbnailUrl":"https:\/\/lindsey-hotel-reunion.re\/wp-content\/uploads\/2022\/05\/CB.jpg","datePublished":"2022-04-18T13:16:32+00:00","dateModified":"2025-01-12T08:07:13+00:00","breadcrumb":{"@id":"https:\/\/pierre-delaunay.fr\/lindsey2\/prenotazione\/?lang=it#breadcrumb"},"inLanguage":"fr-FR","potentialAction":[{"@type":"ReadAction","target":["https:\/\/pierre-delaunay.fr\/lindsey2\/prenotazione\/?lang=it"]}]},{"@type":"ImageObject","inLanguage":"fr-FR","@id":"https:\/\/pierre-delaunay.fr\/lindsey2\/prenotazione\/?lang=it#primaryimage","url":"https:\/\/lindsey-hotel-reunion.re\/wp-content\/uploads\/2022\/05\/CB.jpg","contentUrl":"https:\/\/lindsey-hotel-reunion.re\/wp-content\/uploads\/2022\/05\/CB.jpg"},{"@type":"BreadcrumbList","@id":"https:\/\/pierre-delaunay.fr\/lindsey2\/prenotazione\/?lang=it#breadcrumb","itemListElement":[{"@type":"ListItem","position":1,"name":"Accueil","item":"https:\/\/pierre-delaunay.fr\/lindsey2\/"},{"@type":"ListItem","position":2,"name":"Prenotazione"}]},{"@type":"WebSite","@id":"https:\/\/pierre-delaunay.fr\/lindsey2\/#website","url":"https:\/\/pierre-delaunay.fr\/lindsey2\/","name":"Lindsey H\u00f4tel","description":"","publisher":{"@id":"https:\/\/pierre-delaunay.fr\/lindsey2\/#organization"},"potentialAction":[{"@type":"SearchAction","target":{"@type":"EntryPoint","urlTemplate":"https:\/\/pierre-delaunay.fr\/lindsey2\/?s={search_term_string}"},"query-input":{"@type":"PropertyValueSpecification","valueRequired":true,"valueName":"search_term_string"}}],"inLanguage":"fr-FR"},{"@type":"Organization","@id":"https:\/\/pierre-delaunay.fr\/lindsey2\/#organization","name":"Lindsey H\u00f4tel","url":"https:\/\/pierre-delaunay.fr\/lindsey2\/","logo":{"@type":"ImageObject","inLanguage":"fr-FR","@id":"https:\/\/pierre-delaunay.fr\/lindsey2\/#\/schema\/logo\/image\/","url":"https:\/\/pierre-delaunay.fr\/lindsey2\/wp-content\/uploads\/2021\/03\/cropped-Logo.jpg","contentUrl":"https:\/\/pierre-delaunay.fr\/lindsey2\/wp-content\/uploads\/2021\/03\/cropped-Logo.jpg","width":512,"height":512,"caption":"Lindsey H\u00f4tel"},"image":{"@id":"https:\/\/pierre-delaunay.fr\/lindsey2\/#\/schema\/logo\/image\/"},"sameAs":["https:\/\/www.facebook.com\/LeLindseyHotel"]}]}},"_links":{"self":[{"href":"https:\/\/pierre-delaunay.fr\/lindsey2\/wp-json\/wp\/v2\/pages\/5707","targetHints":{"allow":["GET"]}}],"collection":[{"href":"https:\/\/pierre-delaunay.fr\/lindsey2\/wp-json\/wp\/v2\/pages"}],"about":[{"href":"https:\/\/pierre-delaunay.fr\/lindsey2\/wp-json\/wp\/v2\/types\/page"}],"author":[{"embeddable":true,"href":"https:\/\/pierre-delaunay.fr\/lindsey2\/wp-json\/wp\/v2\/users\/1"}],"replies":[{"embeddable":true,"href":"https:\/\/pierre-delaunay.fr\/lindsey2\/wp-json\/wp\/v2\/comments?post=5707"}],"version-history":[{"count":3,"href":"https:\/\/pierre-delaunay.fr\/lindsey2\/wp-json\/wp\/v2\/pages\/5707\/revisions"}],"predecessor-version":[{"id":6886,"href":"https:\/\/pierre-delaunay.fr\/lindsey2\/wp-json\/wp\/v2\/pages\/5707\/revisions\/6886"}],"wp:attachment":[{"href":"https:\/\/pierre-delaunay.fr\/lindsey2\/wp-json\/wp\/v2\/media?parent=5707"}],"curies":[{"name":"wp","href":"https:\/\/api.w.org\/{rel}","templated":true}]}}