{"id":5701,"date":"2022-04-18T15:13:32","date_gmt":"2022-04-18T13:13:32","guid":{"rendered":"https:\/\/lindsey-hotel-reunion.re\/informativa-sulla-privacy\/"},"modified":"2025-01-12T08:41:10","modified_gmt":"2025-01-12T07:41:10","slug":"informativa-sulla-privacy","status":"publish","type":"page","link":"https:\/\/pierre-delaunay.fr\/lindsey2\/informativa-sulla-privacy\/?lang=it","title":{"rendered":"Informativa sulla privacy"},"content":{"rendered":"\n<h2 class=\"wp-block-heading\">Chi siamo?<\/h2>\n\n<p>L&rsquo;indirizzo del nostro sito web \u00e8: <a href=\"https:\/\/pierre-delaunay.fr\/lindsey2\/?lang=it\">https:\/\/pierre-delaunay.fr\/lindsey2\/<\/a><\/p>\n\n<h2 class=\"wp-block-heading\">Utilizzo dei dati personali raccolti<\/h2>\n\n<p>Per migliorare costantemente il nostro sito e comprendere meglio le esigenze dei nostri utenti, utilizziamo Google Analytics. Questo strumento raccoglie dati anonimi sulla navigazione dei visitatori (ad esempio pagine visualizzate, durata delle visite, dispositivi utilizzati). Queste informazioni non consentono la tua identificazione personale. Google memorizza questi dati in conformit\u00e0 con la sua politica sulla privacy, che puoi consultare qui: https:\/\/policies.google.com\/privacy?hl=it . Puoi disattivare la raccolta dati da parte di Google Analytics utilizzando il banner di accettazione dei cookie di Axeptio.<\/p>\n\n<h2 class=\"wp-block-heading\">Valutazione<\/h2>\n\n<p>Quando lasci un commento sul nostro sito, i dati inseriti nel modulo dei commenti, ma anche il tuo indirizzo IP e lo user agent del tuo browser vengono raccolti per aiutarci a rilevare commenti indesiderati.<\/p>\n\n<h2 class=\"wp-block-heading\">Moduli di contatto<\/h2>\n\n<p>Quando compili un modulo di contatto sul nostro sito, le informazioni che fornisci (nome, indirizzo email, messaggio) vengono raccolte e utilizzate solo per rispondere a te ed elaborare la tua richiesta. Questi dati vengono elaborati dal plugin Contact Form 7 e memorizzati sui nostri server. Non condividiamo queste informazioni con terze parti, a meno che non siamo tenuti a farlo per legge. I dati personali raccolti tramite i moduli di contatto vengono conservati per un periodo di 1 mese. Puoi esercitare in qualsiasi momento i tuoi diritti di accesso, rettifica e cancellazione dei tuoi dati contattandoci al seguente indirizzo: lindseyhotel@yahoo.fr<\/p>\n\n<h2 class=\"wp-block-heading\">Cookies<\/h2>\n\n<p>Il nostro sito utilizza cookie e tracker simili per migliorare la tua esperienza di navigazione, personalizzare contenuti e annunci e analizzare il traffico. Un cookie \u00e8 un piccolo file di testo che viene salvato sul tuo dispositivo (computer, tablet, smartphone) quando visiti il \u200b\u200bnostro sito.<\/p>\n\n<p>Puoi gestire le tue preferenze sui cookie in qualsiasi momento cliccando sul pulsante \u00ab\u00a0Gestisci cookie\u00a0\u00bb in fondo a questa pagina. Questo banner \u00e8 gestito dal nostro partner Axeptio, che ti consente di scegliere quali cookie accettare. Troverete maggiori informazioni sui cookie e su come gestirli sul sito della CNIL: https:\/\/www.cnil.fr\/fr\/cookies-et-autres-traceurs<\/p>\n\n<h2 class=\"wp-block-heading\">Statistiche e misurazioni del pubblico<\/h2>\n\n<p>Per migliorare costantemente il nostro sito e comprendere meglio le esigenze dei nostri utenti, utilizziamo Google Analytics, un servizio di analisi del pubblico fornito da Google. Questo servizio raccoglie dati anonimi sulla navigazione dei visitatori (ad esempio pagine visualizzate, durata delle visite, dispositivi utilizzati). Questi dati non consentono l&rsquo;identificazione personale. Le informazioni raccolte vengono trasmesse e archiviate da Google su server ubicati negli Stati Uniti. Per saperne di pi\u00f9 sulle pratiche di privacy di Google Analytics, puoi consultare l&rsquo;informativa sulla privacy di Google: https:\/\/policies.google.com\/privacy?hl=it. \u00c8 possibile disattivare la raccolta di dati da parte di Google Analytics utilizzando il componente aggiuntivo del browser offerto da Google: https:\/\/chromewebstore.google.com\/detail\/d%C3%A9sactivation-de-google-a\/fllaojicojecljbmefodhfapmkghcbnh?hl=fr<\/p>\n\n<h2 class=\"wp-block-heading\">Utilizzo e trasmissione dei tuoi dati personali<\/h2>\n\n<p>I dati personali che raccogliamo vengono utilizzati principalmente per fornirti i servizi da te richiesti (ad esempio, rispondendo alle tue richieste di contatto), migliorare il nostro sito web e personalizzare la tua esperienza utente. Non vendiamo n\u00e9 affittiamo i tuoi dati personali a terzi. Tuttavia, potremmo essere tenuti a condividere determinate informazioni con i nostri fornitori di servizi (host, sviluppatore) nell&rsquo;ambito dell&rsquo;esecuzione dei loro servizi. Questi fornitori di servizi sono tenuti a rispettare la riservatezza dei tuoi dati e possono utilizzarli solo per scopi connessi all&rsquo;esecuzione dei loro servizi. Potremmo inoltre essere tenuti a divulgare i tuoi dati personali in risposta a una richiesta legale o in relazione a procedimenti legali.<\/p>\n\n<h2 class=\"wp-block-heading\">Durata della conservazione dei tuoi dati<\/h2>\n\n<p>Conserviamo i tuoi dati personali solo per il tempo necessario al raggiungimento delle finalit\u00e0 per le quali sono stati raccolti e nel rispetto degli obblighi di legge vigenti.<\/p>\n\n<ul class=\"wp-block-list\">\n<li>Dati di navigazione: i dati raccolti a fini statistici vengono generalmente conservati per 13 mesi.<\/li>\n\n\n\n<li>Dati del modulo di contatto: i dati dei moduli di contatto vengono conservati per 3 anni.<\/li>\n<\/ul>\n\n<p>Trascorso tale periodo, i tuoi dati verranno cancellati o resi anonimi. Tuttavia, alcune informazioni potranno essere archiviate a fini probatori, in conformit\u00e0 agli obblighi di legge.<\/p>\n\n<h2 class=\"wp-block-heading\">I diritti che hai sui tuoi dati<\/h2>\n\n<p>I tuoi diritti sui tuoi dati: In conformit\u00e0 con la normativa vigente, hai specifici diritti sui tuoi dati personali. In questo modo puoi:<\/p>\n\n<ul class=\"wp-block-list\">\n<li>Richiedi l&rsquo;accesso ai tuoi dati: hai il diritto di richiedere una copia dei dati che conserviamo su di te.<\/li>\n\n\n\n<li>Richiedi la rettifica dei tuoi dati: se le informazioni in nostro possesso sono inesatte, puoi richiederne la modifica.<\/li>\n\n\n\n<li>Richiedere la cancellazione dei tuoi dati: in alcuni casi puoi richiedere la cancellazione dei tuoi dati.<\/li>\n\n\n\n<li>Opposizione al trattamento dei tuoi dati: puoi opporti al trattamento dei tuoi dati per motivi legittimi.<\/li>\n\n\n\n<li>Richiedere la limitazione del trattamento: puoi richiedere la sospensione del trattamento dei tuoi dati in determinati casi.<\/li>\n\n\n\n<li>Beneficia della portabilit\u00e0 dei tuoi dati: hai il diritto di ricevere i tuoi dati in un formato strutturato, di uso comune e leggibile da dispositivo automatico, oppure di richiederne la trasmissione a un altro titolare del trattamento.<\/li>\n<\/ul>\n\n<p>Per esercitare tali diritti, vi preghiamo di contattarci al seguente indirizzo: lindseyhotel@yahoo.fr. Ci impegniamo a rispondere alla vostra richiesta entro i termini di legge.<\/p>\n\n<h2 class=\"wp-block-heading\">Dove vengono inviati i tuoi dati<\/h2>\n\n<p>I dati che raccogliamo vengono archiviati sui server sicuri del nostro provider di hosting, Hostinger. Hostinger \u00e8 una societ\u00e0 di web hosting con sede in <strong>Lituania<\/strong>. Scegliendo di utilizzare i nostri servizi, accetti che i tuoi dati possano essere trasferiti e archiviati su server situati al di fuori del tuo Paese di residenza. Adottiamo tutte le misure tecniche e organizzative appropriate per garantire un elevato livello di sicurezza dei tuoi dati e per rispettare le normative vigenti in materia di protezione dei dati.<\/p>\n\n<h2 class=\"wp-block-heading\">Informazioni di contatto<\/h2>\n\n<p>Se hai domande sulla presente informativa sulla privacy o desideri esercitare i tuoi diritti, puoi contattarci all&rsquo;indirizzo lindseyhotel@yahoo.fr. Potete contattarci anche per posta al seguente indirizzo: 21 bis Rue Francois Isautier, Saint-Pierre 97410, La R\u00e9union. Ci impegniamo a rispondere alla tua richiesta il pi\u00f9 rapidamente possibile.<\/p>\n\n<h2 class=\"wp-block-heading\">Come proteggiamo i tuoi dati<\/h2>\n\n<p>La sicurezza dei tuoi dati \u00e8 la nostra priorit\u00e0. Implementiamo solide misure di sicurezza tecniche e organizzative per proteggere i tuoi dati personali da perdita, alterazione, divulgazione non autorizzata o accesso non autorizzato.<\/p>\n\n<p>Il nostro sito web utilizza il protocollo SSL\/TLS, che crittografa i dati scambiati tra il tuo browser e il nostro server. Eseguiamo regolarmente backup dei tuoi dati e aggiorniamo i nostri sistemi di sicurezza per far fronte alle minacce emergenti. Inoltre, limitiamo l&rsquo;accesso ai tuoi dati personali ai soli dipendenti che ne hanno bisogno per svolgere le proprie mansioni.<\/p>\n\n<h2 class=\"wp-block-heading\">Procedure implementate in caso di fuga di dati<\/h2>\n\n<p>In caso di violazione dei dati che possa compromettere i tuoi diritti e le tue libert\u00e0, ci impegniamo ad adottare le seguenti misure:<\/p>\n\n<ul class=\"wp-block-list\">\n<li>Rilevamento precoce: implementiamo sistemi di monitoraggio per rilevare qualsiasi attivit\u00e0 sospetta il prima possibile.<\/li>\n\n\n\n<li>Valutazione del rischio: valutiamo l&rsquo;entit\u00e0 della violazione e i rischi per le persone interessate.<\/li>\n\n\n\n<li>Notifica: Ti informeremo della violazione il prima possibile, in conformit\u00e0 con la normativa vigente, se \u00e8 probabile che ci\u00f2 comporti un rischio elevato per i tuoi diritti.<\/li>\n\n\n\n<li>Mitigazione: adotteremo tutte le misure necessarie per limitare le conseguenze della violazione, come la sospensione del trattamento dei dati interessati o la reimpostazione delle password.<\/li>\n\n\n\n<li>Cooperazione con le autorit\u00e0: collaboreremo con le autorit\u00e0 competenti se necessario.<\/li>\n<\/ul>\n\n<p>Conserviamo un registro delle violazioni dei dati, che ci consente di migliorare costantemente le nostre misure di sicurezza.<\/p>\n","protected":false},"excerpt":{"rendered":"<p>Chi siamo? L&rsquo;indirizzo del nostro sito web \u00e8: https:\/\/pierre-delaunay.fr\/lindsey2\/ Utilizzo dei dati personali raccolti Per migliorare costantemente il nostro sito e comprendere meglio le esigenze dei nostri utenti, utilizziamo Google Analytics. Questo strumento raccoglie dati anonimi sulla navigazione dei visitatori (ad esempio pagine visualizzate, durata delle visite, dispositivi utilizzati). Queste informazioni non consentono la tua&#8230; <\/p>\n<div class=\"clear\"><\/div>\n<p><a href=\"https:\/\/pierre-delaunay.fr\/lindsey2\/informativa-sulla-privacy\/?lang=it\" class=\"excerpt-read-more\">Poursuivre la lecture<i class=\"fa fa-long-arrow-right icon-long-arrow-right\"><\/i><\/a><\/p>\n","protected":false},"author":1,"featured_media":0,"parent":0,"menu_order":0,"comment_status":"closed","ping_status":"open","template":"","meta":{"footnotes":""},"class_list":["post-5701","page","type-page","status-publish","hentry"],"yoast_head":"<!-- This site is optimized with the Yoast SEO plugin v26.8 - https:\/\/yoast.com\/product\/yoast-seo-wordpress\/ -->\n<title>Informativa sulla privacy - Lindsey H\u00f4tel<\/title>\n<meta name=\"robots\" content=\"noindex, follow, max-snippet:-1, max-image-preview:large, max-video-preview:-1\" \/>\n<meta property=\"og:locale\" content=\"fr_FR\" \/>\n<meta property=\"og:type\" content=\"article\" \/>\n<meta property=\"og:title\" content=\"Informativa sulla privacy - Lindsey H\u00f4tel\" \/>\n<meta property=\"og:description\" content=\"Chi siamo? L&rsquo;indirizzo del nostro sito web \u00e8: https:\/\/pierre-delaunay.fr\/lindsey2\/ Utilizzo dei dati personali raccolti Per migliorare costantemente il nostro sito e comprendere meglio le esigenze dei nostri utenti, utilizziamo Google Analytics. Questo strumento raccoglie dati anonimi sulla navigazione dei visitatori (ad esempio pagine visualizzate, durata delle visite, dispositivi utilizzati). Queste informazioni non consentono la tua... Poursuivre la lecture\" \/>\n<meta property=\"og:url\" content=\"https:\/\/pierre-delaunay.fr\/lindsey2\/informativa-sulla-privacy\/?lang=it\" \/>\n<meta property=\"og:site_name\" content=\"Lindsey H\u00f4tel\" \/>\n<meta property=\"article:publisher\" content=\"https:\/\/www.facebook.com\/LeLindseyHotel\" \/>\n<meta property=\"article:modified_time\" content=\"2025-01-12T07:41:10+00:00\" \/>\n<meta name=\"twitter:card\" content=\"summary_large_image\" \/>\n<meta name=\"twitter:label1\" content=\"Dur\u00e9e de lecture estim\u00e9e\" \/>\n\t<meta name=\"twitter:data1\" content=\"6 minutes\" \/>\n<script type=\"application\/ld+json\" class=\"yoast-schema-graph\">{\"@context\":\"https:\/\/schema.org\",\"@graph\":[{\"@type\":\"WebPage\",\"@id\":\"https:\/\/pierre-delaunay.fr\/lindsey2\/informativa-sulla-privacy\/?lang=it\",\"url\":\"https:\/\/pierre-delaunay.fr\/lindsey2\/informativa-sulla-privacy\/?lang=it\",\"name\":\"Informativa sulla privacy - Lindsey H\u00f4tel\",\"isPartOf\":{\"@id\":\"https:\/\/pierre-delaunay.fr\/lindsey2\/#website\"},\"datePublished\":\"2022-04-18T13:13:32+00:00\",\"dateModified\":\"2025-01-12T07:41:10+00:00\",\"breadcrumb\":{\"@id\":\"https:\/\/pierre-delaunay.fr\/lindsey2\/informativa-sulla-privacy\/?lang=it#breadcrumb\"},\"inLanguage\":\"fr-FR\",\"potentialAction\":[{\"@type\":\"ReadAction\",\"target\":[\"https:\/\/pierre-delaunay.fr\/lindsey2\/informativa-sulla-privacy\/?lang=it\"]}]},{\"@type\":\"BreadcrumbList\",\"@id\":\"https:\/\/pierre-delaunay.fr\/lindsey2\/informativa-sulla-privacy\/?lang=it#breadcrumb\",\"itemListElement\":[{\"@type\":\"ListItem\",\"position\":1,\"name\":\"Accueil\",\"item\":\"https:\/\/pierre-delaunay.fr\/lindsey2\/\"},{\"@type\":\"ListItem\",\"position\":2,\"name\":\"Informativa sulla privacy\"}]},{\"@type\":\"WebSite\",\"@id\":\"https:\/\/pierre-delaunay.fr\/lindsey2\/#website\",\"url\":\"https:\/\/pierre-delaunay.fr\/lindsey2\/\",\"name\":\"Lindsey H\u00f4tel\",\"description\":\"\",\"publisher\":{\"@id\":\"https:\/\/pierre-delaunay.fr\/lindsey2\/#organization\"},\"potentialAction\":[{\"@type\":\"SearchAction\",\"target\":{\"@type\":\"EntryPoint\",\"urlTemplate\":\"https:\/\/pierre-delaunay.fr\/lindsey2\/?s={search_term_string}\"},\"query-input\":{\"@type\":\"PropertyValueSpecification\",\"valueRequired\":true,\"valueName\":\"search_term_string\"}}],\"inLanguage\":\"fr-FR\"},{\"@type\":\"Organization\",\"@id\":\"https:\/\/pierre-delaunay.fr\/lindsey2\/#organization\",\"name\":\"Lindsey H\u00f4tel\",\"url\":\"https:\/\/pierre-delaunay.fr\/lindsey2\/\",\"logo\":{\"@type\":\"ImageObject\",\"inLanguage\":\"fr-FR\",\"@id\":\"https:\/\/pierre-delaunay.fr\/lindsey2\/#\/schema\/logo\/image\/\",\"url\":\"https:\/\/pierre-delaunay.fr\/lindsey2\/wp-content\/uploads\/2021\/03\/cropped-Logo.jpg\",\"contentUrl\":\"https:\/\/pierre-delaunay.fr\/lindsey2\/wp-content\/uploads\/2021\/03\/cropped-Logo.jpg\",\"width\":512,\"height\":512,\"caption\":\"Lindsey H\u00f4tel\"},\"image\":{\"@id\":\"https:\/\/pierre-delaunay.fr\/lindsey2\/#\/schema\/logo\/image\/\"},\"sameAs\":[\"https:\/\/www.facebook.com\/LeLindseyHotel\"]}]}<\/script>\n<!-- \/ Yoast SEO plugin. -->","yoast_head_json":{"title":"Informativa sulla privacy - Lindsey H\u00f4tel","robots":{"index":"noindex","follow":"follow","max-snippet":"max-snippet:-1","max-image-preview":"max-image-preview:large","max-video-preview":"max-video-preview:-1"},"og_locale":"fr_FR","og_type":"article","og_title":"Informativa sulla privacy - Lindsey H\u00f4tel","og_description":"Chi siamo? L&rsquo;indirizzo del nostro sito web \u00e8: https:\/\/pierre-delaunay.fr\/lindsey2\/ Utilizzo dei dati personali raccolti Per migliorare costantemente il nostro sito e comprendere meglio le esigenze dei nostri utenti, utilizziamo Google Analytics. Questo strumento raccoglie dati anonimi sulla navigazione dei visitatori (ad esempio pagine visualizzate, durata delle visite, dispositivi utilizzati). Queste informazioni non consentono la tua... Poursuivre la lecture","og_url":"https:\/\/pierre-delaunay.fr\/lindsey2\/informativa-sulla-privacy\/?lang=it","og_site_name":"Lindsey H\u00f4tel","article_publisher":"https:\/\/www.facebook.com\/LeLindseyHotel","article_modified_time":"2025-01-12T07:41:10+00:00","twitter_card":"summary_large_image","twitter_misc":{"Dur\u00e9e de lecture estim\u00e9e":"6 minutes"},"schema":{"@context":"https:\/\/schema.org","@graph":[{"@type":"WebPage","@id":"https:\/\/pierre-delaunay.fr\/lindsey2\/informativa-sulla-privacy\/?lang=it","url":"https:\/\/pierre-delaunay.fr\/lindsey2\/informativa-sulla-privacy\/?lang=it","name":"Informativa sulla privacy - Lindsey H\u00f4tel","isPartOf":{"@id":"https:\/\/pierre-delaunay.fr\/lindsey2\/#website"},"datePublished":"2022-04-18T13:13:32+00:00","dateModified":"2025-01-12T07:41:10+00:00","breadcrumb":{"@id":"https:\/\/pierre-delaunay.fr\/lindsey2\/informativa-sulla-privacy\/?lang=it#breadcrumb"},"inLanguage":"fr-FR","potentialAction":[{"@type":"ReadAction","target":["https:\/\/pierre-delaunay.fr\/lindsey2\/informativa-sulla-privacy\/?lang=it"]}]},{"@type":"BreadcrumbList","@id":"https:\/\/pierre-delaunay.fr\/lindsey2\/informativa-sulla-privacy\/?lang=it#breadcrumb","itemListElement":[{"@type":"ListItem","position":1,"name":"Accueil","item":"https:\/\/pierre-delaunay.fr\/lindsey2\/"},{"@type":"ListItem","position":2,"name":"Informativa sulla privacy"}]},{"@type":"WebSite","@id":"https:\/\/pierre-delaunay.fr\/lindsey2\/#website","url":"https:\/\/pierre-delaunay.fr\/lindsey2\/","name":"Lindsey H\u00f4tel","description":"","publisher":{"@id":"https:\/\/pierre-delaunay.fr\/lindsey2\/#organization"},"potentialAction":[{"@type":"SearchAction","target":{"@type":"EntryPoint","urlTemplate":"https:\/\/pierre-delaunay.fr\/lindsey2\/?s={search_term_string}"},"query-input":{"@type":"PropertyValueSpecification","valueRequired":true,"valueName":"search_term_string"}}],"inLanguage":"fr-FR"},{"@type":"Organization","@id":"https:\/\/pierre-delaunay.fr\/lindsey2\/#organization","name":"Lindsey H\u00f4tel","url":"https:\/\/pierre-delaunay.fr\/lindsey2\/","logo":{"@type":"ImageObject","inLanguage":"fr-FR","@id":"https:\/\/pierre-delaunay.fr\/lindsey2\/#\/schema\/logo\/image\/","url":"https:\/\/pierre-delaunay.fr\/lindsey2\/wp-content\/uploads\/2021\/03\/cropped-Logo.jpg","contentUrl":"https:\/\/pierre-delaunay.fr\/lindsey2\/wp-content\/uploads\/2021\/03\/cropped-Logo.jpg","width":512,"height":512,"caption":"Lindsey H\u00f4tel"},"image":{"@id":"https:\/\/pierre-delaunay.fr\/lindsey2\/#\/schema\/logo\/image\/"},"sameAs":["https:\/\/www.facebook.com\/LeLindseyHotel"]}]}},"_links":{"self":[{"href":"https:\/\/pierre-delaunay.fr\/lindsey2\/wp-json\/wp\/v2\/pages\/5701","targetHints":{"allow":["GET"]}}],"collection":[{"href":"https:\/\/pierre-delaunay.fr\/lindsey2\/wp-json\/wp\/v2\/pages"}],"about":[{"href":"https:\/\/pierre-delaunay.fr\/lindsey2\/wp-json\/wp\/v2\/types\/page"}],"author":[{"embeddable":true,"href":"https:\/\/pierre-delaunay.fr\/lindsey2\/wp-json\/wp\/v2\/users\/1"}],"replies":[{"embeddable":true,"href":"https:\/\/pierre-delaunay.fr\/lindsey2\/wp-json\/wp\/v2\/comments?post=5701"}],"version-history":[{"count":5,"href":"https:\/\/pierre-delaunay.fr\/lindsey2\/wp-json\/wp\/v2\/pages\/5701\/revisions"}],"predecessor-version":[{"id":6875,"href":"https:\/\/pierre-delaunay.fr\/lindsey2\/wp-json\/wp\/v2\/pages\/5701\/revisions\/6875"}],"wp:attachment":[{"href":"https:\/\/pierre-delaunay.fr\/lindsey2\/wp-json\/wp\/v2\/media?parent=5701"}],"curies":[{"name":"wp","href":"https:\/\/api.w.org\/{rel}","templated":true}]}}