{"id":4106,"date":"2015-08-18T16:23:27","date_gmt":"2015-08-18T16:23:27","guid":{"rendered":"http:\/\/demo.goodlayers.com\/hotelmaster\/hostel\/?page_id=2"},"modified":"2026-03-11T10:56:41","modified_gmt":"2026-03-11T09:56:41","slug":"piscine-brunch","status":"publish","type":"page","link":"https:\/\/pierre-delaunay.fr\/lindsey2\/piscine-brunch\/","title":{"rendered":"Acc\u00e8s \u00e0 la piscine"},"content":{"rendered":"\t\t<div data-elementor-type=\"wp-page\" data-elementor-id=\"4106\" class=\"elementor elementor-4106\">\n\t\t\t\t\t\t<section class=\"elementor-section elementor-top-section elementor-element elementor-element-665b0f9 elementor-section-boxed elementor-section-height-default elementor-section-height-default\" data-id=\"665b0f9\" data-element_type=\"section\">\n\t\t\t\t\t\t<div class=\"elementor-container elementor-column-gap-default\">\n\t\t\t\t\t<div class=\"elementor-column elementor-col-100 elementor-top-column elementor-element elementor-element-b141173\" data-id=\"b141173\" data-element_type=\"column\">\n\t\t\t<div class=\"elementor-widget-wrap elementor-element-populated\">\n\t\t\t\t\t\t<div class=\"elementor-element elementor-element-5239179 elementor-widget elementor-widget-text-editor\" data-id=\"5239179\" data-element_type=\"widget\" data-widget_type=\"text-editor.default\">\n\t\t\t\t<div class=\"elementor-widget-container\">\n\t\t\t\t\t\t\t\t\t<p><button class=\"distributor inTemplate\">R\u00e9server<\/button><\/p>\t\t\t\t\t\t\t\t<\/div>\n\t\t\t\t<\/div>\n\t\t\t\t\t<\/div>\n\t\t<\/div>\n\t\t\t\t\t<\/div>\n\t\t<\/section>\n\t\t\t\t<section class=\"elementor-section elementor-top-section elementor-element elementor-element-b4853c0 elementor-section-boxed elementor-section-height-default elementor-section-height-default\" data-id=\"b4853c0\" data-element_type=\"section\">\n\t\t\t\t\t\t<div class=\"elementor-container elementor-column-gap-default\">\n\t\t\t\t\t<div class=\"elementor-column elementor-col-100 elementor-top-column elementor-element elementor-element-bce0ec0\" data-id=\"bce0ec0\" data-element_type=\"column\">\n\t\t\t<div class=\"elementor-widget-wrap elementor-element-populated\">\n\t\t\t\t\t\t<div class=\"elementor-element elementor-element-dba55aa elementor-widget elementor-widget-text-editor\" data-id=\"dba55aa\" data-element_type=\"widget\" data-widget_type=\"text-editor.default\">\n\t\t\t\t<div class=\"elementor-widget-container\">\n\t\t\t\t\t\t\t\t\t<style>\n    \/* --- SECTION HEADER --- *\/\n    .section-header-wrapper {\n        text-align: center;\n        margin-bottom: 50px;\n        margin-top: 50px;\n        position: relative;\n    }\n\n    .main-section-title {\n        font-family: 'Helvetica Neue', Helvetica, Arial, sans-serif;\n        font-size: 24px;\n        font-weight: 400;\n        color: #333333;\n        text-transform: uppercase;\n        letter-spacing: 4px;\n        margin: 0;\n        padding-bottom: 20px;\n        position: relative;\n        display: inline-block;\n    }\n\n    .main-section-title::after {\n        content: '';\n        position: absolute;\n        bottom: 0;\n        left: 50%;\n        transform: translateX(-50%);\n        width: 40px;\n        height: 2px;\n        background-color: #5BC9B4;\n    }\n\n    .section-subtitle {\n        display: block;\n        margin-top: 15px;\n        font-size: 14px;\n        color: #888;\n        font-style: italic;\n        font-family: 'Helvetica Neue', Helvetica, Arial, sans-serif;\n    }\n\n    \/* --- GRILLE PISCINE --- *\/\n    .pool-grid-classy {\n        display: flex;\n        flex-wrap: wrap;\n        gap: 30px;\n        justify-content: center;\n        margin-top: 30px;\n        align-items: stretch;\n    }\n\n    \/* --- CARTE --- *\/\n    .pool-card-classy {\n        background-color: #ffffff;\n        padding: 30px 25px;\n        border: 1px solid #eee;\n        border-radius: 4px;\n        box-shadow: 0 5px 15px rgba(0,0,0,0.03);\n        text-align: center;\n        font-family: 'Helvetica Neue', Helvetica, Arial, sans-serif;\n        transition: all 0.3s ease;\n        flex: 1;\n        min-width: 320px;\n        max-width: 450px;\n        display: flex;\n        flex-direction: column;\n    }\n\n    .pool-card-classy:hover {\n        transform: translateY(-5px);\n        box-shadow: 0 15px 30px rgba(0,0,0,0.08);\n        border-bottom: 3px solid #5BC9B4;\n    }\n\n    .title-classy {\n        font-size: 22px;\n        font-weight: 700;\n        color: #5BC9B4;\n        margin-bottom: 10px;\n        text-transform: uppercase;\n        letter-spacing: 1px;\n    }\n\n    .price-main {\n        font-size: 42px;\n        font-weight: 800;\n        color: #1D4E8F; \n        line-height: 1;\n        margin-bottom: 5px;\n        display: block;\n    }\n\n    .price-sub {\n        font-size: 15px;\n        color: #888;\n        font-weight: 500;\n        margin-bottom: 20px;\n        font-style: italic;\n    }\n\n    .desc-classy {\n        font-size: 16px;\n        color: #666;\n        line-height: 1.5;\n        margin-bottom: 20px;\n        flex-grow: 1;\n        font-weight: 400;\n    }\n\n    .gold-accent {\n        color: #5BC9B4 !important;\n        font-weight: 700;\n    }\n\n    .list-classy {\n        list-style: none;\n        padding: 0;\n        text-align: left;\n        display: inline-block;\n        margin-top: 5px;\n        width: 100%;\n    }\n\n    .list-classy li {\n        margin-bottom: 10px;\n        font-size: 15px;\n        color: #555;\n        display: flex;\n        align-items: start;\n        border-bottom: 1px dashed #eee;\n        padding-bottom: 8px;\n    }\n\n    .list-classy li::before {\n        content: '\u2014';\n        display: inline-block;\n        color: #5BC9B4 !important;\n        margin-right: 10px;\n        font-weight: 900;\n    }\n\n    .supplements-box {\n        background-color: rgba(91, 201, 180, 0.05);\n        border: 1px solid rgba(91, 201, 180, 0.2);\n        padding: 12px;\n        margin: 15px 0;\n        font-size: 14px;\n        color: #555;\n        text-align: center;\n        line-height: 1.4;\n        border-radius: 4px;\n    }\n\n    .info-bottom {\n        margin-top: auto;\n        padding: 12px;\n        border-top: 1px solid #eee;\n        color: #333;\n        font-weight: 700;\n        font-size: 16px;\n        text-transform: uppercase;\n        letter-spacing: 1px;\n        background: #fff;\n        align-self: center;\n        width: 100%;\n    }\n\n    \/* MAILLAGE INTERNE DISCRET *\/\n    .seo-footer-pool {\n        text-align: center;\n        margin-top: 40px;\n        font-family: 'Helvetica Neue', sans-serif;\n        font-size: 14px;\n        color: #999;\n    }\n\n    .seo-footer-pool a {\n        color: #5BC9B4;\n        text-decoration: none;\n    }\n<\/style>\n\n<div class=\"section-header-wrapper\">\n    <h1 class=\"main-section-title\">Piscine Saint-Pierre R\u00e9union<\/h1>\n    <span class=\"section-subtitle\">D\u00e9tente et loisirs pour les visiteurs ext\u00e9rieurs au Lindsey H\u00f4tel<\/span>\n<\/div>\n\n<div class=\"pool-grid-classy\">\n    <div class=\"pool-card-classy\">\n        <div class=\"title-classy\">Journ\u00e9e D\u00e9tente<\/div>\n        <span class=\"price-main\">35 \u20ac<\/span>\n        <div class=\"price-sub\">par adulte (28 \u20ac enfant)<\/div>\n        <p class=\"desc-classy\">Profitez d&rsquo;une journ\u00e9e \u00e0 notre <strong>piscine \u00e0 Saint-Pierre<\/strong>. Incluant <span class=\"gold-accent\">un soft<\/span> et le <span class=\"gold-accent\">repas \u00e0 la pizzeria<\/span>.<\/p>\n        <div class=\"info-bottom\">10h \u2013 16h<\/div>\n    <\/div>\n\n    <div class=\"pool-card-classy\">\n        <div class=\"title-classy\">Anniversaire<\/div>\n        <span class=\"price-main\">28\u20ac <span style=\"font-size: 20px; font-weight: 500; color: #888;\">\/ enfant<\/span><\/span>\n        <div class=\"price-sub\"><span class=\"gold-accent\">OFFERT<\/span> pour l&rsquo;enfant f\u00eat\u00e9 !<\/div>\n        <div class=\"desc-classy\">\n            <ul class=\"list-classy\">\n                <li><span class=\"gold-accent\">1 activit\u00e9<\/span> au choix \u00e0 la piscine<\/li>\n                <li>G\u00e2teau d&rsquo;anniversaire &amp; 1 Boisson<\/li>\n                <li>Brochettes de fruits frais<\/li>\n            <\/ul>\n            <div class=\"supplements-box\"><strong>Options D\u00e9co :<\/strong> Classique +30\u20ac | \u00c0 Th\u00e8me +45\u20ac<\/div>\n            <div style=\"font-size: 14px; margin-top: 8px; font-weight: bold; color: #5bc9b4;\">R\u00e9sa au 02 62 24 60 11<\/div>\n        <\/div>\n        <div class=\"info-bottom\">10h-12h30 <span style=\"color: #ccc;\">|<\/span> 14h-16h30<\/div>\n    <\/div>\n<\/div>\n\n<div class=\"seo-footer-pool\">\n    <p>Apr\u00e8s la baignade, d\u00e9couvrez notre <a href=\"\/bar-et-snacks\/\">Bar &#038; Snacks<\/a> ou notre <a href=\"\/boutik\/\">Boutik locale<\/a>.<\/p>\n<\/div>\t\t\t\t\t\t\t\t<\/div>\n\t\t\t\t<\/div>\n\t\t\t\t<div class=\"elementor-element elementor-element-7ed6ecb elementor-drop-cap-yes elementor-drop-cap-view-default elementor-widget elementor-widget-text-editor\" data-id=\"7ed6ecb\" data-element_type=\"widget\" data-settings=\"{&quot;drop_cap&quot;:&quot;yes&quot;}\" data-widget_type=\"text-editor.default\">\n\t\t\t\t<div class=\"elementor-widget-container\">\n\t\t\t\t\t\t\t\t\t<div style=\"background-color: #1D4E8F; color: #ffffff; padding: 20px 30px; border-radius: 8px; text-align: center; margin: 40px auto; border-left: 5px solid #3CBFAE; max-width: 700px; font-family: sans-serif;\">\n    Info R\u00e9sidents de l&rsquo;H\u00f4tel : L&rsquo;acc\u00e8s \u00e0 la piscine est \n    <span style=\"color: #3CBFAE; font-weight: bold; text-transform: uppercase;\">GRATUIT<\/span> durant votre s\u00e9jour.\n<\/div>\n\t\t\t\t\t\t\t\t<\/div>\n\t\t\t\t<\/div>\n\t\t\t\t<div class=\"elementor-element elementor-element-d4d0ab8 elementor-widget elementor-widget-text-editor\" data-id=\"d4d0ab8\" data-element_type=\"widget\" data-widget_type=\"text-editor.default\">\n\t\t\t\t<div class=\"elementor-widget-container\">\n\t\t\t\t\t\t\t\t\t\n<\/div>\t\t\t\t\t\t\t\t<\/div>\n\t\t\t\t<\/div>\n\t\t\t\t\t<\/div>\n\t\t<\/div>\n\t\t\t\t\t<\/div>\n\t\t<\/section>\n\t\t\t\t<section class=\"elementor-section elementor-top-section elementor-element elementor-element-c1b1a94 elementor-section-boxed elementor-section-height-default elementor-section-height-default\" data-id=\"c1b1a94\" data-element_type=\"section\">\n\t\t\t\t\t\t<div class=\"elementor-container elementor-column-gap-default\">\n\t\t\t\t\t<div class=\"elementor-column elementor-col-100 elementor-top-column elementor-element elementor-element-5a8d86b\" data-id=\"5a8d86b\" data-element_type=\"column\">\n\t\t\t<div class=\"elementor-widget-wrap\">\n\t\t\t\t\t\t\t<\/div>\n\t\t<\/div>\n\t\t\t\t\t<\/div>\n\t\t<\/section>\n\t\t\t\t<section class=\"elementor-section elementor-top-section elementor-element elementor-element-c169b1e elementor-section-boxed elementor-section-height-default elementor-section-height-default\" data-id=\"c169b1e\" data-element_type=\"section\">\n\t\t\t\t\t\t<div class=\"elementor-container elementor-column-gap-default\">\n\t\t\t\t\t<div class=\"elementor-column elementor-col-100 elementor-top-column elementor-element elementor-element-4f5a20b\" data-id=\"4f5a20b\" data-element_type=\"column\">\n\t\t\t<div class=\"elementor-widget-wrap elementor-element-populated\">\n\t\t\t\t\t\t\t<\/div>\n\t\t<\/div>\n\t\t\t\t\t<\/div>\n\t\t<\/section>\n\t\t\t\t<\/div>\n\t\t","protected":false},"excerpt":{"rendered":"<p>R\u00e9server Piscine Saint-Pierre R\u00e9union D\u00e9tente et loisirs pour les visiteurs ext\u00e9rieurs au Lindsey H\u00f4tel Journ\u00e9e D\u00e9tente 35 \u20ac par adulte (28 \u20ac enfant) Profitez d&rsquo;une journ\u00e9e \u00e0 notre piscine \u00e0 Saint-Pierre. Incluant un soft et le repas \u00e0 la pizzeria. 10h \u2013 16h Anniversaire 28\u20ac \/ enfant OFFERT pour l&rsquo;enfant f\u00eat\u00e9 ! 1 activit\u00e9 au&#8230; <\/p>\n<div class=\"clear\"><\/div>\n<p><a href=\"https:\/\/pierre-delaunay.fr\/lindsey2\/piscine-brunch\/\" class=\"excerpt-read-more\">Poursuivre la lecture<i class=\"fa fa-long-arrow-right icon-long-arrow-right\"><\/i><\/a><\/p>\n","protected":false},"author":1,"featured_media":0,"parent":0,"menu_order":0,"comment_status":"open","ping_status":"open","template":"","meta":{"footnotes":""},"class_list":["post-4106","page","type-page","status-publish","hentry"],"yoast_head":"<!-- This site is optimized with the Yoast SEO plugin v26.8 - https:\/\/yoast.com\/product\/yoast-seo-wordpress\/ -->\n<title>Acc\u00e8s \u00e0 la piscine - Lindsey H\u00f4tel<\/title>\n<meta name=\"robots\" content=\"noindex, follow, max-snippet:-1, max-image-preview:large, max-video-preview:-1\" \/>\n<meta property=\"og:locale\" content=\"fr_FR\" \/>\n<meta property=\"og:type\" content=\"article\" \/>\n<meta property=\"og:title\" content=\"Acc\u00e8s \u00e0 la piscine - Lindsey H\u00f4tel\" \/>\n<meta property=\"og:description\" content=\"R\u00e9server Piscine Saint-Pierre R\u00e9union D\u00e9tente et loisirs pour les visiteurs ext\u00e9rieurs au Lindsey H\u00f4tel Journ\u00e9e D\u00e9tente 35 \u20ac par adulte (28 \u20ac enfant) Profitez d&rsquo;une journ\u00e9e \u00e0 notre piscine \u00e0 Saint-Pierre. Incluant un soft et le repas \u00e0 la pizzeria. 10h \u2013 16h Anniversaire 28\u20ac \/ enfant OFFERT pour l&rsquo;enfant f\u00eat\u00e9 ! 1 activit\u00e9 au... Poursuivre la lecture\" \/>\n<meta property=\"og:url\" content=\"https:\/\/pierre-delaunay.fr\/lindsey2\/piscine-brunch\/\" \/>\n<meta property=\"og:site_name\" content=\"Lindsey H\u00f4tel\" \/>\n<meta property=\"article:publisher\" content=\"https:\/\/www.facebook.com\/LeLindseyHotel\" \/>\n<meta property=\"article:modified_time\" content=\"2026-03-11T09:56:41+00:00\" \/>\n<meta name=\"twitter:card\" content=\"summary_large_image\" \/>\n<meta name=\"twitter:label1\" content=\"Dur\u00e9e de lecture estim\u00e9e\" \/>\n\t<meta name=\"twitter:data1\" content=\"1 minute\" \/>\n<script type=\"application\/ld+json\" class=\"yoast-schema-graph\">{\"@context\":\"https:\/\/schema.org\",\"@graph\":[{\"@type\":\"WebPage\",\"@id\":\"https:\/\/pierre-delaunay.fr\/lindsey2\/piscine-brunch\/\",\"url\":\"https:\/\/pierre-delaunay.fr\/lindsey2\/piscine-brunch\/\",\"name\":\"Acc\u00e8s \u00e0 la piscine - Lindsey H\u00f4tel\",\"isPartOf\":{\"@id\":\"https:\/\/pierre-delaunay.fr\/lindsey2\/#website\"},\"datePublished\":\"2015-08-18T16:23:27+00:00\",\"dateModified\":\"2026-03-11T09:56:41+00:00\",\"breadcrumb\":{\"@id\":\"https:\/\/pierre-delaunay.fr\/lindsey2\/piscine-brunch\/#breadcrumb\"},\"inLanguage\":\"fr-FR\",\"potentialAction\":[{\"@type\":\"ReadAction\",\"target\":[\"https:\/\/pierre-delaunay.fr\/lindsey2\/piscine-brunch\/\"]}]},{\"@type\":\"BreadcrumbList\",\"@id\":\"https:\/\/pierre-delaunay.fr\/lindsey2\/piscine-brunch\/#breadcrumb\",\"itemListElement\":[{\"@type\":\"ListItem\",\"position\":1,\"name\":\"Accueil\",\"item\":\"https:\/\/pierre-delaunay.fr\/lindsey2\/\"},{\"@type\":\"ListItem\",\"position\":2,\"name\":\"Acc\u00e8s \u00e0 la piscine\"}]},{\"@type\":\"WebSite\",\"@id\":\"https:\/\/pierre-delaunay.fr\/lindsey2\/#website\",\"url\":\"https:\/\/pierre-delaunay.fr\/lindsey2\/\",\"name\":\"Lindsey H\u00f4tel\",\"description\":\"\",\"publisher\":{\"@id\":\"https:\/\/pierre-delaunay.fr\/lindsey2\/#organization\"},\"potentialAction\":[{\"@type\":\"SearchAction\",\"target\":{\"@type\":\"EntryPoint\",\"urlTemplate\":\"https:\/\/pierre-delaunay.fr\/lindsey2\/?s={search_term_string}\"},\"query-input\":{\"@type\":\"PropertyValueSpecification\",\"valueRequired\":true,\"valueName\":\"search_term_string\"}}],\"inLanguage\":\"fr-FR\"},{\"@type\":\"Organization\",\"@id\":\"https:\/\/pierre-delaunay.fr\/lindsey2\/#organization\",\"name\":\"Lindsey H\u00f4tel\",\"url\":\"https:\/\/pierre-delaunay.fr\/lindsey2\/\",\"logo\":{\"@type\":\"ImageObject\",\"inLanguage\":\"fr-FR\",\"@id\":\"https:\/\/pierre-delaunay.fr\/lindsey2\/#\/schema\/logo\/image\/\",\"url\":\"https:\/\/pierre-delaunay.fr\/lindsey2\/wp-content\/uploads\/2021\/03\/cropped-Logo.jpg\",\"contentUrl\":\"https:\/\/pierre-delaunay.fr\/lindsey2\/wp-content\/uploads\/2021\/03\/cropped-Logo.jpg\",\"width\":512,\"height\":512,\"caption\":\"Lindsey H\u00f4tel\"},\"image\":{\"@id\":\"https:\/\/pierre-delaunay.fr\/lindsey2\/#\/schema\/logo\/image\/\"},\"sameAs\":[\"https:\/\/www.facebook.com\/LeLindseyHotel\"]}]}<\/script>\n<!-- \/ Yoast SEO plugin. -->","yoast_head_json":{"title":"Acc\u00e8s \u00e0 la piscine - Lindsey H\u00f4tel","robots":{"index":"noindex","follow":"follow","max-snippet":"max-snippet:-1","max-image-preview":"max-image-preview:large","max-video-preview":"max-video-preview:-1"},"og_locale":"fr_FR","og_type":"article","og_title":"Acc\u00e8s \u00e0 la piscine - Lindsey H\u00f4tel","og_description":"R\u00e9server Piscine Saint-Pierre R\u00e9union D\u00e9tente et loisirs pour les visiteurs ext\u00e9rieurs au Lindsey H\u00f4tel Journ\u00e9e D\u00e9tente 35 \u20ac par adulte (28 \u20ac enfant) Profitez d&rsquo;une journ\u00e9e \u00e0 notre piscine \u00e0 Saint-Pierre. Incluant un soft et le repas \u00e0 la pizzeria. 10h \u2013 16h Anniversaire 28\u20ac \/ enfant OFFERT pour l&rsquo;enfant f\u00eat\u00e9 ! 1 activit\u00e9 au... Poursuivre la lecture","og_url":"https:\/\/pierre-delaunay.fr\/lindsey2\/piscine-brunch\/","og_site_name":"Lindsey H\u00f4tel","article_publisher":"https:\/\/www.facebook.com\/LeLindseyHotel","article_modified_time":"2026-03-11T09:56:41+00:00","twitter_card":"summary_large_image","twitter_misc":{"Dur\u00e9e de lecture estim\u00e9e":"1 minute"},"schema":{"@context":"https:\/\/schema.org","@graph":[{"@type":"WebPage","@id":"https:\/\/pierre-delaunay.fr\/lindsey2\/piscine-brunch\/","url":"https:\/\/pierre-delaunay.fr\/lindsey2\/piscine-brunch\/","name":"Acc\u00e8s \u00e0 la piscine - Lindsey H\u00f4tel","isPartOf":{"@id":"https:\/\/pierre-delaunay.fr\/lindsey2\/#website"},"datePublished":"2015-08-18T16:23:27+00:00","dateModified":"2026-03-11T09:56:41+00:00","breadcrumb":{"@id":"https:\/\/pierre-delaunay.fr\/lindsey2\/piscine-brunch\/#breadcrumb"},"inLanguage":"fr-FR","potentialAction":[{"@type":"ReadAction","target":["https:\/\/pierre-delaunay.fr\/lindsey2\/piscine-brunch\/"]}]},{"@type":"BreadcrumbList","@id":"https:\/\/pierre-delaunay.fr\/lindsey2\/piscine-brunch\/#breadcrumb","itemListElement":[{"@type":"ListItem","position":1,"name":"Accueil","item":"https:\/\/pierre-delaunay.fr\/lindsey2\/"},{"@type":"ListItem","position":2,"name":"Acc\u00e8s \u00e0 la piscine"}]},{"@type":"WebSite","@id":"https:\/\/pierre-delaunay.fr\/lindsey2\/#website","url":"https:\/\/pierre-delaunay.fr\/lindsey2\/","name":"Lindsey H\u00f4tel","description":"","publisher":{"@id":"https:\/\/pierre-delaunay.fr\/lindsey2\/#organization"},"potentialAction":[{"@type":"SearchAction","target":{"@type":"EntryPoint","urlTemplate":"https:\/\/pierre-delaunay.fr\/lindsey2\/?s={search_term_string}"},"query-input":{"@type":"PropertyValueSpecification","valueRequired":true,"valueName":"search_term_string"}}],"inLanguage":"fr-FR"},{"@type":"Organization","@id":"https:\/\/pierre-delaunay.fr\/lindsey2\/#organization","name":"Lindsey H\u00f4tel","url":"https:\/\/pierre-delaunay.fr\/lindsey2\/","logo":{"@type":"ImageObject","inLanguage":"fr-FR","@id":"https:\/\/pierre-delaunay.fr\/lindsey2\/#\/schema\/logo\/image\/","url":"https:\/\/pierre-delaunay.fr\/lindsey2\/wp-content\/uploads\/2021\/03\/cropped-Logo.jpg","contentUrl":"https:\/\/pierre-delaunay.fr\/lindsey2\/wp-content\/uploads\/2021\/03\/cropped-Logo.jpg","width":512,"height":512,"caption":"Lindsey H\u00f4tel"},"image":{"@id":"https:\/\/pierre-delaunay.fr\/lindsey2\/#\/schema\/logo\/image\/"},"sameAs":["https:\/\/www.facebook.com\/LeLindseyHotel"]}]}},"_links":{"self":[{"href":"https:\/\/pierre-delaunay.fr\/lindsey2\/wp-json\/wp\/v2\/pages\/4106","targetHints":{"allow":["GET"]}}],"collection":[{"href":"https:\/\/pierre-delaunay.fr\/lindsey2\/wp-json\/wp\/v2\/pages"}],"about":[{"href":"https:\/\/pierre-delaunay.fr\/lindsey2\/wp-json\/wp\/v2\/types\/page"}],"author":[{"embeddable":true,"href":"https:\/\/pierre-delaunay.fr\/lindsey2\/wp-json\/wp\/v2\/users\/1"}],"replies":[{"embeddable":true,"href":"https:\/\/pierre-delaunay.fr\/lindsey2\/wp-json\/wp\/v2\/comments?post=4106"}],"version-history":[{"count":11,"href":"https:\/\/pierre-delaunay.fr\/lindsey2\/wp-json\/wp\/v2\/pages\/4106\/revisions"}],"predecessor-version":[{"id":7660,"href":"https:\/\/pierre-delaunay.fr\/lindsey2\/wp-json\/wp\/v2\/pages\/4106\/revisions\/7660"}],"wp:attachment":[{"href":"https:\/\/pierre-delaunay.fr\/lindsey2\/wp-json\/wp\/v2\/media?parent=4106"}],"curies":[{"name":"wp","href":"https:\/\/api.w.org\/{rel}","templated":true}]}}