{"id":12145,"date":"2025-08-12T09:08:23","date_gmt":"2025-08-12T07:08:23","guid":{"rendered":"https:\/\/pierre-delaunay.fr\/komajiva\/?page_id=12145"},"modified":"2025-08-20T10:04:18","modified_gmt":"2025-08-20T08:04:18","slug":"nos-destinations","status":"publish","type":"page","link":"https:\/\/pierre-delaunay.fr\/komajiva\/nos-destinations\/","title":{"rendered":"Nos destinations"},"content":{"rendered":"\t\t<div data-elementor-type=\"wp-page\" data-elementor-id=\"12145\" class=\"elementor elementor-12145\" data-elementor-post-type=\"page\">\n\t\t\t\t<div class=\"elementor-element elementor-element-0dd86cb e-flex e-con-boxed e-con e-parent\" data-id=\"0dd86cb\" data-element_type=\"container\">\n\t\t\t\t\t<div class=\"e-con-inner\">\n\t\t\t\t<div class=\"elementor-element elementor-element-8ca4b2c elementor-widget elementor-widget-heading\" data-id=\"8ca4b2c\" data-element_type=\"widget\" data-widget_type=\"heading.default\">\n\t\t\t\t\t<p class=\"elementor-heading-title elementor-size-default\">Pr\u00e9parez-vous \u00e0 vivre des moments inoubliables au c\u0153ur d'un archipel aux eaux turquoise et aux plages de sable blanc.<\/p>\t\t\t\t<\/div>\n\t\t\t\t<div class=\"elementor-element elementor-element-ee1b9d2 elementor-widget elementor-widget-heading\" data-id=\"ee1b9d2\" data-element_type=\"widget\" data-widget_type=\"heading.default\">\n\t\t\t\t\t<h2 class=\"elementor-heading-title elementor-size-default\">Nos excursions en bateau : votre porte d'entr\u00e9e vers l'\u00e9merveillement<\/h2>\t\t\t\t<\/div>\n\t\t\t\t<div class=\"elementor-element elementor-element-7a401af elementor-widget elementor-widget-heading\" data-id=\"7a401af\" data-element_type=\"widget\" data-widget_type=\"heading.default\">\n\t\t\t\t\t<p class=\"elementor-heading-title elementor-size-default\">Nous vous proposons une s\u00e9lection d'excursions en bateau pour explorer les tr\u00e9sors cach\u00e9s de l'archipel de Nosy Be. <br>Laissez-vous guider par nos capitaines exp\u00e9riment\u00e9s qui vous feront d\u00e9couvrir des lieux paradisiaques, accessibles uniquement par la mer.<\/p>\t\t\t\t<\/div>\n\t\t\t\t<div class=\"elementor-element elementor-element-03216a8 elementor-grid-eael-col-4 elementor-grid-tablet-eael-col-2 elementor-grid-mobile-eael-col-1 elementor-widget elementor-widget-eael-post-grid\" data-id=\"03216a8\" data-element_type=\"widget\" data-settings=\"{&quot;eael_post_grid_columns&quot;:&quot;eael-col-4&quot;,&quot;eael_post_grid_columns_tablet&quot;:&quot;eael-col-2&quot;,&quot;eael_post_grid_columns_mobile&quot;:&quot;eael-col-1&quot;}\" data-widget_type=\"eael-post-grid.default\">\n\t\t\t\t\t<div id=\"eael-post-grid-03216a8\" class=\"eael-post-grid-container\">\n            <div class=\"eael-post-grid eael-post-appender eael-post-appender-03216a8 eael-post-grid-style-two\" data-layout-mode=\"masonry\"><article class=\"eael-grid-post eael-post-grid-column\" data-id=\"12175\">\n    <div class=\"eael-grid-post-holder\">\n        <div class=\"eael-grid-post-holder-inner\"><div class=\"eael-entry-media\"><div class=\"eael-entry-overlay fade-in\"><i class=\"fas fa-long-arrow-alt-right\" aria-hidden=\"true\"><\/i><a href=\"https:\/\/pierre-delaunay.fr\/komajiva\/destination\/nosy-komba\/\"><\/a><\/div><div class=\"eael-entry-thumbnail \">\n                            <img decoding=\"async\" src=\"https:\/\/pierre-delaunay.fr\/komajiva\/wp-content\/uploads\/nosy-komba-500x500.webp\" alt=\"nosy-komba\" \/>\n                            <\/div>\n                    <\/div><div class=\"eael-entry-wrapper\"><header class=\"eael-entry-header\"><h3 class=\"eael-entry-title\"><a class=\"eael-grid-post-link\" href=\"https:\/\/pierre-delaunay.fr\/komajiva\/destination\/nosy-komba\/\" title=\"Nosy Komba\">Nosy Komba<\/a><\/h3><\/header><div class=\"eael-entry-content\">\n                                <div class=\"eael-grid-post-excerpt\"><p>Nosy Komba : l&rsquo;\u00eele aux l\u00e9muriens Surnomm\u00e9e \u00ab\u00a0l&rsquo;\u00eele aux l\u00e9muriens\u00a0\u00bb,...<\/p><a href=\"https:\/\/pierre-delaunay.fr\/komajiva\/destination\/nosy-komba\/\" class=\"eael-post-elements-readmore-btn\">En savoir+<\/a><\/div>\n                            <\/div><div class=\"eael-entry-header-after style-two\"><div class=\"eael-entry-meta\"><\/div><\/div><\/div><\/div>\n    <\/div>\n<\/article><article class=\"eael-grid-post eael-post-grid-column\" data-id=\"12168\">\n    <div class=\"eael-grid-post-holder\">\n        <div class=\"eael-grid-post-holder-inner\"><div class=\"eael-entry-media\"><div class=\"eael-entry-overlay fade-in\"><i class=\"fas fa-long-arrow-alt-right\" aria-hidden=\"true\"><\/i><a href=\"https:\/\/pierre-delaunay.fr\/komajiva\/destination\/archipel-mitsio\/\"><\/a><\/div><div class=\"eael-entry-thumbnail \">\n                            <img decoding=\"async\" src=\"https:\/\/pierre-delaunay.fr\/komajiva\/wp-content\/uploads\/island-mada-3-500x500.webp\" alt=\"island-mada (3)\" \/>\n                            <\/div>\n                    <\/div><div class=\"eael-entry-wrapper\"><header class=\"eael-entry-header\"><h3 class=\"eael-entry-title\"><a class=\"eael-grid-post-link\" href=\"https:\/\/pierre-delaunay.fr\/komajiva\/destination\/archipel-mitsio\/\" title=\"Archipel Mitsio\">Archipel Mitsio<\/a><\/h3><\/header><div class=\"eael-entry-content\">\n                                <div class=\"eael-grid-post-excerpt\"><p>L&rsquo;Archipel des Mitsio : l&rsquo;aventure au bout du monde Pour...<\/p><a href=\"https:\/\/pierre-delaunay.fr\/komajiva\/destination\/archipel-mitsio\/\" class=\"eael-post-elements-readmore-btn\">En savoir+<\/a><\/div>\n                            <\/div><div class=\"eael-entry-header-after style-two\"><div class=\"eael-entry-meta\"><\/div><\/div><\/div><\/div>\n    <\/div>\n<\/article><article class=\"eael-grid-post eael-post-grid-column\" data-id=\"12152\">\n    <div class=\"eael-grid-post-holder\">\n        <div class=\"eael-grid-post-holder-inner\"><div class=\"eael-entry-media\"><div class=\"eael-entry-overlay fade-in\"><i class=\"fas fa-long-arrow-alt-right\" aria-hidden=\"true\"><\/i><a href=\"https:\/\/pierre-delaunay.fr\/komajiva\/destination\/nosy-sakatia\/\"><\/a><\/div><div class=\"eael-entry-thumbnail \">\n                            <img decoding=\"async\" src=\"https:\/\/pierre-delaunay.fr\/komajiva\/wp-content\/uploads\/turtul-500x500.webp\" alt=\"turtul\" \/>\n                            <\/div>\n                    <\/div><div class=\"eael-entry-wrapper\"><header class=\"eael-entry-header\"><h3 class=\"eael-entry-title\"><a class=\"eael-grid-post-link\" href=\"https:\/\/pierre-delaunay.fr\/komajiva\/destination\/nosy-sakatia\/\" title=\"Nosy Sakatia\">Nosy Sakatia<\/a><\/h3><\/header><div class=\"eael-entry-content\">\n                                <div class=\"eael-grid-post-excerpt\"><p>Nosy Sakatia : l&rsquo;\u00eele aux orchid\u00e9es et aux tortues Connue...<\/p><a href=\"https:\/\/pierre-delaunay.fr\/komajiva\/destination\/nosy-sakatia\/\" class=\"eael-post-elements-readmore-btn\">En savoir+<\/a><\/div>\n                            <\/div><div class=\"eael-entry-header-after style-two\"><div class=\"eael-entry-meta\"><\/div><\/div><\/div><\/div>\n    <\/div>\n<\/article><article class=\"eael-grid-post eael-post-grid-column\" data-id=\"12147\">\n    <div class=\"eael-grid-post-holder\">\n        <div class=\"eael-grid-post-holder-inner\"><div class=\"eael-entry-media\"><div class=\"eael-entry-overlay fade-in\"><i class=\"fas fa-long-arrow-alt-right\" aria-hidden=\"true\"><\/i><a href=\"https:\/\/pierre-delaunay.fr\/komajiva\/destination\/nosy-iranja\/\"><\/a><\/div><div class=\"eael-entry-thumbnail \">\n                            <img decoding=\"async\" src=\"https:\/\/pierre-delaunay.fr\/komajiva\/wp-content\/uploads\/nosy-Iranja-500x500.webp\" alt=\"nosy-Iranja\" \/>\n                            <\/div>\n                    <\/div><div class=\"eael-entry-wrapper\"><header class=\"eael-entry-header\"><h3 class=\"eael-entry-title\"><a class=\"eael-grid-post-link\" href=\"https:\/\/pierre-delaunay.fr\/komajiva\/destination\/nosy-iranja\/\" title=\"Nosy Iranja\">Nosy Iranja<\/a><\/h3><\/header><div class=\"eael-entry-content\">\n                                <div class=\"eael-grid-post-excerpt\"><p>Nosy Iranja : l&rsquo;\u00eele aux deux visages Compos\u00e9e de deux...<\/p><a href=\"https:\/\/pierre-delaunay.fr\/komajiva\/destination\/nosy-iranja\/\" class=\"eael-post-elements-readmore-btn\">En savoir+<\/a><\/div>\n                            <\/div><div class=\"eael-entry-header-after style-two\"><div class=\"eael-entry-meta\"><\/div><\/div><\/div><\/div>\n    <\/div>\n<\/article><\/div>\n            <div class=\"clearfix\"><\/div>\n        <\/div>\t\t\t\t<\/div>\n\t\t\t\t<div class=\"elementor-element elementor-element-863aa09 elementor-widget elementor-widget-eael-cta-box\" data-id=\"863aa09\" data-element_type=\"widget\" data-widget_type=\"eael-cta-box.default\">\n\t\t\t\t\t\t\t\t<div class=\"eael-call-to-action cta-flex bg-lite cta-preset-1\">\n\t    <div class=\"content\">\n            <h4 class=\"title eael-cta-heading\">Que vous r\u00eaviez d'une journ\u00e9e de farniente sur une plage d\u00e9serte ou d'une plong\u00e9e spectaculaire, nous avons l'excursion qu'il vous faut.<\/h4><h4 class=\"elementor-heading-title elementor-size-default elementor-inline-editing pen\">N'h\u00e9sitez pas \u00e0 nous contacter pour organiser votre prochaine aventure.<\/h4>\t    <\/div>\n\t    <div class=\"action\">\n\t        <a href=\"https:\/\/pierre-delaunay.fr\/komajiva\/contact\/\" class=\"cta-button cta-preset-1  \">CONTACT<\/a>\t    <\/div>\n\t<\/div>\n\t\t\t\t\t\t\t<\/div>\n\t\t\t\t\t<\/div>\n\t\t\t\t<\/div>\n\t\t\t\t<\/div>\n\t\t","protected":false},"excerpt":{"rendered":"<p>Pr\u00e9parez-vous \u00e0 vivre des moments inoubliables au c\u0153ur d&rsquo;un archipel aux eaux turquoise et aux plages de sable blanc. Nos excursions en bateau : votre porte d&rsquo;entr\u00e9e vers l&rsquo;\u00e9merveillement Nous vous proposons une s\u00e9lection d&rsquo;excursions en bateau pour explorer les tr\u00e9sors cach\u00e9s de l&rsquo;archipel de Nosy Be. Laissez-vous guider par nos capitaines exp\u00e9riment\u00e9s qui vous [&hellip;]<\/p>\n","protected":false},"author":1,"featured_media":0,"parent":0,"menu_order":0,"comment_status":"closed","ping_status":"closed","template":"","meta":{"inline_featured_image":false,"footnotes":""},"class_list":["post-12145","page","type-page","status-publish","hentry"],"yoast_head":"<!-- This site is optimized with the Yoast SEO plugin v25.7 - https:\/\/yoast.com\/wordpress\/plugins\/seo\/ -->\n<title>Nos destinations - Komajiva Excursions<\/title>\n<meta name=\"robots\" content=\"noindex, follow, max-snippet:-1, max-image-preview:large, max-video-preview:-1\" \/>\n<meta property=\"og:locale\" content=\"fr_FR\" \/>\n<meta property=\"og:type\" content=\"article\" \/>\n<meta property=\"og:title\" content=\"Nos destinations - Komajiva Excursions\" \/>\n<meta property=\"og:description\" content=\"Pr\u00e9parez-vous \u00e0 vivre des moments inoubliables au c\u0153ur d&rsquo;un archipel aux eaux turquoise et aux plages de sable blanc. Nos excursions en bateau : votre porte d&rsquo;entr\u00e9e vers l&rsquo;\u00e9merveillement Nous vous proposons une s\u00e9lection d&rsquo;excursions en bateau pour explorer les tr\u00e9sors cach\u00e9s de l&rsquo;archipel de Nosy Be. Laissez-vous guider par nos capitaines exp\u00e9riment\u00e9s qui vous [&hellip;]\" \/>\n<meta property=\"og:url\" content=\"https:\/\/pierre-delaunay.fr\/komajiva\/nos-destinations\/\" \/>\n<meta property=\"og:site_name\" content=\"Komajiva Excursions\" \/>\n<meta property=\"article:publisher\" content=\"https:\/\/www.facebook.com\/komajiva.excursions\" \/>\n<meta property=\"article:modified_time\" content=\"2025-08-20T08:04:18+00:00\" \/>\n<meta property=\"og:image\" content=\"https:\/\/pierre-delaunay.fr\/komajiva\/wp-content\/uploads\/nosy-komba-500x500.webp\" \/>\n<meta name=\"twitter:card\" content=\"summary_large_image\" \/>\n<meta name=\"twitter:label1\" content=\"Dur\u00e9e de lecture estim\u00e9e\" \/>\n\t<meta name=\"twitter:data1\" content=\"2 minutes\" \/>\n<script type=\"application\/ld+json\" class=\"yoast-schema-graph\">{\"@context\":\"https:\/\/schema.org\",\"@graph\":[{\"@type\":\"WebPage\",\"@id\":\"https:\/\/pierre-delaunay.fr\/komajiva\/nos-destinations\/\",\"url\":\"https:\/\/pierre-delaunay.fr\/komajiva\/nos-destinations\/\",\"name\":\"Nos destinations - Komajiva Excursions\",\"isPartOf\":{\"@id\":\"https:\/\/pierre-delaunay.fr\/komajiva\/#website\"},\"primaryImageOfPage\":{\"@id\":\"https:\/\/pierre-delaunay.fr\/komajiva\/nos-destinations\/#primaryimage\"},\"image\":{\"@id\":\"https:\/\/pierre-delaunay.fr\/komajiva\/nos-destinations\/#primaryimage\"},\"thumbnailUrl\":\"https:\/\/pierre-delaunay.fr\/komajiva\/wp-content\/uploads\/nosy-komba-500x500.webp\",\"datePublished\":\"2025-08-12T07:08:23+00:00\",\"dateModified\":\"2025-08-20T08:04:18+00:00\",\"breadcrumb\":{\"@id\":\"https:\/\/pierre-delaunay.fr\/komajiva\/nos-destinations\/#breadcrumb\"},\"inLanguage\":\"fr-FR\",\"potentialAction\":[{\"@type\":\"ReadAction\",\"target\":[\"https:\/\/pierre-delaunay.fr\/komajiva\/nos-destinations\/\"]}]},{\"@type\":\"ImageObject\",\"inLanguage\":\"fr-FR\",\"@id\":\"https:\/\/pierre-delaunay.fr\/komajiva\/nos-destinations\/#primaryimage\",\"url\":\"https:\/\/pierre-delaunay.fr\/komajiva\/wp-content\/uploads\/nosy-komba-500x500.webp\",\"contentUrl\":\"https:\/\/pierre-delaunay.fr\/komajiva\/wp-content\/uploads\/nosy-komba-500x500.webp\"},{\"@type\":\"BreadcrumbList\",\"@id\":\"https:\/\/pierre-delaunay.fr\/komajiva\/nos-destinations\/#breadcrumb\",\"itemListElement\":[{\"@type\":\"ListItem\",\"position\":1,\"name\":\"Accueil\",\"item\":\"https:\/\/pierre-delaunay.fr\/komajiva\/\"},{\"@type\":\"ListItem\",\"position\":2,\"name\":\"Nos destinations\"}]},{\"@type\":\"WebSite\",\"@id\":\"https:\/\/pierre-delaunay.fr\/komajiva\/#website\",\"url\":\"https:\/\/pierre-delaunay.fr\/komajiva\/\",\"name\":\"Komajiva Excursions\",\"description\":\"Nosy Be Madagascar\",\"publisher\":{\"@id\":\"https:\/\/pierre-delaunay.fr\/komajiva\/#organization\"},\"potentialAction\":[{\"@type\":\"SearchAction\",\"target\":{\"@type\":\"EntryPoint\",\"urlTemplate\":\"https:\/\/pierre-delaunay.fr\/komajiva\/?s={search_term_string}\"},\"query-input\":{\"@type\":\"PropertyValueSpecification\",\"valueRequired\":true,\"valueName\":\"search_term_string\"}}],\"inLanguage\":\"fr-FR\"},{\"@type\":\"Organization\",\"@id\":\"https:\/\/pierre-delaunay.fr\/komajiva\/#organization\",\"name\":\"Komajiva Excursions\",\"url\":\"https:\/\/pierre-delaunay.fr\/komajiva\/\",\"logo\":{\"@type\":\"ImageObject\",\"inLanguage\":\"fr-FR\",\"@id\":\"https:\/\/pierre-delaunay.fr\/komajiva\/#\/schema\/logo\/image\/\",\"url\":\"https:\/\/pierre-delaunay.fr\/komajiva\/wp-content\/uploads\/2025\/08\/cropped-logo-komajiva-bleu.webp\",\"contentUrl\":\"https:\/\/pierre-delaunay.fr\/komajiva\/wp-content\/uploads\/2025\/08\/cropped-logo-komajiva-bleu.webp\",\"width\":872,\"height\":333,\"caption\":\"Komajiva Excursions\"},\"image\":{\"@id\":\"https:\/\/pierre-delaunay.fr\/komajiva\/#\/schema\/logo\/image\/\"},\"sameAs\":[\"https:\/\/www.facebook.com\/komajiva.excursions\",\"https:\/\/www.youtube.com\/@KomajivaExcursions\"]}]}<\/script>\n<!-- \/ Yoast SEO plugin. -->","yoast_head_json":{"title":"Nos destinations - Komajiva Excursions","robots":{"index":"noindex","follow":"follow","max-snippet":"max-snippet:-1","max-image-preview":"max-image-preview:large","max-video-preview":"max-video-preview:-1"},"og_locale":"fr_FR","og_type":"article","og_title":"Nos destinations - Komajiva Excursions","og_description":"Pr\u00e9parez-vous \u00e0 vivre des moments inoubliables au c\u0153ur d&rsquo;un archipel aux eaux turquoise et aux plages de sable blanc. Nos excursions en bateau : votre porte d&rsquo;entr\u00e9e vers l&rsquo;\u00e9merveillement Nous vous proposons une s\u00e9lection d&rsquo;excursions en bateau pour explorer les tr\u00e9sors cach\u00e9s de l&rsquo;archipel de Nosy Be. Laissez-vous guider par nos capitaines exp\u00e9riment\u00e9s qui vous [&hellip;]","og_url":"https:\/\/pierre-delaunay.fr\/komajiva\/nos-destinations\/","og_site_name":"Komajiva Excursions","article_publisher":"https:\/\/www.facebook.com\/komajiva.excursions","article_modified_time":"2025-08-20T08:04:18+00:00","og_image":[{"url":"https:\/\/pierre-delaunay.fr\/komajiva\/wp-content\/uploads\/nosy-komba-500x500.webp","type":"","width":"","height":""}],"twitter_card":"summary_large_image","twitter_misc":{"Dur\u00e9e de lecture estim\u00e9e":"2 minutes"},"schema":{"@context":"https:\/\/schema.org","@graph":[{"@type":"WebPage","@id":"https:\/\/pierre-delaunay.fr\/komajiva\/nos-destinations\/","url":"https:\/\/pierre-delaunay.fr\/komajiva\/nos-destinations\/","name":"Nos destinations - Komajiva Excursions","isPartOf":{"@id":"https:\/\/pierre-delaunay.fr\/komajiva\/#website"},"primaryImageOfPage":{"@id":"https:\/\/pierre-delaunay.fr\/komajiva\/nos-destinations\/#primaryimage"},"image":{"@id":"https:\/\/pierre-delaunay.fr\/komajiva\/nos-destinations\/#primaryimage"},"thumbnailUrl":"https:\/\/pierre-delaunay.fr\/komajiva\/wp-content\/uploads\/nosy-komba-500x500.webp","datePublished":"2025-08-12T07:08:23+00:00","dateModified":"2025-08-20T08:04:18+00:00","breadcrumb":{"@id":"https:\/\/pierre-delaunay.fr\/komajiva\/nos-destinations\/#breadcrumb"},"inLanguage":"fr-FR","potentialAction":[{"@type":"ReadAction","target":["https:\/\/pierre-delaunay.fr\/komajiva\/nos-destinations\/"]}]},{"@type":"ImageObject","inLanguage":"fr-FR","@id":"https:\/\/pierre-delaunay.fr\/komajiva\/nos-destinations\/#primaryimage","url":"https:\/\/pierre-delaunay.fr\/komajiva\/wp-content\/uploads\/nosy-komba-500x500.webp","contentUrl":"https:\/\/pierre-delaunay.fr\/komajiva\/wp-content\/uploads\/nosy-komba-500x500.webp"},{"@type":"BreadcrumbList","@id":"https:\/\/pierre-delaunay.fr\/komajiva\/nos-destinations\/#breadcrumb","itemListElement":[{"@type":"ListItem","position":1,"name":"Accueil","item":"https:\/\/pierre-delaunay.fr\/komajiva\/"},{"@type":"ListItem","position":2,"name":"Nos destinations"}]},{"@type":"WebSite","@id":"https:\/\/pierre-delaunay.fr\/komajiva\/#website","url":"https:\/\/pierre-delaunay.fr\/komajiva\/","name":"Komajiva Excursions","description":"Nosy Be Madagascar","publisher":{"@id":"https:\/\/pierre-delaunay.fr\/komajiva\/#organization"},"potentialAction":[{"@type":"SearchAction","target":{"@type":"EntryPoint","urlTemplate":"https:\/\/pierre-delaunay.fr\/komajiva\/?s={search_term_string}"},"query-input":{"@type":"PropertyValueSpecification","valueRequired":true,"valueName":"search_term_string"}}],"inLanguage":"fr-FR"},{"@type":"Organization","@id":"https:\/\/pierre-delaunay.fr\/komajiva\/#organization","name":"Komajiva Excursions","url":"https:\/\/pierre-delaunay.fr\/komajiva\/","logo":{"@type":"ImageObject","inLanguage":"fr-FR","@id":"https:\/\/pierre-delaunay.fr\/komajiva\/#\/schema\/logo\/image\/","url":"https:\/\/pierre-delaunay.fr\/komajiva\/wp-content\/uploads\/2025\/08\/cropped-logo-komajiva-bleu.webp","contentUrl":"https:\/\/pierre-delaunay.fr\/komajiva\/wp-content\/uploads\/2025\/08\/cropped-logo-komajiva-bleu.webp","width":872,"height":333,"caption":"Komajiva Excursions"},"image":{"@id":"https:\/\/pierre-delaunay.fr\/komajiva\/#\/schema\/logo\/image\/"},"sameAs":["https:\/\/www.facebook.com\/komajiva.excursions","https:\/\/www.youtube.com\/@KomajivaExcursions"]}]}},"_links":{"self":[{"href":"https:\/\/pierre-delaunay.fr\/komajiva\/wp-json\/wp\/v2\/pages\/12145","targetHints":{"allow":["GET"]}}],"collection":[{"href":"https:\/\/pierre-delaunay.fr\/komajiva\/wp-json\/wp\/v2\/pages"}],"about":[{"href":"https:\/\/pierre-delaunay.fr\/komajiva\/wp-json\/wp\/v2\/types\/page"}],"author":[{"embeddable":true,"href":"https:\/\/pierre-delaunay.fr\/komajiva\/wp-json\/wp\/v2\/users\/1"}],"replies":[{"embeddable":true,"href":"https:\/\/pierre-delaunay.fr\/komajiva\/wp-json\/wp\/v2\/comments?post=12145"}],"version-history":[{"count":5,"href":"https:\/\/pierre-delaunay.fr\/komajiva\/wp-json\/wp\/v2\/pages\/12145\/revisions"}],"predecessor-version":[{"id":12455,"href":"https:\/\/pierre-delaunay.fr\/komajiva\/wp-json\/wp\/v2\/pages\/12145\/revisions\/12455"}],"wp:attachment":[{"href":"https:\/\/pierre-delaunay.fr\/komajiva\/wp-json\/wp\/v2\/media?parent=12145"}],"curies":[{"name":"wp","href":"https:\/\/api.w.org\/{rel}","templated":true}]}}