{"id":19427,"date":"2025-03-24T13:04:25","date_gmt":"2025-03-24T12:04:25","guid":{"rendered":"https:\/\/pierre-delaunay.fr\/heavenimmo\/?page_id=19427"},"modified":"2025-03-24T13:09:05","modified_gmt":"2025-03-24T12:09:05","slug":"blog","status":"publish","type":"page","link":"https:\/\/pierre-delaunay.fr\/heavenimmo\/blog\/","title":{"rendered":"Blog"},"content":{"rendered":"\n<p>D\u00e9couvrez notre blog, votre source d&rsquo;informations privil\u00e9gi\u00e9e sur le march\u00e9 immobilier local. Actualit\u00e9s du secteur, conseils d&rsquo;experts, guides pratiques et tendances : nous partageons notre expertise pour vous accompagner dans tous vos projets immobiliers. Restez inform\u00e9 et faites les meilleurs choix !<\/p>\n","protected":false},"excerpt":{"rendered":"<p>D\u00e9couvrez notre blog, votre source d&rsquo;informations privil\u00e9gi\u00e9e sur le march\u00e9 immobilier local. Actualit\u00e9s du secteur, conseils d&rsquo;experts, guides pratiques et tendances : nous partageons notre expertise pour vous accompagner dans tous vos projets immobiliers. Restez inform\u00e9 et faites les meilleurs choix !<\/p>\n","protected":false},"author":1,"featured_media":0,"parent":0,"menu_order":0,"comment_status":"closed","ping_status":"closed","template":"page-templates\/blog_list.php","meta":{"inline_featured_image":false,"footnotes":""},"class_list":["post-19427","page","type-page","status-publish","hentry"],"_links":{"self":[{"href":"https:\/\/pierre-delaunay.fr\/heavenimmo\/wp-json\/wp\/v2\/pages\/19427","targetHints":{"allow":["GET"]}}],"collection":[{"href":"https:\/\/pierre-delaunay.fr\/heavenimmo\/wp-json\/wp\/v2\/pages"}],"about":[{"href":"https:\/\/pierre-delaunay.fr\/heavenimmo\/wp-json\/wp\/v2\/types\/page"}],"author":[{"embeddable":true,"href":"https:\/\/pierre-delaunay.fr\/heavenimmo\/wp-json\/wp\/v2\/users\/1"}],"replies":[{"embeddable":true,"href":"https:\/\/pierre-delaunay.fr\/heavenimmo\/wp-json\/wp\/v2\/comments?post=19427"}],"version-history":[{"count":3,"href":"https:\/\/pierre-delaunay.fr\/heavenimmo\/wp-json\/wp\/v2\/pages\/19427\/revisions"}],"predecessor-version":[{"id":19431,"href":"https:\/\/pierre-delaunay.fr\/heavenimmo\/wp-json\/wp\/v2\/pages\/19427\/revisions\/19431"}],"wp:attachment":[{"href":"https:\/\/pierre-delaunay.fr\/heavenimmo\/wp-json\/wp\/v2\/media?parent=19427"}],"curies":[{"name":"wp","href":"https:\/\/api.w.org\/{rel}","templated":true}]}}